
{"id":949,"date":"2023-03-17T17:34:31","date_gmt":"2023-03-17T20:34:31","guid":{"rendered":"https:\/\/moderniza.me\/virtualx\/product\/impressora-termica-sunmi-v2\/"},"modified":"2023-04-18T17:10:28","modified_gmt":"2023-04-18T20:10:28","slug":"impressora-termica-sunmi-v2","status":"publish","type":"product","link":"https:\/\/moderniza.me\/virtualx\/product\/impressora-termica-sunmi-v2\/","title":{"rendered":"Impressora T\u00e9rmica Sunmi V2"},"content":{"rendered":"<p>Marca: Tec Toy<br \/>\nSobre este item:<br \/>\nAproveite os dias agitados com o mecanismo de impress\u00e3o de \u00faltima gera\u00e7\u00e3o da V2.<br \/>\nSuporte para rolos de 58 mm de largura e 50 mm de di\u00e2metro externo para dobrar a capacidade.<br \/>\nWi-Fi de banda dupla: O Wi-Fi de banda dupla de 2,4 GHz \/ 5 GHz aumenta a velocidade de transmiss\u00e3o e reduz significativamente os erros causados pelo congestionamento de frequ\u00eancia.<br \/>\nConectividade 4G: Fique conectado a qualquer hora e em qualquer lugar<br \/>\nCarregamento r\u00e1pido, longo tempo de uso e alto volume.<\/p>\n","protected":false},"excerpt":{"rendered":"<p>Impressora T\u00e9rmica Sunmi V2<\/p>\n","protected":false},"featured_media":944,"comment_status":"open","ping_status":"closed","template":"","meta":[],"yoast_head":"<!-- This site is optimized with the Yoast SEO plugin v15.7 - https:\/\/yoast.com\/wordpress\/plugins\/seo\/ -->\n<title>Impressora T\u00e9rmica Sunmi V2 &ndash;<\/title>\n<meta name=\"robots\" content=\"index, follow, max-snippet:-1, max-image-preview:large, max-video-preview:-1\" \/>\n<link rel=\"canonical\" href=\"https:\/\/moderniza.me\/virtualx\/product\/impressora-termica-sunmi-v2\/\" \/>\n<meta property=\"og:locale\" content=\"pt_BR\" \/>\n<meta property=\"og:type\" content=\"article\" \/>\n<meta property=\"og:title\" content=\"Impressora T\u00e9rmica Sunmi V2 &ndash;\" \/>\n<meta property=\"og:description\" content=\"Impressora T\u00e9rmica Sunmi V2\" \/>\n<meta property=\"og:url\" content=\"https:\/\/moderniza.me\/virtualx\/product\/impressora-termica-sunmi-v2\/\" \/>\n<meta property=\"article:modified_time\" content=\"2023-04-18T20:10:28+00:00\" \/>\n<meta name=\"twitter:card\" content=\"summary_large_image\" \/>\n<script type=\"application\/ld+json\" class=\"yoast-schema-graph\">{\"@context\":\"https:\/\/schema.org\",\"@graph\":[{\"@type\":\"Organization\",\"@id\":\"https:\/\/moderniza.me\/virtualx\/#organization\",\"name\":\"Virtual X\",\"url\":\"https:\/\/moderniza.me\/virtualx\/\",\"sameAs\":[],\"logo\":{\"@type\":\"ImageObject\",\"@id\":\"https:\/\/moderniza.me\/virtualx\/#logo\",\"inLanguage\":\"pt-BR\",\"url\":\"https:\/\/moderniza.me\/virtualx\/wp-content\/uploads\/sites\/73\/2021\/01\/logo-2.jpg\",\"width\":333,\"height\":130,\"caption\":\"Virtual X\"},\"image\":{\"@id\":\"https:\/\/moderniza.me\/virtualx\/#logo\"}},{\"@type\":\"WebSite\",\"@id\":\"https:\/\/moderniza.me\/virtualx\/#website\",\"url\":\"https:\/\/moderniza.me\/virtualx\/\",\"name\":\"\",\"description\":\"Compre Online de Lojas Virtuais\",\"publisher\":{\"@id\":\"https:\/\/moderniza.me\/virtualx\/#organization\"},\"potentialAction\":[{\"@type\":\"SearchAction\",\"target\":\"https:\/\/moderniza.me\/virtualx\/?s={search_term_string}\",\"query-input\":\"required name=search_term_string\"}],\"inLanguage\":\"pt-BR\"},{\"@type\":\"ImageObject\",\"@id\":\"https:\/\/moderniza.me\/virtualx\/product\/impressora-termica-sunmi-v2\/#primaryimage\",\"inLanguage\":\"pt-BR\",\"url\":\"https:\/\/moderniza.me\/virtualx\/wp-content\/uploads\/sites\/73\/2023\/03\/3412_0.png\",\"width\":800,\"height\":800},{\"@type\":[\"WebPage\",\"ItemPage\"],\"@id\":\"https:\/\/moderniza.me\/virtualx\/product\/impressora-termica-sunmi-v2\/#webpage\",\"url\":\"https:\/\/moderniza.me\/virtualx\/product\/impressora-termica-sunmi-v2\/\",\"name\":\"Impressora T\\u00e9rmica Sunmi V2 &ndash;\",\"isPartOf\":{\"@id\":\"https:\/\/moderniza.me\/virtualx\/#website\"},\"primaryImageOfPage\":{\"@id\":\"https:\/\/moderniza.me\/virtualx\/product\/impressora-termica-sunmi-v2\/#primaryimage\"},\"datePublished\":\"2023-03-17T20:34:31+00:00\",\"dateModified\":\"2023-04-18T20:10:28+00:00\",\"inLanguage\":\"pt-BR\",\"potentialAction\":[{\"@type\":\"ReadAction\",\"target\":[\"https:\/\/moderniza.me\/virtualx\/product\/impressora-termica-sunmi-v2\/\"]}]}]}<\/script>\n<!-- \/ Yoast SEO plugin. -->","_links":{"self":[{"href":"https:\/\/moderniza.me\/virtualx\/wp-json\/wp\/v2\/product\/949"}],"collection":[{"href":"https:\/\/moderniza.me\/virtualx\/wp-json\/wp\/v2\/product"}],"about":[{"href":"https:\/\/moderniza.me\/virtualx\/wp-json\/wp\/v2\/types\/product"}],"replies":[{"embeddable":true,"href":"https:\/\/moderniza.me\/virtualx\/wp-json\/wp\/v2\/comments?post=949"}],"wp:featuredmedia":[{"embeddable":true,"href":"https:\/\/moderniza.me\/virtualx\/wp-json\/wp\/v2\/media\/944"}],"wp:attachment":[{"href":"https:\/\/moderniza.me\/virtualx\/wp-json\/wp\/v2\/media?parent=949"}],"curies":[{"name":"wp","href":"https:\/\/api.w.org\/{rel}","templated":true}]}}