
{"id":936,"date":"2023-03-17T16:17:32","date_gmt":"2023-03-17T19:17:32","guid":{"rendered":"https:\/\/moderniza.me\/virtualx\/product\/impressora-termica-elgin-bematech\/"},"modified":"2023-04-24T10:00:10","modified_gmt":"2023-04-24T13:00:10","slug":"impressora-termica-elgin-bematech","status":"publish","type":"product","link":"https:\/\/moderniza.me\/virtualx\/product\/impressora-termica-elgin-bematech\/","title":{"rendered":"Impressora T\u00e9rmica Elgin Bematech"},"content":{"rendered":"<p>Marca: Elgin<br \/>\nJ\u00e1 consagrada no mercado de impress\u00e3o de cupons de NFC-e \/ SAT, a fam\u00edlia de impressoras t\u00e9rmicas Elgin agora tem mais um membro. Conhe\u00e7a a Impressora i8 com 3 interfaces de comunica\u00e7\u00e3o j\u00e1 inclusas (USB + Ethernet + Serial), Guilhotina, e alta velocidade de impress\u00e3o.<\/p>\n<p>Investimento x Benef\u00edcio<\/p>\n<p>A i8 \u00e9 perfeita para pequenos e m\u00e9dios estabelecimentos, com excelente custo benef\u00edcio para atender as demandas de impress\u00e3o no ponto de venda.<\/p>\n<p>Guilhotina para corte autom\u00e1tico<\/p>\n<p>Os cupons podem ser cortados automaticamente a cada impress\u00e3o, agilizando o atendimento no caixa.<\/p>\n","protected":false},"excerpt":{"rendered":"<p>Impressora T\u00e9rmica Elgin Bematech<\/p>\n","protected":false},"featured_media":937,"comment_status":"open","ping_status":"closed","template":"","meta":[],"yoast_head":"<!-- This site is optimized with the Yoast SEO plugin v15.7 - https:\/\/yoast.com\/wordpress\/plugins\/seo\/ -->\n<title>Impressora T\u00e9rmica Elgin Bematech &ndash;<\/title>\n<meta name=\"robots\" content=\"index, follow, max-snippet:-1, max-image-preview:large, max-video-preview:-1\" \/>\n<link rel=\"canonical\" href=\"https:\/\/moderniza.me\/virtualx\/product\/impressora-termica-elgin-bematech\/\" \/>\n<meta property=\"og:locale\" content=\"pt_BR\" \/>\n<meta property=\"og:type\" content=\"article\" \/>\n<meta property=\"og:title\" content=\"Impressora T\u00e9rmica Elgin Bematech &ndash;\" \/>\n<meta property=\"og:description\" content=\"Impressora T\u00e9rmica Elgin Bematech\" \/>\n<meta property=\"og:url\" content=\"https:\/\/moderniza.me\/virtualx\/product\/impressora-termica-elgin-bematech\/\" \/>\n<meta property=\"article:modified_time\" content=\"2023-04-24T13:00:10+00:00\" \/>\n<meta name=\"twitter:card\" content=\"summary_large_image\" \/>\n<script type=\"application\/ld+json\" class=\"yoast-schema-graph\">{\"@context\":\"https:\/\/schema.org\",\"@graph\":[{\"@type\":\"Organization\",\"@id\":\"https:\/\/moderniza.me\/virtualx\/#organization\",\"name\":\"Virtual X\",\"url\":\"https:\/\/moderniza.me\/virtualx\/\",\"sameAs\":[],\"logo\":{\"@type\":\"ImageObject\",\"@id\":\"https:\/\/moderniza.me\/virtualx\/#logo\",\"inLanguage\":\"pt-BR\",\"url\":\"https:\/\/moderniza.me\/virtualx\/wp-content\/uploads\/sites\/73\/2021\/01\/logo-2.jpg\",\"width\":333,\"height\":130,\"caption\":\"Virtual X\"},\"image\":{\"@id\":\"https:\/\/moderniza.me\/virtualx\/#logo\"}},{\"@type\":\"WebSite\",\"@id\":\"https:\/\/moderniza.me\/virtualx\/#website\",\"url\":\"https:\/\/moderniza.me\/virtualx\/\",\"name\":\"\",\"description\":\"Compre Online de Lojas Virtuais\",\"publisher\":{\"@id\":\"https:\/\/moderniza.me\/virtualx\/#organization\"},\"potentialAction\":[{\"@type\":\"SearchAction\",\"target\":\"https:\/\/moderniza.me\/virtualx\/?s={search_term_string}\",\"query-input\":\"required name=search_term_string\"}],\"inLanguage\":\"pt-BR\"},{\"@type\":\"ImageObject\",\"@id\":\"https:\/\/moderniza.me\/virtualx\/product\/impressora-termica-elgin-bematech\/#primaryimage\",\"inLanguage\":\"pt-BR\",\"url\":\"https:\/\/moderniza.me\/virtualx\/wp-content\/uploads\/sites\/73\/2023\/03\/3413_0.png\",\"width\":484,\"height\":399},{\"@type\":[\"WebPage\",\"ItemPage\"],\"@id\":\"https:\/\/moderniza.me\/virtualx\/product\/impressora-termica-elgin-bematech\/#webpage\",\"url\":\"https:\/\/moderniza.me\/virtualx\/product\/impressora-termica-elgin-bematech\/\",\"name\":\"Impressora T\\u00e9rmica Elgin Bematech &ndash;\",\"isPartOf\":{\"@id\":\"https:\/\/moderniza.me\/virtualx\/#website\"},\"primaryImageOfPage\":{\"@id\":\"https:\/\/moderniza.me\/virtualx\/product\/impressora-termica-elgin-bematech\/#primaryimage\"},\"datePublished\":\"2023-03-17T19:17:32+00:00\",\"dateModified\":\"2023-04-24T13:00:10+00:00\",\"inLanguage\":\"pt-BR\",\"potentialAction\":[{\"@type\":\"ReadAction\",\"target\":[\"https:\/\/moderniza.me\/virtualx\/product\/impressora-termica-elgin-bematech\/\"]}]}]}<\/script>\n<!-- \/ Yoast SEO plugin. -->","_links":{"self":[{"href":"https:\/\/moderniza.me\/virtualx\/wp-json\/wp\/v2\/product\/936"}],"collection":[{"href":"https:\/\/moderniza.me\/virtualx\/wp-json\/wp\/v2\/product"}],"about":[{"href":"https:\/\/moderniza.me\/virtualx\/wp-json\/wp\/v2\/types\/product"}],"replies":[{"embeddable":true,"href":"https:\/\/moderniza.me\/virtualx\/wp-json\/wp\/v2\/comments?post=936"}],"wp:featuredmedia":[{"embeddable":true,"href":"https:\/\/moderniza.me\/virtualx\/wp-json\/wp\/v2\/media\/937"}],"wp:attachment":[{"href":"https:\/\/moderniza.me\/virtualx\/wp-json\/wp\/v2\/media?parent=936"}],"curies":[{"name":"wp","href":"https:\/\/api.w.org\/{rel}","templated":true}]}}