
{"id":901,"date":"2023-01-19T10:14:18","date_gmt":"2023-01-19T13:14:18","guid":{"rendered":"https:\/\/moderniza.me\/virtualx\/product\/l42-pro-impressora-de-etiquetas-desktop\/"},"modified":"2023-05-10T08:21:58","modified_gmt":"2023-05-10T11:21:58","slug":"l42-pro-impressora-de-etiquetas-desktop","status":"publish","type":"product","link":"https:\/\/moderniza.me\/virtualx\/product\/l42-pro-impressora-de-etiquetas-desktop\/","title":{"rendered":"L42 PRO IMPRESSORA DE ETIQUETAS DESKTOP"},"content":{"rendered":"<p>Marca: Elgin<br \/>\n L42 PRO IMPRESSORA DE ETIQUETAS DESKTOP<\/p>\n<p>L42 PRO IMPRESSORA DE ETIQUETAS DESKTOP<\/p>\n<p>Muito f\u00e1cil de usar e extremamente vers\u00e1til, a L42 PRO \u00e9 fabricada no Brasil, trazendo tranquilidade e seguran\u00e7a com Assist\u00eancia e Suporte T\u00e9cnico, al\u00e9m do menor custo operacional da categoria.<\/p>\n<p>Imprime os mais diversos tipos de etiquetas: G\u00f4ndola, TAG, Couche, BOPP, Vinil, Poliester, Etiquetas t\u00e9rmicas, etc; com GAP, Tarja Preta (Black Mark) ou Cont\u00ednuo, em diversos formatos e tamanhos: Quadradas, Retangulares, Redondas, com v\u00e1rias colunas, etc; pode utilizar Ribbon de Cera ou Resina ou Misto (consulte sua gr\u00e1fica fornecedora de Etiquetas e Ribbon).<\/p>\n<p>Com o software gratuito: Bartender Ultra Lite, pode-se criar e imprimir etiquetas rapidamente.<\/p>\n<p>O exclusivo painel de LEDs indicadores, \u00e9 intuitivo, e at\u00e9 mesmo um operador n\u00e3o treinado consegue identificar e solucionar eventuais problemas.<\/p>\n<p>A L42 PRO tamb\u00e9m pode ser integrada a diversos sistemas, porque sua tecnologia reconhece automaticamente as linguagens EPL \/ ZPL \/ PPLA \/ PPLB. Com alta conectividade, ela possui conex\u00e3o USB 2.0 (cabo incluso), e mais uma \u201copcional\u201d, que pode ser: Rede Ethernet ou Serial RS-232 ou Paralela<\/p>\n","protected":false},"excerpt":{"rendered":"<p> L42 PRO IMPRESSORA DE ETIQUETAS DESKTOP<\/p>\n","protected":false},"featured_media":902,"comment_status":"open","ping_status":"closed","template":"","meta":[],"yoast_head":"<!-- This site is optimized with the Yoast SEO plugin v15.7 - https:\/\/yoast.com\/wordpress\/plugins\/seo\/ -->\n<title>L42 PRO IMPRESSORA DE ETIQUETAS DESKTOP &ndash;<\/title>\n<meta name=\"robots\" content=\"index, follow, max-snippet:-1, max-image-preview:large, max-video-preview:-1\" \/>\n<link rel=\"canonical\" href=\"https:\/\/moderniza.me\/virtualx\/product\/l42-pro-impressora-de-etiquetas-desktop\/\" \/>\n<meta property=\"og:locale\" content=\"pt_BR\" \/>\n<meta property=\"og:type\" content=\"article\" \/>\n<meta property=\"og:title\" content=\"L42 PRO IMPRESSORA DE ETIQUETAS DESKTOP &ndash;\" \/>\n<meta property=\"og:description\" content=\"L42 PRO IMPRESSORA DE ETIQUETAS DESKTOP\" \/>\n<meta property=\"og:url\" content=\"https:\/\/moderniza.me\/virtualx\/product\/l42-pro-impressora-de-etiquetas-desktop\/\" \/>\n<meta property=\"article:modified_time\" content=\"2023-05-10T11:21:58+00:00\" \/>\n<meta name=\"twitter:card\" content=\"summary_large_image\" \/>\n<meta name=\"twitter:label1\" content=\"Est. reading time\">\n\t<meta name=\"twitter:data1\" content=\"1 minuto\">\n<script type=\"application\/ld+json\" class=\"yoast-schema-graph\">{\"@context\":\"https:\/\/schema.org\",\"@graph\":[{\"@type\":\"Organization\",\"@id\":\"https:\/\/moderniza.me\/virtualx\/#organization\",\"name\":\"Virtual X\",\"url\":\"https:\/\/moderniza.me\/virtualx\/\",\"sameAs\":[],\"logo\":{\"@type\":\"ImageObject\",\"@id\":\"https:\/\/moderniza.me\/virtualx\/#logo\",\"inLanguage\":\"pt-BR\",\"url\":\"https:\/\/moderniza.me\/virtualx\/wp-content\/uploads\/sites\/73\/2021\/01\/logo-2.jpg\",\"width\":333,\"height\":130,\"caption\":\"Virtual X\"},\"image\":{\"@id\":\"https:\/\/moderniza.me\/virtualx\/#logo\"}},{\"@type\":\"WebSite\",\"@id\":\"https:\/\/moderniza.me\/virtualx\/#website\",\"url\":\"https:\/\/moderniza.me\/virtualx\/\",\"name\":\"\",\"description\":\"Compre Online de Lojas Virtuais\",\"publisher\":{\"@id\":\"https:\/\/moderniza.me\/virtualx\/#organization\"},\"potentialAction\":[{\"@type\":\"SearchAction\",\"target\":\"https:\/\/moderniza.me\/virtualx\/?s={search_term_string}\",\"query-input\":\"required name=search_term_string\"}],\"inLanguage\":\"pt-BR\"},{\"@type\":\"ImageObject\",\"@id\":\"https:\/\/moderniza.me\/virtualx\/product\/l42-pro-impressora-de-etiquetas-desktop\/#primaryimage\",\"inLanguage\":\"pt-BR\",\"url\":\"https:\/\/moderniza.me\/virtualx\/wp-content\/uploads\/sites\/73\/2023\/01\/3047_0.png\",\"width\":360,\"height\":297,\"caption\":\"Impressora De Etiquetas Elgin L42 Pro\"},{\"@type\":[\"WebPage\",\"ItemPage\"],\"@id\":\"https:\/\/moderniza.me\/virtualx\/product\/l42-pro-impressora-de-etiquetas-desktop\/#webpage\",\"url\":\"https:\/\/moderniza.me\/virtualx\/product\/l42-pro-impressora-de-etiquetas-desktop\/\",\"name\":\"L42 PRO IMPRESSORA DE ETIQUETAS DESKTOP &ndash;\",\"isPartOf\":{\"@id\":\"https:\/\/moderniza.me\/virtualx\/#website\"},\"primaryImageOfPage\":{\"@id\":\"https:\/\/moderniza.me\/virtualx\/product\/l42-pro-impressora-de-etiquetas-desktop\/#primaryimage\"},\"datePublished\":\"2023-01-19T13:14:18+00:00\",\"dateModified\":\"2023-05-10T11:21:58+00:00\",\"inLanguage\":\"pt-BR\",\"potentialAction\":[{\"@type\":\"ReadAction\",\"target\":[\"https:\/\/moderniza.me\/virtualx\/product\/l42-pro-impressora-de-etiquetas-desktop\/\"]}]}]}<\/script>\n<!-- \/ Yoast SEO plugin. -->","_links":{"self":[{"href":"https:\/\/moderniza.me\/virtualx\/wp-json\/wp\/v2\/product\/901"}],"collection":[{"href":"https:\/\/moderniza.me\/virtualx\/wp-json\/wp\/v2\/product"}],"about":[{"href":"https:\/\/moderniza.me\/virtualx\/wp-json\/wp\/v2\/types\/product"}],"replies":[{"embeddable":true,"href":"https:\/\/moderniza.me\/virtualx\/wp-json\/wp\/v2\/comments?post=901"}],"wp:featuredmedia":[{"embeddable":true,"href":"https:\/\/moderniza.me\/virtualx\/wp-json\/wp\/v2\/media\/902"}],"wp:attachment":[{"href":"https:\/\/moderniza.me\/virtualx\/wp-json\/wp\/v2\/media?parent=901"}],"curies":[{"name":"wp","href":"https:\/\/api.w.org\/{rel}","templated":true}]}}