
{"id":898,"date":"2023-01-18T08:56:44","date_gmt":"2023-01-18T11:56:44","guid":{"rendered":"https:\/\/moderniza.me\/virtualx\/product\/balanca-cuora-max-30-bra-c-torre-usb-bat\/"},"modified":"2023-03-30T09:13:33","modified_gmt":"2023-03-30T12:13:33","slug":"balanca-cuora-max-30-bra-c-torre-usb-bat","status":"publish","type":"product","link":"https:\/\/moderniza.me\/virtualx\/product\/balanca-cuora-max-30-bra-c-torre-usb-bat\/","title":{"rendered":"BALANCA CUORA MAX 30 BRA C\/TORRE USB BAT"},"content":{"rendered":"<p>Marca: Systel<br \/>\nDe uso comercial.<br \/>\nFun\u00e7\u00f5es inclu\u00eddas: detec\u00e7\u00e3o de erro, pr\u00e9-embalagem e soma.<br \/>\nSuporta at\u00e9 15kg.<br \/>\nImprime tickets.<br \/>\nDisplay LCD.<br \/>\nPossui display para clientes.<br \/>\nA bandeja \u00e9 de a\u00e7o inoxid\u00e1vel.<br \/>\n4000 c\u00f3digos PLU para simplificar as opera\u00e7\u00f5es de pesagem e cobran\u00e7a.<br \/>\nInclui a tecla Tara que permite subtrair o peso dos recipientes.<br \/>\nPossui a tecla zero para restaurar o valor da balan\u00e7a.<br \/>\nConectividade: USB e RS-485.<br \/>\nTipo de alimenta\u00e7\u00e3o: corrente el\u00e9trica.<br \/>\nA solu\u00e7\u00e3o que a sua loja precisa.<br \/>\nA dura\u00e7\u00e3o da bateria depende do uso que se d\u00ea ao produto.<\/p>\n","protected":false},"excerpt":{"rendered":"<p>BALANCA CUORA MAX 30 BRA C\/TORRE USB BAT<\/p>\n","protected":false},"featured_media":897,"comment_status":"open","ping_status":"closed","template":"","meta":[],"yoast_head":"<!-- This site is optimized with the Yoast SEO plugin v15.7 - https:\/\/yoast.com\/wordpress\/plugins\/seo\/ -->\n<title>BALANCA CUORA MAX 30 BRA C\/TORRE USB BAT &ndash;<\/title>\n<meta name=\"robots\" content=\"index, follow, max-snippet:-1, max-image-preview:large, max-video-preview:-1\" \/>\n<link rel=\"canonical\" href=\"https:\/\/moderniza.me\/virtualx\/product\/balanca-cuora-max-30-bra-c-torre-usb-bat\/\" \/>\n<meta property=\"og:locale\" content=\"pt_BR\" \/>\n<meta property=\"og:type\" content=\"article\" \/>\n<meta property=\"og:title\" content=\"BALANCA CUORA MAX 30 BRA C\/TORRE USB BAT &ndash;\" \/>\n<meta property=\"og:description\" content=\"BALANCA CUORA MAX 30 BRA C\/TORRE USB BAT\" \/>\n<meta property=\"og:url\" content=\"https:\/\/moderniza.me\/virtualx\/product\/balanca-cuora-max-30-bra-c-torre-usb-bat\/\" \/>\n<meta property=\"article:modified_time\" content=\"2023-03-30T12:13:33+00:00\" \/>\n<meta name=\"twitter:card\" content=\"summary_large_image\" \/>\n<meta name=\"twitter:label1\" content=\"Est. reading time\">\n\t<meta name=\"twitter:data1\" content=\"1 minuto\">\n<script type=\"application\/ld+json\" class=\"yoast-schema-graph\">{\"@context\":\"https:\/\/schema.org\",\"@graph\":[{\"@type\":\"Organization\",\"@id\":\"https:\/\/moderniza.me\/virtualx\/#organization\",\"name\":\"Virtual X\",\"url\":\"https:\/\/moderniza.me\/virtualx\/\",\"sameAs\":[],\"logo\":{\"@type\":\"ImageObject\",\"@id\":\"https:\/\/moderniza.me\/virtualx\/#logo\",\"inLanguage\":\"pt-BR\",\"url\":\"https:\/\/moderniza.me\/virtualx\/wp-content\/uploads\/sites\/73\/2021\/01\/logo-2.jpg\",\"width\":333,\"height\":130,\"caption\":\"Virtual X\"},\"image\":{\"@id\":\"https:\/\/moderniza.me\/virtualx\/#logo\"}},{\"@type\":\"WebSite\",\"@id\":\"https:\/\/moderniza.me\/virtualx\/#website\",\"url\":\"https:\/\/moderniza.me\/virtualx\/\",\"name\":\"\",\"description\":\"Compre Online de Lojas Virtuais\",\"publisher\":{\"@id\":\"https:\/\/moderniza.me\/virtualx\/#organization\"},\"potentialAction\":[{\"@type\":\"SearchAction\",\"target\":\"https:\/\/moderniza.me\/virtualx\/?s={search_term_string}\",\"query-input\":\"required name=search_term_string\"}],\"inLanguage\":\"pt-BR\"},{\"@type\":\"ImageObject\",\"@id\":\"https:\/\/moderniza.me\/virtualx\/product\/balanca-cuora-max-30-bra-c-torre-usb-bat\/#primaryimage\",\"inLanguage\":\"pt-BR\",\"url\":\"https:\/\/moderniza.me\/virtualx\/wp-content\/uploads\/sites\/73\/2023\/01\/3390_0.png\",\"width\":351,\"height\":441,\"caption\":\"Marca: Systel Modelo: Cuora Max\"},{\"@type\":[\"WebPage\",\"ItemPage\"],\"@id\":\"https:\/\/moderniza.me\/virtualx\/product\/balanca-cuora-max-30-bra-c-torre-usb-bat\/#webpage\",\"url\":\"https:\/\/moderniza.me\/virtualx\/product\/balanca-cuora-max-30-bra-c-torre-usb-bat\/\",\"name\":\"BALANCA CUORA MAX 30 BRA C\/TORRE USB BAT &ndash;\",\"isPartOf\":{\"@id\":\"https:\/\/moderniza.me\/virtualx\/#website\"},\"primaryImageOfPage\":{\"@id\":\"https:\/\/moderniza.me\/virtualx\/product\/balanca-cuora-max-30-bra-c-torre-usb-bat\/#primaryimage\"},\"datePublished\":\"2023-01-18T11:56:44+00:00\",\"dateModified\":\"2023-03-30T12:13:33+00:00\",\"inLanguage\":\"pt-BR\",\"potentialAction\":[{\"@type\":\"ReadAction\",\"target\":[\"https:\/\/moderniza.me\/virtualx\/product\/balanca-cuora-max-30-bra-c-torre-usb-bat\/\"]}]}]}<\/script>\n<!-- \/ Yoast SEO plugin. -->","_links":{"self":[{"href":"https:\/\/moderniza.me\/virtualx\/wp-json\/wp\/v2\/product\/898"}],"collection":[{"href":"https:\/\/moderniza.me\/virtualx\/wp-json\/wp\/v2\/product"}],"about":[{"href":"https:\/\/moderniza.me\/virtualx\/wp-json\/wp\/v2\/types\/product"}],"replies":[{"embeddable":true,"href":"https:\/\/moderniza.me\/virtualx\/wp-json\/wp\/v2\/comments?post=898"}],"wp:featuredmedia":[{"embeddable":true,"href":"https:\/\/moderniza.me\/virtualx\/wp-json\/wp\/v2\/media\/897"}],"wp:attachment":[{"href":"https:\/\/moderniza.me\/virtualx\/wp-json\/wp\/v2\/media?parent=898"}],"curies":[{"name":"wp","href":"https:\/\/api.w.org\/{rel}","templated":true}]}}