
{"id":896,"date":"2023-01-18T08:27:42","date_gmt":"2023-01-18T11:27:42","guid":{"rendered":"https:\/\/moderniza.me\/virtualx\/product\/a-balanca-urano-pop-s-31-2\/"},"modified":"2023-04-18T17:10:27","modified_gmt":"2023-04-18T20:10:27","slug":"a-balanca-urano-pop-s-31-2","status":"publish","type":"product","link":"https:\/\/moderniza.me\/virtualx\/product\/a-balanca-urano-pop-s-31-2\/","title":{"rendered":"A BALAN\u00c7A URANO  POP-S 31\/2"},"content":{"rendered":"<p>Marca: Urano<br \/>\nVantagens pelo uso:<br \/>\nExcelente visibilidade das informa\u00e7\u00f5es em visor de LCD com backlight.<br \/>\nPossui tripla faixa de pesagem, com nova capacidade m\u00e1xima de 31kg, que permite na mesma balan\u00e7a realizar vendas tanto de produtos de alto valor em pequenas quantidades, como produtos de baixo valor em grandes quantidades.<br \/>\nIndica\u00e7\u00e3o de carga de bateria dispon\u00edvel no visor.<br \/>\nArmazena 99 pre\u00e7os na mem\u00f3ria.<br \/>\nFun\u00e7\u00f5es que agilizam a opera\u00e7\u00e3o di\u00e1ria: TARA, Pre\u00e7o Fixo e Modo Empacotadora.<br \/>\nCapa pl\u00e1stica protetora contra insetos (arruelas de veda\u00e7\u00e3o).<br \/>\nA substitui\u00e7\u00e3o da bateria pode ser feita pelo pr\u00f3prio usu\u00e1rio.<br \/>\nSa\u00edda serial RS232.<br \/>\nPrato de frutas para melhor aproveitamento da \u00e1rea de pesagem acess\u00f3rio opcional Urano).<br \/>\nPossibilidade de conex\u00e3o com computador via cabo serial (acess\u00f3rio opcional).<br \/>\nPossibilidade de comunica\u00e7\u00e3o com a impressora USE-CBIII atrav\u00e9s de cabo serial espec\u00edfico \u2013 c\u00f3digo 11.10.031.0499 (acess\u00f3rio opcional Urano)<br \/>\nCARACTER\u00cdSTICAS T\u00c9CNICAS<br \/>\nCapacidade x divis\u00e3o: 6kg\/15kg\/31kg x 2g\/5g\/10g \u2013 tr\u00edplice escala. (0 a 6 kg, divis\u00e3o de 2g; 6,005 a 15kg, divis\u00e3o de 5g e de 15,010 a 31kg, divis\u00e3o de 10g).<\/p>\n<p>Material da plataforma: A\u00e7o inox.<\/p>\n<p>Material da estrutura: Pl\u00e1stico injetado tipo ABS.<\/p>\n<p>Tipo de visor: LCD com backlight.<\/p>\n<p>Dimens\u00f5es do visor: 7,5 x 2cm.<\/p>\n<p>Altura dos d\u00edgitos do visor: 1,5cm.<\/p>\n<p>P\u00e9s regul\u00e1veis: Sim.<\/p>\n<p>Bateria interna: Sim.<\/p>\n<p>Conex\u00e3o para impressora Urano: Sim, via cabo adaptador opcional da Urano.<\/p>\n<p>Conex\u00e3o com computador: Sim, via cabo serial opcional.<\/p>\n<p>Dimens\u00f5es da plataforma de pesagem (LP): 268 x 218mm.<\/p>\n<p>Dimens\u00f5es do equipamento (LAP): 270 x 110 x 340mm.<\/p>\n<p>Peso: 4kg.<\/p>\n<p>FUNCIONALIDADES<br \/>\nPeso total: Sim.<\/p>\n<p>Pre\u00e7o por Kg: Sim.<\/p>\n<p>Pre\u00e7o a pagar: Sim.<\/p>\n<p>Tara: Sim.<\/p>\n<p>Pre\u00e7o fixo: Sim.<\/p>\n<p>Quantidade de mem\u00f3rias para pre\u00e7o de produto: 99.<\/p>\n<p>Modo de cadastramento: Via teclado.<\/p>\n<p>Prote\u00e7\u00e3o contra a entrada de insetos: Sim.<\/p>\n<p>Substitui\u00e7\u00e3o da bateria sem rompimento do lacre do Inmetro: Sim.<\/p>\n<p>Impress\u00e3o de c\u00f3digo de barras: Sim.<\/p>\n","protected":false},"excerpt":{"rendered":"<p>A BALAN\u00c7A URANO  POP-S 31\/2<\/p>\n","protected":false},"featured_media":895,"comment_status":"open","ping_status":"closed","template":"","meta":[],"yoast_head":"<!-- This site is optimized with the Yoast SEO plugin v15.7 - https:\/\/yoast.com\/wordpress\/plugins\/seo\/ -->\n<title>A BALAN\u00c7A URANO POP-S 31\/2 &ndash;<\/title>\n<meta name=\"robots\" content=\"index, follow, max-snippet:-1, max-image-preview:large, max-video-preview:-1\" \/>\n<link rel=\"canonical\" href=\"https:\/\/moderniza.me\/virtualx\/product\/a-balanca-urano-pop-s-31-2\/\" \/>\n<meta property=\"og:locale\" content=\"pt_BR\" \/>\n<meta property=\"og:type\" content=\"article\" \/>\n<meta property=\"og:title\" content=\"A BALAN\u00c7A URANO POP-S 31\/2 &ndash;\" \/>\n<meta property=\"og:description\" content=\"A BALAN\u00c7A URANO POP-S 31\/2\" \/>\n<meta property=\"og:url\" content=\"https:\/\/moderniza.me\/virtualx\/product\/a-balanca-urano-pop-s-31-2\/\" \/>\n<meta property=\"article:modified_time\" content=\"2023-04-18T20:10:27+00:00\" \/>\n<meta name=\"twitter:card\" content=\"summary_large_image\" \/>\n<meta name=\"twitter:label1\" content=\"Est. reading time\">\n\t<meta name=\"twitter:data1\" content=\"2 minutos\">\n<script type=\"application\/ld+json\" class=\"yoast-schema-graph\">{\"@context\":\"https:\/\/schema.org\",\"@graph\":[{\"@type\":\"Organization\",\"@id\":\"https:\/\/moderniza.me\/virtualx\/#organization\",\"name\":\"Virtual X\",\"url\":\"https:\/\/moderniza.me\/virtualx\/\",\"sameAs\":[],\"logo\":{\"@type\":\"ImageObject\",\"@id\":\"https:\/\/moderniza.me\/virtualx\/#logo\",\"inLanguage\":\"pt-BR\",\"url\":\"https:\/\/moderniza.me\/virtualx\/wp-content\/uploads\/sites\/73\/2021\/01\/logo-2.jpg\",\"width\":333,\"height\":130,\"caption\":\"Virtual X\"},\"image\":{\"@id\":\"https:\/\/moderniza.me\/virtualx\/#logo\"}},{\"@type\":\"WebSite\",\"@id\":\"https:\/\/moderniza.me\/virtualx\/#website\",\"url\":\"https:\/\/moderniza.me\/virtualx\/\",\"name\":\"\",\"description\":\"Compre Online de Lojas Virtuais\",\"publisher\":{\"@id\":\"https:\/\/moderniza.me\/virtualx\/#organization\"},\"potentialAction\":[{\"@type\":\"SearchAction\",\"target\":\"https:\/\/moderniza.me\/virtualx\/?s={search_term_string}\",\"query-input\":\"required name=search_term_string\"}],\"inLanguage\":\"pt-BR\"},{\"@type\":\"ImageObject\",\"@id\":\"https:\/\/moderniza.me\/virtualx\/product\/a-balanca-urano-pop-s-31-2\/#primaryimage\",\"inLanguage\":\"pt-BR\",\"url\":\"https:\/\/moderniza.me\/virtualx\/wp-content\/uploads\/sites\/73\/2023\/01\/3408_0.png\",\"width\":339,\"height\":286},{\"@type\":[\"WebPage\",\"ItemPage\"],\"@id\":\"https:\/\/moderniza.me\/virtualx\/product\/a-balanca-urano-pop-s-31-2\/#webpage\",\"url\":\"https:\/\/moderniza.me\/virtualx\/product\/a-balanca-urano-pop-s-31-2\/\",\"name\":\"A BALAN\\u00c7A URANO POP-S 31\/2 &ndash;\",\"isPartOf\":{\"@id\":\"https:\/\/moderniza.me\/virtualx\/#website\"},\"primaryImageOfPage\":{\"@id\":\"https:\/\/moderniza.me\/virtualx\/product\/a-balanca-urano-pop-s-31-2\/#primaryimage\"},\"datePublished\":\"2023-01-18T11:27:42+00:00\",\"dateModified\":\"2023-04-18T20:10:27+00:00\",\"inLanguage\":\"pt-BR\",\"potentialAction\":[{\"@type\":\"ReadAction\",\"target\":[\"https:\/\/moderniza.me\/virtualx\/product\/a-balanca-urano-pop-s-31-2\/\"]}]}]}<\/script>\n<!-- \/ Yoast SEO plugin. -->","_links":{"self":[{"href":"https:\/\/moderniza.me\/virtualx\/wp-json\/wp\/v2\/product\/896"}],"collection":[{"href":"https:\/\/moderniza.me\/virtualx\/wp-json\/wp\/v2\/product"}],"about":[{"href":"https:\/\/moderniza.me\/virtualx\/wp-json\/wp\/v2\/types\/product"}],"replies":[{"embeddable":true,"href":"https:\/\/moderniza.me\/virtualx\/wp-json\/wp\/v2\/comments?post=896"}],"wp:featuredmedia":[{"embeddable":true,"href":"https:\/\/moderniza.me\/virtualx\/wp-json\/wp\/v2\/media\/895"}],"wp:attachment":[{"href":"https:\/\/moderniza.me\/virtualx\/wp-json\/wp\/v2\/media?parent=896"}],"curies":[{"name":"wp","href":"https:\/\/api.w.org\/{rel}","templated":true}]}}