
{"id":889,"date":"2023-01-16T08:37:40","date_gmt":"2023-01-16T11:37:40","guid":{"rendered":"https:\/\/moderniza.me\/virtualx\/product\/pdv-d2s-com-impressora-com-1-tela-15-6-polegadas-l1551\/"},"modified":"2023-04-28T14:21:26","modified_gmt":"2023-04-28T17:21:26","slug":"pdv-d2s-com-impressora-com-1-tela-15-6-polegadas-l1551","status":"publish","type":"product","link":"https:\/\/moderniza.me\/virtualx\/product\/pdv-d2s-com-impressora-com-1-tela-15-6-polegadas-l1551\/","title":{"rendered":"PDV D2S COM IMPRESSORA COM 1 TELA 15.6 POLEGADAS L1551"},"content":{"rendered":"<p>Marca: Tec Toy<br \/>\nEspecifica\u00e7\u00f5es T\u00e9cnicas<\/p>\n<p>Configura\u00e7\u00e3o 1 \u2013 L1551<\/p>\n<p>Display Principal: 15.6\u201d FHD 1920 x 1080 capacitiva multitoque<\/p>\n<p>Configura\u00e7\u00e3o 2 \u2013 L1552<\/p>\n<p>Display Principal: 15.6\u201d FHD 1920 x 1080 capacitiva multitoque \/ Display Consumidor:10.1\u201d HD 1024 x 600<\/p>\n<p>Configura\u00e7\u00e3o 3 \u2013 L1553<\/p>\n<p>Display Principal: 15.6\u201d FHD 1920 x 1080 capacitiva multitoque \/ Display Consumidor:15.6\u201d FHD 1920 x 1080 capacitiva multitoque<\/p>\n<p>Sistema operacional<\/p>\n<p>Android 7.1, SUNMI OS<\/p>\n<p>CPU<\/p>\n<p>Cortex-A17 1.6 GHz<\/p>\n<p>Mem\u00f3ria<\/p>\n<p>2GB RAM + 8GB ROM<\/p>\n<p>Display<\/p>\n<p>15.6&#8243; FHD 1920&#215;1080<\/p>\n<p>Impressora<\/p>\n<p>Velocidade de impress\u00e3o de 160mm\/s, Durabilidade: 50km, Bobina t\u00e9rmica com 58mm largura x di\u00e2metro 60mm, Corte de papel manual<\/p>\n<p>Wi-Fi<\/p>\n<p>2,4 GHz, Atende IEEE 802.11 b\/g\/n<\/p>\n<p>Bluetooth<\/p>\n<p>Atende Bluetooth 2.1 \/ 3.0 \/ 4.2<\/p>\n<p>Alto-falante<\/p>\n<p>3W<\/p>\n<p>Adaptador de alimenta\u00e7\u00e3o<\/p>\n<p>Entrada: 100~240 VAC \/ 1.7 A, Sa\u00edda: 24 VDC \/ 2.5 A<\/p>\n<p>Interface<\/p>\n<p>4 portas USB Type-A, 1 porta serial RJ11, 1 porta gaveteiro RJ12, 1 porta RJ45 LAN, 1 porta \u00e1udio jack, 1 porta alimenta\u00e7\u00e3o, 1 porta debug Micro USB<\/p>\n<p>Peso<\/p>\n<p>2 telas (principal e consumidor): 7,53kg \/ 1 tela (principal): 6,75kg<\/p>\n<p>Meio Ambiente<\/p>\n<p>Temperatura de trabalho: 0\u00ba~40\u00ba C, Temperatura de armazenagem: -20\u00ba~60\u00ba<\/p>\n<p>Access\u00f3rios<\/p>\n<p>1 x Mini Caixa \/ 1 x Teclado \/ 1 x Suporte para teclado<br \/>\nNotas:<\/p>\n<p>1. A capacidade nominal da mem\u00f3ria ser\u00e1 reduzida em fun\u00e7\u00e3o de diversos fatores. O sistema operacional tamb\u00e9m ocupar\u00e1 parte da mem\u00f3ria.<\/p>\n<p>2. As especifica\u00e7\u00f5es reais do produto, quando ven<\/p>\n","protected":false},"excerpt":{"rendered":"<p>PDV D2S COM IMPRESSORA COM 1 TELA 15.6 POLEGADAS L1551<\/p>\n","protected":false},"featured_media":894,"comment_status":"open","ping_status":"closed","template":"","meta":[],"yoast_head":"<!-- This site is optimized with the Yoast SEO plugin v15.7 - https:\/\/yoast.com\/wordpress\/plugins\/seo\/ -->\n<title>PDV D2S COM IMPRESSORA COM 1 TELA 15.6 POLEGADAS L1551 &ndash;<\/title>\n<meta name=\"robots\" content=\"index, follow, max-snippet:-1, max-image-preview:large, max-video-preview:-1\" \/>\n<link rel=\"canonical\" href=\"https:\/\/moderniza.me\/virtualx\/product\/pdv-d2s-com-impressora-com-1-tela-15-6-polegadas-l1551\/\" \/>\n<meta property=\"og:locale\" content=\"pt_BR\" \/>\n<meta property=\"og:type\" content=\"article\" \/>\n<meta property=\"og:title\" content=\"PDV D2S COM IMPRESSORA COM 1 TELA 15.6 POLEGADAS L1551 &ndash;\" \/>\n<meta property=\"og:description\" content=\"PDV D2S COM IMPRESSORA COM 1 TELA 15.6 POLEGADAS L1551\" \/>\n<meta property=\"og:url\" content=\"https:\/\/moderniza.me\/virtualx\/product\/pdv-d2s-com-impressora-com-1-tela-15-6-polegadas-l1551\/\" \/>\n<meta property=\"article:modified_time\" content=\"2023-04-28T17:21:26+00:00\" \/>\n<meta property=\"og:image\" content=\"https:\/\/moderniza.me\/virtualx\/wp-content\/uploads\/sites\/73\/2023\/01\/3405_0.png\" \/>\n\t<meta property=\"og:image:width\" content=\"499\" \/>\n\t<meta property=\"og:image:height\" content=\"520\" \/>\n<meta name=\"twitter:card\" content=\"summary_large_image\" \/>\n<meta name=\"twitter:label1\" content=\"Est. reading time\">\n\t<meta name=\"twitter:data1\" content=\"1 minuto\">\n<script type=\"application\/ld+json\" class=\"yoast-schema-graph\">{\"@context\":\"https:\/\/schema.org\",\"@graph\":[{\"@type\":\"Organization\",\"@id\":\"https:\/\/moderniza.me\/virtualx\/#organization\",\"name\":\"Virtual X\",\"url\":\"https:\/\/moderniza.me\/virtualx\/\",\"sameAs\":[],\"logo\":{\"@type\":\"ImageObject\",\"@id\":\"https:\/\/moderniza.me\/virtualx\/#logo\",\"inLanguage\":\"pt-BR\",\"url\":\"https:\/\/moderniza.me\/virtualx\/wp-content\/uploads\/sites\/73\/2021\/01\/logo-2.jpg\",\"width\":333,\"height\":130,\"caption\":\"Virtual X\"},\"image\":{\"@id\":\"https:\/\/moderniza.me\/virtualx\/#logo\"}},{\"@type\":\"WebSite\",\"@id\":\"https:\/\/moderniza.me\/virtualx\/#website\",\"url\":\"https:\/\/moderniza.me\/virtualx\/\",\"name\":\"\",\"description\":\"Compre Online de Lojas Virtuais\",\"publisher\":{\"@id\":\"https:\/\/moderniza.me\/virtualx\/#organization\"},\"potentialAction\":[{\"@type\":\"SearchAction\",\"target\":\"https:\/\/moderniza.me\/virtualx\/?s={search_term_string}\",\"query-input\":\"required name=search_term_string\"}],\"inLanguage\":\"pt-BR\"},{\"@type\":\"ImageObject\",\"@id\":\"https:\/\/moderniza.me\/virtualx\/product\/pdv-d2s-com-impressora-com-1-tela-15-6-polegadas-l1551\/#primaryimage\",\"inLanguage\":\"pt-BR\",\"url\":\"https:\/\/moderniza.me\/virtualx\/wp-content\/uploads\/sites\/73\/2023\/01\/3405_1.png\",\"width\":358,\"height\":336,\"caption\":\"D2 S PDV SEM GAVETA\"},{\"@type\":[\"WebPage\",\"ItemPage\"],\"@id\":\"https:\/\/moderniza.me\/virtualx\/product\/pdv-d2s-com-impressora-com-1-tela-15-6-polegadas-l1551\/#webpage\",\"url\":\"https:\/\/moderniza.me\/virtualx\/product\/pdv-d2s-com-impressora-com-1-tela-15-6-polegadas-l1551\/\",\"name\":\"PDV D2S COM IMPRESSORA COM 1 TELA 15.6 POLEGADAS L1551 &ndash;\",\"isPartOf\":{\"@id\":\"https:\/\/moderniza.me\/virtualx\/#website\"},\"primaryImageOfPage\":{\"@id\":\"https:\/\/moderniza.me\/virtualx\/product\/pdv-d2s-com-impressora-com-1-tela-15-6-polegadas-l1551\/#primaryimage\"},\"datePublished\":\"2023-01-16T11:37:40+00:00\",\"dateModified\":\"2023-04-28T17:21:26+00:00\",\"inLanguage\":\"pt-BR\",\"potentialAction\":[{\"@type\":\"ReadAction\",\"target\":[\"https:\/\/moderniza.me\/virtualx\/product\/pdv-d2s-com-impressora-com-1-tela-15-6-polegadas-l1551\/\"]}]}]}<\/script>\n<!-- \/ Yoast SEO plugin. -->","_links":{"self":[{"href":"https:\/\/moderniza.me\/virtualx\/wp-json\/wp\/v2\/product\/889"}],"collection":[{"href":"https:\/\/moderniza.me\/virtualx\/wp-json\/wp\/v2\/product"}],"about":[{"href":"https:\/\/moderniza.me\/virtualx\/wp-json\/wp\/v2\/types\/product"}],"replies":[{"embeddable":true,"href":"https:\/\/moderniza.me\/virtualx\/wp-json\/wp\/v2\/comments?post=889"}],"wp:featuredmedia":[{"embeddable":true,"href":"https:\/\/moderniza.me\/virtualx\/wp-json\/wp\/v2\/media\/894"}],"wp:attachment":[{"href":"https:\/\/moderniza.me\/virtualx\/wp-json\/wp\/v2\/media?parent=889"}],"curies":[{"name":"wp","href":"https:\/\/api.w.org\/{rel}","templated":true}]}}