
{"id":700,"date":"2021-01-29T11:29:34","date_gmt":"2021-01-29T14:29:34","guid":{"rendered":"https:\/\/moderniza.me\/virtualx\/product\/nobreak-nhs-premium-pdv-xxxx-y-gii-600va-c-1-bat-estacionaria-45ah-s-120vcor-preta\/"},"modified":"2023-03-17T16:27:37","modified_gmt":"2023-03-17T19:27:37","slug":"nobreak-nhs-premium-pdv-xxxx-y-gii-600va-c-1-bat-estacionaria-45ah-s-120vcor-preta","status":"publish","type":"product","link":"https:\/\/moderniza.me\/virtualx\/product\/nobreak-nhs-premium-pdv-xxxx-y-gii-600va-c-1-bat-estacionaria-45ah-s-120vcor-preta\/","title":{"rendered":"Nobreak NHS Premium PDV (GII 600VA c\/ 1 Bat.Estacionaria 45Ah\/S.120V)"},"content":{"rendered":"<p>Marca: NHS<br \/>\nO modelo NHS PDV S 600VA \u00e9 bivolt autom\u00e1tico na entrada, possui oito tomadas de 10A dispon\u00edveis na sa\u00edda e Interface de Comunica\u00e7\u00e3o USB opcional. Al\u00e9m da possibilidade de aumentar a autonomia fornecida com a op\u00e7\u00e3o de engate para expans\u00e3o de bateria.<\/p>\n<p>Prote\u00e7\u00f5es:<\/p>\n<p>Contra sobrecarga e curto-circuito no inversor<br \/>\nContra subtens\u00e3o e sobretens\u00e3o na rede el\u00e9trica com retorno e desligamento autom\u00e1tico<br \/>\nDesligamento autom\u00e1tico por carga m\u00ednima<br \/>\nContra surtos de tens\u00e3o<br \/>\nContra descarga profunda de bateria<br \/>\nCategorias: Nobreaks, 600VA, Interactive, Corporativo \/ Empresa, Automa\u00e7\u00e3o Comercial, Esta\u00e7\u00f5es de Trabalho, Automa\u00e7\u00e3o Comercial \/ PDV,<\/p>\n","protected":false},"excerpt":{"rendered":"<p>Nobreak NHS Premium PDV (GII 600VA c\/ 1 Bat.Estacionaria 45Ah\/S.120V)<\/p>\n","protected":false},"featured_media":699,"comment_status":"open","ping_status":"closed","template":"","meta":[],"yoast_head":"<!-- This site is optimized with the Yoast SEO plugin v15.7 - https:\/\/yoast.com\/wordpress\/plugins\/seo\/ -->\n<title>Nobreak NHS Premium PDV (GII 600VA c\/ 1 Bat.Estacionaria 45Ah\/S.120V) &ndash;<\/title>\n<meta name=\"robots\" content=\"index, follow, max-snippet:-1, max-image-preview:large, max-video-preview:-1\" \/>\n<link rel=\"canonical\" href=\"https:\/\/moderniza.me\/virtualx\/product\/nobreak-nhs-premium-pdv-xxxx-y-gii-600va-c-1-bat-estacionaria-45ah-s-120vcor-preta\/\" \/>\n<meta property=\"og:locale\" content=\"pt_BR\" \/>\n<meta property=\"og:type\" content=\"article\" \/>\n<meta property=\"og:title\" content=\"Nobreak NHS Premium PDV (GII 600VA c\/ 1 Bat.Estacionaria 45Ah\/S.120V) &ndash;\" \/>\n<meta property=\"og:description\" content=\"Nobreak NHS Premium PDV (GII 600VA c\/ 1 Bat.Estacionaria 45Ah\/S.120V)\" \/>\n<meta property=\"og:url\" content=\"https:\/\/moderniza.me\/virtualx\/product\/nobreak-nhs-premium-pdv-xxxx-y-gii-600va-c-1-bat-estacionaria-45ah-s-120vcor-preta\/\" \/>\n<meta property=\"article:modified_time\" content=\"2023-03-17T19:27:37+00:00\" \/>\n<meta property=\"og:image\" content=\"https:\/\/moderniza.me\/virtualx\/wp-content\/uploads\/sites\/73\/2021\/01\/3343_0.jpg\" \/>\n\t<meta property=\"og:image:width\" content=\"388\" \/>\n\t<meta property=\"og:image:height\" content=\"345\" \/>\n<meta name=\"twitter:card\" content=\"summary_large_image\" \/>\n<meta name=\"twitter:label1\" content=\"Est. reading time\">\n\t<meta name=\"twitter:data1\" content=\"1 minuto\">\n<script type=\"application\/ld+json\" class=\"yoast-schema-graph\">{\"@context\":\"https:\/\/schema.org\",\"@graph\":[{\"@type\":\"Organization\",\"@id\":\"https:\/\/moderniza.me\/virtualx\/#organization\",\"name\":\"Virtual X\",\"url\":\"https:\/\/moderniza.me\/virtualx\/\",\"sameAs\":[],\"logo\":{\"@type\":\"ImageObject\",\"@id\":\"https:\/\/moderniza.me\/virtualx\/#logo\",\"inLanguage\":\"pt-BR\",\"url\":\"https:\/\/moderniza.me\/virtualx\/wp-content\/uploads\/sites\/73\/2021\/01\/logo-2.jpg\",\"width\":333,\"height\":130,\"caption\":\"Virtual X\"},\"image\":{\"@id\":\"https:\/\/moderniza.me\/virtualx\/#logo\"}},{\"@type\":\"WebSite\",\"@id\":\"https:\/\/moderniza.me\/virtualx\/#website\",\"url\":\"https:\/\/moderniza.me\/virtualx\/\",\"name\":\"\",\"description\":\"Compre Online de Lojas Virtuais\",\"publisher\":{\"@id\":\"https:\/\/moderniza.me\/virtualx\/#organization\"},\"potentialAction\":[{\"@type\":\"SearchAction\",\"target\":\"https:\/\/moderniza.me\/virtualx\/?s={search_term_string}\",\"query-input\":\"required name=search_term_string\"}],\"inLanguage\":\"pt-BR\"},{\"@type\":\"ImageObject\",\"@id\":\"https:\/\/moderniza.me\/virtualx\/product\/nobreak-nhs-premium-pdv-xxxx-y-gii-600va-c-1-bat-estacionaria-45ah-s-120vcor-preta\/#primaryimage\",\"inLanguage\":\"pt-BR\",\"url\":\"https:\/\/moderniza.me\/virtualx\/wp-content\/uploads\/sites\/73\/2021\/01\/3343_0.jpg\",\"width\":388,\"height\":345},{\"@type\":[\"WebPage\",\"ItemPage\"],\"@id\":\"https:\/\/moderniza.me\/virtualx\/product\/nobreak-nhs-premium-pdv-xxxx-y-gii-600va-c-1-bat-estacionaria-45ah-s-120vcor-preta\/#webpage\",\"url\":\"https:\/\/moderniza.me\/virtualx\/product\/nobreak-nhs-premium-pdv-xxxx-y-gii-600va-c-1-bat-estacionaria-45ah-s-120vcor-preta\/\",\"name\":\"Nobreak NHS Premium PDV (GII 600VA c\/ 1 Bat.Estacionaria 45Ah\/S.120V) &ndash;\",\"isPartOf\":{\"@id\":\"https:\/\/moderniza.me\/virtualx\/#website\"},\"primaryImageOfPage\":{\"@id\":\"https:\/\/moderniza.me\/virtualx\/product\/nobreak-nhs-premium-pdv-xxxx-y-gii-600va-c-1-bat-estacionaria-45ah-s-120vcor-preta\/#primaryimage\"},\"datePublished\":\"2021-01-29T14:29:34+00:00\",\"dateModified\":\"2023-03-17T19:27:37+00:00\",\"inLanguage\":\"pt-BR\",\"potentialAction\":[{\"@type\":\"ReadAction\",\"target\":[\"https:\/\/moderniza.me\/virtualx\/product\/nobreak-nhs-premium-pdv-xxxx-y-gii-600va-c-1-bat-estacionaria-45ah-s-120vcor-preta\/\"]}]}]}<\/script>\n<!-- \/ Yoast SEO plugin. -->","_links":{"self":[{"href":"https:\/\/moderniza.me\/virtualx\/wp-json\/wp\/v2\/product\/700"}],"collection":[{"href":"https:\/\/moderniza.me\/virtualx\/wp-json\/wp\/v2\/product"}],"about":[{"href":"https:\/\/moderniza.me\/virtualx\/wp-json\/wp\/v2\/types\/product"}],"replies":[{"embeddable":true,"href":"https:\/\/moderniza.me\/virtualx\/wp-json\/wp\/v2\/comments?post=700"}],"wp:featuredmedia":[{"embeddable":true,"href":"https:\/\/moderniza.me\/virtualx\/wp-json\/wp\/v2\/media\/699"}],"wp:attachment":[{"href":"https:\/\/moderniza.me\/virtualx\/wp-json\/wp\/v2\/media?parent=700"}],"curies":[{"name":"wp","href":"https:\/\/api.w.org\/{rel}","templated":true}]}}