
{"id":698,"date":"2021-01-29T11:08:39","date_gmt":"2021-01-29T14:08:39","guid":{"rendered":"https:\/\/moderniza.me\/virtualx\/product\/elgin-nano-cel-dual-1800-4gb-ssd128gb-2ser\/"},"modified":"2023-03-17T16:27:35","modified_gmt":"2023-03-17T19:27:35","slug":"elgin-nano-cel-dual-1800-4gb-ssd128gb-2ser","status":"publish","type":"product","link":"https:\/\/moderniza.me\/virtualx\/product\/elgin-nano-cel-dual-1800-4gb-ssd128gb-2ser\/","title":{"rendered":"ELGIN NANO CEL DUAL 1800 4GB SSD128GB 2SER"},"content":{"rendered":"<p>Marca: Elgin<br \/>\n CPU PDV FIT ELGIN<br \/>\nProjetado para utiliza\u00e7\u00e3o na Automa\u00e7\u00e3o Comercial, ideal para uso de Check &#8211; outs.<br \/>\nPossui processador INTEL Celeron ou CORE i3 e alta conectividade com 2 ou 4 portas seriais e 08 USB.<br \/>\nPossui gabinete SLIM, que pode funcionar tanto na horizontal quanto na vertical.<\/p>\n<p>Agora com op\u00e7\u00e3o: CORE i3-7100 3,9 GHz<\/p>\n<p>Al\u00e7a para transporte<\/p>\n","protected":false},"excerpt":{"rendered":"<p>ELGIN NANO CEL DUAL 1800 4GB SSD128GB 2SER<\/p>\n","protected":false},"featured_media":697,"comment_status":"open","ping_status":"closed","template":"","meta":[],"yoast_head":"<!-- This site is optimized with the Yoast SEO plugin v15.7 - https:\/\/yoast.com\/wordpress\/plugins\/seo\/ -->\n<title>ELGIN NANO CEL DUAL 1800 4GB SSD128GB 2SER &ndash;<\/title>\n<meta name=\"robots\" content=\"index, follow, max-snippet:-1, max-image-preview:large, max-video-preview:-1\" \/>\n<link rel=\"canonical\" href=\"https:\/\/moderniza.me\/virtualx\/product\/elgin-nano-cel-dual-1800-4gb-ssd128gb-2ser\/\" \/>\n<meta property=\"og:locale\" content=\"pt_BR\" \/>\n<meta property=\"og:type\" content=\"article\" \/>\n<meta property=\"og:title\" content=\"ELGIN NANO CEL DUAL 1800 4GB SSD128GB 2SER &ndash;\" \/>\n<meta property=\"og:description\" content=\"ELGIN NANO CEL DUAL 1800 4GB SSD128GB 2SER\" \/>\n<meta property=\"og:url\" content=\"https:\/\/moderniza.me\/virtualx\/product\/elgin-nano-cel-dual-1800-4gb-ssd128gb-2ser\/\" \/>\n<meta property=\"article:modified_time\" content=\"2023-03-17T19:27:35+00:00\" \/>\n<meta name=\"twitter:card\" content=\"summary_large_image\" \/>\n<script type=\"application\/ld+json\" class=\"yoast-schema-graph\">{\"@context\":\"https:\/\/schema.org\",\"@graph\":[{\"@type\":\"Organization\",\"@id\":\"https:\/\/moderniza.me\/virtualx\/#organization\",\"name\":\"Virtual X\",\"url\":\"https:\/\/moderniza.me\/virtualx\/\",\"sameAs\":[],\"logo\":{\"@type\":\"ImageObject\",\"@id\":\"https:\/\/moderniza.me\/virtualx\/#logo\",\"inLanguage\":\"pt-BR\",\"url\":\"https:\/\/moderniza.me\/virtualx\/wp-content\/uploads\/sites\/73\/2021\/01\/logo-2.jpg\",\"width\":333,\"height\":130,\"caption\":\"Virtual X\"},\"image\":{\"@id\":\"https:\/\/moderniza.me\/virtualx\/#logo\"}},{\"@type\":\"WebSite\",\"@id\":\"https:\/\/moderniza.me\/virtualx\/#website\",\"url\":\"https:\/\/moderniza.me\/virtualx\/\",\"name\":\"\",\"description\":\"Compre Online de Lojas Virtuais\",\"publisher\":{\"@id\":\"https:\/\/moderniza.me\/virtualx\/#organization\"},\"potentialAction\":[{\"@type\":\"SearchAction\",\"target\":\"https:\/\/moderniza.me\/virtualx\/?s={search_term_string}\",\"query-input\":\"required name=search_term_string\"}],\"inLanguage\":\"pt-BR\"},{\"@type\":\"ImageObject\",\"@id\":\"https:\/\/moderniza.me\/virtualx\/product\/elgin-nano-cel-dual-1800-4gb-ssd128gb-2ser\/#primaryimage\",\"inLanguage\":\"pt-BR\",\"url\":\"https:\/\/moderniza.me\/virtualx\/wp-content\/uploads\/sites\/73\/2021\/01\/3146_0.jpg\",\"width\":500,\"height\":500,\"caption\":\"CPU- nano Elgin\"},{\"@type\":[\"WebPage\",\"ItemPage\"],\"@id\":\"https:\/\/moderniza.me\/virtualx\/product\/elgin-nano-cel-dual-1800-4gb-ssd128gb-2ser\/#webpage\",\"url\":\"https:\/\/moderniza.me\/virtualx\/product\/elgin-nano-cel-dual-1800-4gb-ssd128gb-2ser\/\",\"name\":\"ELGIN NANO CEL DUAL 1800 4GB SSD128GB 2SER &ndash;\",\"isPartOf\":{\"@id\":\"https:\/\/moderniza.me\/virtualx\/#website\"},\"primaryImageOfPage\":{\"@id\":\"https:\/\/moderniza.me\/virtualx\/product\/elgin-nano-cel-dual-1800-4gb-ssd128gb-2ser\/#primaryimage\"},\"datePublished\":\"2021-01-29T14:08:39+00:00\",\"dateModified\":\"2023-03-17T19:27:35+00:00\",\"inLanguage\":\"pt-BR\",\"potentialAction\":[{\"@type\":\"ReadAction\",\"target\":[\"https:\/\/moderniza.me\/virtualx\/product\/elgin-nano-cel-dual-1800-4gb-ssd128gb-2ser\/\"]}]}]}<\/script>\n<!-- \/ Yoast SEO plugin. -->","_links":{"self":[{"href":"https:\/\/moderniza.me\/virtualx\/wp-json\/wp\/v2\/product\/698"}],"collection":[{"href":"https:\/\/moderniza.me\/virtualx\/wp-json\/wp\/v2\/product"}],"about":[{"href":"https:\/\/moderniza.me\/virtualx\/wp-json\/wp\/v2\/types\/product"}],"replies":[{"embeddable":true,"href":"https:\/\/moderniza.me\/virtualx\/wp-json\/wp\/v2\/comments?post=698"}],"wp:featuredmedia":[{"embeddable":true,"href":"https:\/\/moderniza.me\/virtualx\/wp-json\/wp\/v2\/media\/697"}],"wp:attachment":[{"href":"https:\/\/moderniza.me\/virtualx\/wp-json\/wp\/v2\/media?parent=698"}],"curies":[{"name":"wp","href":"https:\/\/api.w.org\/{rel}","templated":true}]}}