
{"id":694,"date":"2021-01-29T10:51:42","date_gmt":"2021-01-29T13:51:42","guid":{"rendered":"https:\/\/moderniza.me\/virtualx\/product\/leitor-biometrico-control-id-idbio\/"},"modified":"2023-03-17T16:27:34","modified_gmt":"2023-03-17T19:27:34","slug":"leitor-biometrico-control-id-idbio","status":"publish","type":"product","link":"https:\/\/moderniza.me\/virtualx\/product\/leitor-biometrico-control-id-idbio\/","title":{"rendered":"Leitor Biometrico &#8211; Control iD &#8211; iDBio"},"content":{"rendered":"<p>Marca: Control Id<br \/>\n  Leitor Biom\u00e9trico iDBio<br \/>\nquipado com o que h\u00e1 de mais avan\u00e7ado em tecnologia \u00f3ptica, o Leitor Biom\u00e9trico iDBio permite capturar impress\u00f5es digitais com alta qualidade e precis\u00e3o. Por meio de um prisma especialmente projetado, \u00e9 capaz de obter imagens n\u00edtidas nas condi\u00e7\u00f5es mais adversas (como dedos muito secos ou molhados e incid\u00eancia de luz solar).<\/p>\n<p>Sua interface USB de alta velocidade e kit de integra\u00e7\u00e3o com os principais sistemas operacionais (Windows, Linux e Android) garantem facilidade na utiliza\u00e7\u00e3o e agilidade nas autentica\u00e7\u00f5es. Em sua vers\u00e3o Pro, o Leitor iDBio viabiliza a identifica\u00e7\u00e3o e a valida\u00e7\u00e3o biom\u00e9trica de mais de mil usu\u00e1rios por segundo<\/p>\n","protected":false},"excerpt":{"rendered":"<p>Leitor Biometrico &#8211; Control iD &#8211; iDBio<\/p>\n","protected":false},"featured_media":693,"comment_status":"open","ping_status":"closed","template":"","meta":[],"yoast_head":"<!-- This site is optimized with the Yoast SEO plugin v15.7 - https:\/\/yoast.com\/wordpress\/plugins\/seo\/ -->\n<title>Leitor Biometrico - Control iD - iDBio &ndash;<\/title>\n<meta name=\"robots\" content=\"index, follow, max-snippet:-1, max-image-preview:large, max-video-preview:-1\" \/>\n<link rel=\"canonical\" href=\"https:\/\/moderniza.me\/virtualx\/product\/leitor-biometrico-control-id-idbio\/\" \/>\n<meta property=\"og:locale\" content=\"pt_BR\" \/>\n<meta property=\"og:type\" content=\"article\" \/>\n<meta property=\"og:title\" content=\"Leitor Biometrico - Control iD - iDBio &ndash;\" \/>\n<meta property=\"og:description\" content=\"Leitor Biometrico - Control iD - iDBio\" \/>\n<meta property=\"og:url\" content=\"https:\/\/moderniza.me\/virtualx\/product\/leitor-biometrico-control-id-idbio\/\" \/>\n<meta property=\"article:modified_time\" content=\"2023-03-17T19:27:34+00:00\" \/>\n<meta property=\"og:image\" content=\"https:\/\/moderniza.me\/virtualx\/wp-content\/uploads\/sites\/73\/2021\/01\/3305_0.jpg\" \/>\n\t<meta property=\"og:image:width\" content=\"394\" \/>\n\t<meta property=\"og:image:height\" content=\"392\" \/>\n<meta name=\"twitter:card\" content=\"summary_large_image\" \/>\n<meta name=\"twitter:label1\" content=\"Est. reading time\">\n\t<meta name=\"twitter:data1\" content=\"1 minuto\">\n<script type=\"application\/ld+json\" class=\"yoast-schema-graph\">{\"@context\":\"https:\/\/schema.org\",\"@graph\":[{\"@type\":\"Organization\",\"@id\":\"https:\/\/moderniza.me\/virtualx\/#organization\",\"name\":\"Virtual X\",\"url\":\"https:\/\/moderniza.me\/virtualx\/\",\"sameAs\":[],\"logo\":{\"@type\":\"ImageObject\",\"@id\":\"https:\/\/moderniza.me\/virtualx\/#logo\",\"inLanguage\":\"pt-BR\",\"url\":\"https:\/\/moderniza.me\/virtualx\/wp-content\/uploads\/sites\/73\/2021\/01\/logo-2.jpg\",\"width\":333,\"height\":130,\"caption\":\"Virtual X\"},\"image\":{\"@id\":\"https:\/\/moderniza.me\/virtualx\/#logo\"}},{\"@type\":\"WebSite\",\"@id\":\"https:\/\/moderniza.me\/virtualx\/#website\",\"url\":\"https:\/\/moderniza.me\/virtualx\/\",\"name\":\"\",\"description\":\"Compre Online de Lojas Virtuais\",\"publisher\":{\"@id\":\"https:\/\/moderniza.me\/virtualx\/#organization\"},\"potentialAction\":[{\"@type\":\"SearchAction\",\"target\":\"https:\/\/moderniza.me\/virtualx\/?s={search_term_string}\",\"query-input\":\"required name=search_term_string\"}],\"inLanguage\":\"pt-BR\"},{\"@type\":\"ImageObject\",\"@id\":\"https:\/\/moderniza.me\/virtualx\/product\/leitor-biometrico-control-id-idbio\/#primaryimage\",\"inLanguage\":\"pt-BR\",\"url\":\"https:\/\/moderniza.me\/virtualx\/wp-content\/uploads\/sites\/73\/2021\/01\/3305_0.jpg\",\"width\":394,\"height\":392},{\"@type\":[\"WebPage\",\"ItemPage\"],\"@id\":\"https:\/\/moderniza.me\/virtualx\/product\/leitor-biometrico-control-id-idbio\/#webpage\",\"url\":\"https:\/\/moderniza.me\/virtualx\/product\/leitor-biometrico-control-id-idbio\/\",\"name\":\"Leitor Biometrico - Control iD - iDBio &ndash;\",\"isPartOf\":{\"@id\":\"https:\/\/moderniza.me\/virtualx\/#website\"},\"primaryImageOfPage\":{\"@id\":\"https:\/\/moderniza.me\/virtualx\/product\/leitor-biometrico-control-id-idbio\/#primaryimage\"},\"datePublished\":\"2021-01-29T13:51:42+00:00\",\"dateModified\":\"2023-03-17T19:27:34+00:00\",\"inLanguage\":\"pt-BR\",\"potentialAction\":[{\"@type\":\"ReadAction\",\"target\":[\"https:\/\/moderniza.me\/virtualx\/product\/leitor-biometrico-control-id-idbio\/\"]}]}]}<\/script>\n<!-- \/ Yoast SEO plugin. -->","_links":{"self":[{"href":"https:\/\/moderniza.me\/virtualx\/wp-json\/wp\/v2\/product\/694"}],"collection":[{"href":"https:\/\/moderniza.me\/virtualx\/wp-json\/wp\/v2\/product"}],"about":[{"href":"https:\/\/moderniza.me\/virtualx\/wp-json\/wp\/v2\/types\/product"}],"replies":[{"embeddable":true,"href":"https:\/\/moderniza.me\/virtualx\/wp-json\/wp\/v2\/comments?post=694"}],"wp:featuredmedia":[{"embeddable":true,"href":"https:\/\/moderniza.me\/virtualx\/wp-json\/wp\/v2\/media\/693"}],"wp:attachment":[{"href":"https:\/\/moderniza.me\/virtualx\/wp-json\/wp\/v2\/media?parent=694"}],"curies":[{"name":"wp","href":"https:\/\/api.w.org\/{rel}","templated":true}]}}