
{"id":683,"date":"2021-01-29T09:51:17","date_gmt":"2021-01-29T12:51:17","guid":{"rendered":"https:\/\/moderniza.me\/virtualx\/product\/001254_es-tanca-leitor-de-codigo-de-barras-usb-tl-900\/"},"modified":"2023-03-17T16:27:32","modified_gmt":"2023-03-17T19:27:32","slug":"001254_es-tanca-leitor-de-codigo-de-barras-usb-tl-900","status":"publish","type":"product","link":"https:\/\/moderniza.me\/virtualx\/product\/001254_es-tanca-leitor-de-codigo-de-barras-usb-tl-900\/","title":{"rendered":"LEITOR DE CODIGO DE BARRAS TANCA  USB &#8211; TL-900"},"content":{"rendered":"<p>Marca: Tanca<br \/>\n TL-900<br \/>\nO leitor de c\u00f3digo de barras TL-900 aprimora a experi\u00eancia de seus clientes e operadores deixando cada vez mais agrad\u00e1vel a experi\u00eancia de usar um leitor de c\u00f3digo de barras.<\/p>\n","protected":false},"excerpt":{"rendered":"<p>LEITOR DE CODIGO DE BARRAS TANCA  USB &#8211; TL-900<\/p>\n","protected":false},"featured_media":684,"comment_status":"open","ping_status":"closed","template":"","meta":[],"yoast_head":"<!-- This site is optimized with the Yoast SEO plugin v15.7 - https:\/\/yoast.com\/wordpress\/plugins\/seo\/ -->\n<title>LEITOR DE CODIGO DE BARRAS TANCA USB - TL-900 &ndash;<\/title>\n<meta name=\"robots\" content=\"index, follow, max-snippet:-1, max-image-preview:large, max-video-preview:-1\" \/>\n<link rel=\"canonical\" href=\"https:\/\/moderniza.me\/virtualx\/product\/001254_es-tanca-leitor-de-codigo-de-barras-usb-tl-900\/\" \/>\n<meta property=\"og:locale\" content=\"pt_BR\" \/>\n<meta property=\"og:type\" content=\"article\" \/>\n<meta property=\"og:title\" content=\"LEITOR DE CODIGO DE BARRAS TANCA USB - TL-900 &ndash;\" \/>\n<meta property=\"og:description\" content=\"LEITOR DE CODIGO DE BARRAS TANCA USB - TL-900\" \/>\n<meta property=\"og:url\" content=\"https:\/\/moderniza.me\/virtualx\/product\/001254_es-tanca-leitor-de-codigo-de-barras-usb-tl-900\/\" \/>\n<meta property=\"article:modified_time\" content=\"2023-03-17T19:27:32+00:00\" \/>\n<meta property=\"og:image\" content=\"https:\/\/moderniza.me\/virtualx\/wp-content\/uploads\/sites\/73\/2021\/01\/3320_0.jpg\" \/>\n\t<meta property=\"og:image:width\" content=\"501\" \/>\n\t<meta property=\"og:image:height\" content=\"478\" \/>\n<meta name=\"twitter:card\" content=\"summary_large_image\" \/>\n<script type=\"application\/ld+json\" class=\"yoast-schema-graph\">{\"@context\":\"https:\/\/schema.org\",\"@graph\":[{\"@type\":\"Organization\",\"@id\":\"https:\/\/moderniza.me\/virtualx\/#organization\",\"name\":\"Virtual X\",\"url\":\"https:\/\/moderniza.me\/virtualx\/\",\"sameAs\":[],\"logo\":{\"@type\":\"ImageObject\",\"@id\":\"https:\/\/moderniza.me\/virtualx\/#logo\",\"inLanguage\":\"pt-BR\",\"url\":\"https:\/\/moderniza.me\/virtualx\/wp-content\/uploads\/sites\/73\/2021\/01\/logo-2.jpg\",\"width\":333,\"height\":130,\"caption\":\"Virtual X\"},\"image\":{\"@id\":\"https:\/\/moderniza.me\/virtualx\/#logo\"}},{\"@type\":\"WebSite\",\"@id\":\"https:\/\/moderniza.me\/virtualx\/#website\",\"url\":\"https:\/\/moderniza.me\/virtualx\/\",\"name\":\"\",\"description\":\"Compre Online de Lojas Virtuais\",\"publisher\":{\"@id\":\"https:\/\/moderniza.me\/virtualx\/#organization\"},\"potentialAction\":[{\"@type\":\"SearchAction\",\"target\":\"https:\/\/moderniza.me\/virtualx\/?s={search_term_string}\",\"query-input\":\"required name=search_term_string\"}],\"inLanguage\":\"pt-BR\"},{\"@type\":\"ImageObject\",\"@id\":\"https:\/\/moderniza.me\/virtualx\/product\/001254_es-tanca-leitor-de-codigo-de-barras-usb-tl-900\/#primaryimage\",\"inLanguage\":\"pt-BR\",\"url\":\"https:\/\/moderniza.me\/virtualx\/wp-content\/uploads\/sites\/73\/2021\/01\/3320_0.jpg\",\"width\":501,\"height\":478},{\"@type\":[\"WebPage\",\"ItemPage\"],\"@id\":\"https:\/\/moderniza.me\/virtualx\/product\/001254_es-tanca-leitor-de-codigo-de-barras-usb-tl-900\/#webpage\",\"url\":\"https:\/\/moderniza.me\/virtualx\/product\/001254_es-tanca-leitor-de-codigo-de-barras-usb-tl-900\/\",\"name\":\"LEITOR DE CODIGO DE BARRAS TANCA USB - TL-900 &ndash;\",\"isPartOf\":{\"@id\":\"https:\/\/moderniza.me\/virtualx\/#website\"},\"primaryImageOfPage\":{\"@id\":\"https:\/\/moderniza.me\/virtualx\/product\/001254_es-tanca-leitor-de-codigo-de-barras-usb-tl-900\/#primaryimage\"},\"datePublished\":\"2021-01-29T12:51:17+00:00\",\"dateModified\":\"2023-03-17T19:27:32+00:00\",\"inLanguage\":\"pt-BR\",\"potentialAction\":[{\"@type\":\"ReadAction\",\"target\":[\"https:\/\/moderniza.me\/virtualx\/product\/001254_es-tanca-leitor-de-codigo-de-barras-usb-tl-900\/\"]}]}]}<\/script>\n<!-- \/ Yoast SEO plugin. -->","_links":{"self":[{"href":"https:\/\/moderniza.me\/virtualx\/wp-json\/wp\/v2\/product\/683"}],"collection":[{"href":"https:\/\/moderniza.me\/virtualx\/wp-json\/wp\/v2\/product"}],"about":[{"href":"https:\/\/moderniza.me\/virtualx\/wp-json\/wp\/v2\/types\/product"}],"replies":[{"embeddable":true,"href":"https:\/\/moderniza.me\/virtualx\/wp-json\/wp\/v2\/comments?post=683"}],"wp:featuredmedia":[{"embeddable":true,"href":"https:\/\/moderniza.me\/virtualx\/wp-json\/wp\/v2\/media\/684"}],"wp:attachment":[{"href":"https:\/\/moderniza.me\/virtualx\/wp-json\/wp\/v2\/media?parent=683"}],"curies":[{"name":"wp","href":"https:\/\/api.w.org\/{rel}","templated":true}]}}