
{"id":645,"date":"2021-01-28T16:18:23","date_gmt":"2021-01-28T19:18:23","guid":{"rendered":"https:\/\/moderniza.me\/virtualx\/product\/004-0966-9_prp-gertec-terminal-de-consulta-busca-preco-g2\/"},"modified":"2023-03-17T16:27:30","modified_gmt":"2023-03-17T19:27:30","slug":"004-0966-9_prp-gertec-terminal-de-consulta-busca-preco-g2","status":"publish","type":"product","link":"https:\/\/moderniza.me\/virtualx\/product\/004-0966-9_prp-gertec-terminal-de-consulta-busca-preco-g2\/","title":{"rendered":"TERMINAL DE CONSULTA BUSCA PRECO PRP GERTEC G2"},"content":{"rendered":"<p>Marca: Gertec<br \/>\n O Terminal de Consulta Busca Pre\u00e7o atende \u00e0 legisla\u00e7\u00e3o vigente com baixo investimento. Um dos mais vendidos em sua categoria, o produto tem design compacto e acompanha software de sistema de consulta de pre\u00e7os e manuais com exemplos para uso na integra\u00e7\u00e3o com outros sistemas.<\/p>\n","protected":false},"excerpt":{"rendered":"<p>TERMINAL DE CONSULTA BUSCA PRECO PRP GERTEC G2<\/p>\n","protected":false},"featured_media":672,"comment_status":"open","ping_status":"closed","template":"","meta":[],"yoast_head":"<!-- This site is optimized with the Yoast SEO plugin v15.7 - https:\/\/yoast.com\/wordpress\/plugins\/seo\/ -->\n<title>TERMINAL DE CONSULTA BUSCA PRECO PRP GERTEC G2 &ndash;<\/title>\n<meta name=\"robots\" content=\"index, follow, max-snippet:-1, max-image-preview:large, max-video-preview:-1\" \/>\n<link rel=\"canonical\" href=\"https:\/\/moderniza.me\/virtualx\/product\/004-0966-9_prp-gertec-terminal-de-consulta-busca-preco-g2\/\" \/>\n<meta property=\"og:locale\" content=\"pt_BR\" \/>\n<meta property=\"og:type\" content=\"article\" \/>\n<meta property=\"og:title\" content=\"TERMINAL DE CONSULTA BUSCA PRECO PRP GERTEC G2 &ndash;\" \/>\n<meta property=\"og:description\" content=\"TERMINAL DE CONSULTA BUSCA PRECO PRP GERTEC G2\" \/>\n<meta property=\"og:url\" content=\"https:\/\/moderniza.me\/virtualx\/product\/004-0966-9_prp-gertec-terminal-de-consulta-busca-preco-g2\/\" \/>\n<meta property=\"article:modified_time\" content=\"2023-03-17T19:27:30+00:00\" \/>\n<meta property=\"og:image\" content=\"https:\/\/moderniza.me\/virtualx\/wp-content\/uploads\/sites\/73\/2021\/01\/3309_0.jpg\" \/>\n\t<meta property=\"og:image:width\" content=\"322\" \/>\n\t<meta property=\"og:image:height\" content=\"393\" \/>\n<meta name=\"twitter:card\" content=\"summary_large_image\" \/>\n<script type=\"application\/ld+json\" class=\"yoast-schema-graph\">{\"@context\":\"https:\/\/schema.org\",\"@graph\":[{\"@type\":\"Organization\",\"@id\":\"https:\/\/moderniza.me\/virtualx\/#organization\",\"name\":\"Virtual X\",\"url\":\"https:\/\/moderniza.me\/virtualx\/\",\"sameAs\":[],\"logo\":{\"@type\":\"ImageObject\",\"@id\":\"https:\/\/moderniza.me\/virtualx\/#logo\",\"inLanguage\":\"pt-BR\",\"url\":\"https:\/\/moderniza.me\/virtualx\/wp-content\/uploads\/sites\/73\/2021\/01\/logo-2.jpg\",\"width\":333,\"height\":130,\"caption\":\"Virtual X\"},\"image\":{\"@id\":\"https:\/\/moderniza.me\/virtualx\/#logo\"}},{\"@type\":\"WebSite\",\"@id\":\"https:\/\/moderniza.me\/virtualx\/#website\",\"url\":\"https:\/\/moderniza.me\/virtualx\/\",\"name\":\"\",\"description\":\"Compre Online de Lojas Virtuais\",\"publisher\":{\"@id\":\"https:\/\/moderniza.me\/virtualx\/#organization\"},\"potentialAction\":[{\"@type\":\"SearchAction\",\"target\":\"https:\/\/moderniza.me\/virtualx\/?s={search_term_string}\",\"query-input\":\"required name=search_term_string\"}],\"inLanguage\":\"pt-BR\"},{\"@type\":\"ImageObject\",\"@id\":\"https:\/\/moderniza.me\/virtualx\/product\/004-0966-9_prp-gertec-terminal-de-consulta-busca-preco-g2\/#primaryimage\",\"inLanguage\":\"pt-BR\",\"url\":\"https:\/\/moderniza.me\/virtualx\/wp-content\/uploads\/sites\/73\/2021\/01\/3309_0.jpg\",\"width\":322,\"height\":393},{\"@type\":[\"WebPage\",\"ItemPage\"],\"@id\":\"https:\/\/moderniza.me\/virtualx\/product\/004-0966-9_prp-gertec-terminal-de-consulta-busca-preco-g2\/#webpage\",\"url\":\"https:\/\/moderniza.me\/virtualx\/product\/004-0966-9_prp-gertec-terminal-de-consulta-busca-preco-g2\/\",\"name\":\"TERMINAL DE CONSULTA BUSCA PRECO PRP GERTEC G2 &ndash;\",\"isPartOf\":{\"@id\":\"https:\/\/moderniza.me\/virtualx\/#website\"},\"primaryImageOfPage\":{\"@id\":\"https:\/\/moderniza.me\/virtualx\/product\/004-0966-9_prp-gertec-terminal-de-consulta-busca-preco-g2\/#primaryimage\"},\"datePublished\":\"2021-01-28T19:18:23+00:00\",\"dateModified\":\"2023-03-17T19:27:30+00:00\",\"inLanguage\":\"pt-BR\",\"potentialAction\":[{\"@type\":\"ReadAction\",\"target\":[\"https:\/\/moderniza.me\/virtualx\/product\/004-0966-9_prp-gertec-terminal-de-consulta-busca-preco-g2\/\"]}]}]}<\/script>\n<!-- \/ Yoast SEO plugin. -->","_links":{"self":[{"href":"https:\/\/moderniza.me\/virtualx\/wp-json\/wp\/v2\/product\/645"}],"collection":[{"href":"https:\/\/moderniza.me\/virtualx\/wp-json\/wp\/v2\/product"}],"about":[{"href":"https:\/\/moderniza.me\/virtualx\/wp-json\/wp\/v2\/types\/product"}],"replies":[{"embeddable":true,"href":"https:\/\/moderniza.me\/virtualx\/wp-json\/wp\/v2\/comments?post=645"}],"wp:featuredmedia":[{"embeddable":true,"href":"https:\/\/moderniza.me\/virtualx\/wp-json\/wp\/v2\/media\/672"}],"wp:attachment":[{"href":"https:\/\/moderniza.me\/virtualx\/wp-json\/wp\/v2\/media?parent=645"}],"curies":[{"name":"wp","href":"https:\/\/api.w.org\/{rel}","templated":true}]}}