
{"id":643,"date":"2021-01-28T16:18:21","date_gmt":"2021-01-28T19:18:21","guid":{"rendered":"https:\/\/moderniza.me\/virtualx\/product\/balanca-computadora-upx-modelo-wind-c\/"},"modified":"2023-05-04T08:25:06","modified_gmt":"2023-05-04T11:25:06","slug":"balanca-computadora-upx-modelo-wind-c","status":"publish","type":"product","link":"https:\/\/moderniza.me\/virtualx\/product\/balanca-computadora-upx-modelo-wind-c\/","title":{"rendered":"BALANCA COMPUTADORA UPX MODELO WIND C"},"content":{"rendered":"<p>Marca: UPX<br \/>\n A linha de balan\u00e7as eletr\u00f4nicas Wind D3 foi desenvolvida com a mais alta tecnologia no segmento de balan\u00e7as.<\/p>\n<p>A balan\u00e7a Wind D3 pesa e calcula automaticamente o pre\u00e7o final do item de forma r\u00e1pida e precisa, com a vantagem de operar com bateria, n\u00e3o precisando ser ligada a rede el\u00e9trica, gra\u00e7as a sua bateria com autonomia de at\u00e9 200 horas.<\/p>\n<p>A \u00fanica balan\u00e7a do mercado que pode ser automatizada posteriormente.<\/p>\n","protected":false},"excerpt":{"rendered":"<p>BALANCA COMPUTADORA UPX MODELO WIND C<\/p>\n","protected":false},"featured_media":674,"comment_status":"open","ping_status":"closed","template":"","meta":[],"yoast_head":"<!-- This site is optimized with the Yoast SEO plugin v15.7 - https:\/\/yoast.com\/wordpress\/plugins\/seo\/ -->\n<title>BALANCA COMPUTADORA UPX MODELO WIND C &ndash;<\/title>\n<meta name=\"robots\" content=\"index, follow, max-snippet:-1, max-image-preview:large, max-video-preview:-1\" \/>\n<link rel=\"canonical\" href=\"https:\/\/moderniza.me\/virtualx\/product\/balanca-computadora-upx-modelo-wind-c\/\" \/>\n<meta property=\"og:locale\" content=\"pt_BR\" \/>\n<meta property=\"og:type\" content=\"article\" \/>\n<meta property=\"og:title\" content=\"BALANCA COMPUTADORA UPX MODELO WIND C &ndash;\" \/>\n<meta property=\"og:description\" content=\"BALANCA COMPUTADORA UPX MODELO WIND C\" \/>\n<meta property=\"og:url\" content=\"https:\/\/moderniza.me\/virtualx\/product\/balanca-computadora-upx-modelo-wind-c\/\" \/>\n<meta property=\"article:modified_time\" content=\"2023-05-04T11:25:06+00:00\" \/>\n<meta property=\"og:image\" content=\"https:\/\/moderniza.me\/virtualx\/wp-content\/uploads\/sites\/73\/2021\/01\/3133_0.jpg\" \/>\n\t<meta property=\"og:image:width\" content=\"614\" \/>\n\t<meta property=\"og:image:height\" content=\"384\" \/>\n<meta name=\"twitter:card\" content=\"summary_large_image\" \/>\n<script type=\"application\/ld+json\" class=\"yoast-schema-graph\">{\"@context\":\"https:\/\/schema.org\",\"@graph\":[{\"@type\":\"Organization\",\"@id\":\"https:\/\/moderniza.me\/virtualx\/#organization\",\"name\":\"Virtual X\",\"url\":\"https:\/\/moderniza.me\/virtualx\/\",\"sameAs\":[],\"logo\":{\"@type\":\"ImageObject\",\"@id\":\"https:\/\/moderniza.me\/virtualx\/#logo\",\"inLanguage\":\"pt-BR\",\"url\":\"https:\/\/moderniza.me\/virtualx\/wp-content\/uploads\/sites\/73\/2021\/01\/logo-2.jpg\",\"width\":333,\"height\":130,\"caption\":\"Virtual X\"},\"image\":{\"@id\":\"https:\/\/moderniza.me\/virtualx\/#logo\"}},{\"@type\":\"WebSite\",\"@id\":\"https:\/\/moderniza.me\/virtualx\/#website\",\"url\":\"https:\/\/moderniza.me\/virtualx\/\",\"name\":\"\",\"description\":\"Compre Online de Lojas Virtuais\",\"publisher\":{\"@id\":\"https:\/\/moderniza.me\/virtualx\/#organization\"},\"potentialAction\":[{\"@type\":\"SearchAction\",\"target\":\"https:\/\/moderniza.me\/virtualx\/?s={search_term_string}\",\"query-input\":\"required name=search_term_string\"}],\"inLanguage\":\"pt-BR\"},{\"@type\":\"ImageObject\",\"@id\":\"https:\/\/moderniza.me\/virtualx\/product\/balanca-computadora-upx-modelo-wind-c\/#primaryimage\",\"inLanguage\":\"pt-BR\",\"url\":\"https:\/\/moderniza.me\/virtualx\/wp-content\/uploads\/sites\/73\/2021\/01\/3133_0.jpg\",\"width\":614,\"height\":384},{\"@type\":[\"WebPage\",\"ItemPage\"],\"@id\":\"https:\/\/moderniza.me\/virtualx\/product\/balanca-computadora-upx-modelo-wind-c\/#webpage\",\"url\":\"https:\/\/moderniza.me\/virtualx\/product\/balanca-computadora-upx-modelo-wind-c\/\",\"name\":\"BALANCA COMPUTADORA UPX MODELO WIND C &ndash;\",\"isPartOf\":{\"@id\":\"https:\/\/moderniza.me\/virtualx\/#website\"},\"primaryImageOfPage\":{\"@id\":\"https:\/\/moderniza.me\/virtualx\/product\/balanca-computadora-upx-modelo-wind-c\/#primaryimage\"},\"datePublished\":\"2021-01-28T19:18:21+00:00\",\"dateModified\":\"2023-05-04T11:25:06+00:00\",\"inLanguage\":\"pt-BR\",\"potentialAction\":[{\"@type\":\"ReadAction\",\"target\":[\"https:\/\/moderniza.me\/virtualx\/product\/balanca-computadora-upx-modelo-wind-c\/\"]}]}]}<\/script>\n<!-- \/ Yoast SEO plugin. -->","_links":{"self":[{"href":"https:\/\/moderniza.me\/virtualx\/wp-json\/wp\/v2\/product\/643"}],"collection":[{"href":"https:\/\/moderniza.me\/virtualx\/wp-json\/wp\/v2\/product"}],"about":[{"href":"https:\/\/moderniza.me\/virtualx\/wp-json\/wp\/v2\/types\/product"}],"replies":[{"embeddable":true,"href":"https:\/\/moderniza.me\/virtualx\/wp-json\/wp\/v2\/comments?post=643"}],"wp:featuredmedia":[{"embeddable":true,"href":"https:\/\/moderniza.me\/virtualx\/wp-json\/wp\/v2\/media\/674"}],"wp:attachment":[{"href":"https:\/\/moderniza.me\/virtualx\/wp-json\/wp\/v2\/media?parent=643"}],"curies":[{"name":"wp","href":"https:\/\/api.w.org\/{rel}","templated":true}]}}