
{"id":633,"date":"2021-01-28T10:20:19","date_gmt":"2021-01-28T13:20:19","guid":{"rendered":"https:\/\/moderniza.me\/virtualx\/product\/leitor-ccd-flashusbpreto-dcr2017-04577-7dcr2017-04577-7\/"},"modified":"2023-03-17T16:27:26","modified_gmt":"2023-03-17T19:27:26","slug":"leitor-ccd-flashusbpreto-dcr2017-04577-7dcr2017-04577-7","status":"publish","type":"product","link":"https:\/\/moderniza.me\/virtualx\/product\/leitor-ccd-flashusbpreto-dcr2017-04577-7dcr2017-04577-7\/","title":{"rendered":"LEITOR CCD ELGIN FLASH USB PRETO"},"content":{"rendered":"<p>Marca: Elgin<br \/>\n O leitor Flash \u00e9 imbat\u00edvel em sua categoria, \u00e9 a melhor escolha entre pre\u00e7o x desempenho.<br \/>\nProjetado para atender todos os segmentos de varejo de pequeno a m\u00e9dio porte, ele \u00e9 \u00e1gil e ergon\u00f4mico.<\/p>\n","protected":false},"excerpt":{"rendered":"<p>LEITOR CCD ELGIN FLASH USB PRETO<\/p>\n","protected":false},"featured_media":675,"comment_status":"open","ping_status":"closed","template":"","meta":[],"yoast_head":"<!-- This site is optimized with the Yoast SEO plugin v15.7 - https:\/\/yoast.com\/wordpress\/plugins\/seo\/ -->\n<title>LEITOR CCD ELGIN FLASH USB PRETO &ndash;<\/title>\n<meta name=\"robots\" content=\"index, follow, max-snippet:-1, max-image-preview:large, max-video-preview:-1\" \/>\n<link rel=\"canonical\" href=\"https:\/\/moderniza.me\/virtualx\/product\/leitor-ccd-flashusbpreto-dcr2017-04577-7dcr2017-04577-7\/\" \/>\n<meta property=\"og:locale\" content=\"pt_BR\" \/>\n<meta property=\"og:type\" content=\"article\" \/>\n<meta property=\"og:title\" content=\"LEITOR CCD ELGIN FLASH USB PRETO &ndash;\" \/>\n<meta property=\"og:description\" content=\"LEITOR CCD ELGIN FLASH USB PRETO\" \/>\n<meta property=\"og:url\" content=\"https:\/\/moderniza.me\/virtualx\/product\/leitor-ccd-flashusbpreto-dcr2017-04577-7dcr2017-04577-7\/\" \/>\n<meta property=\"article:modified_time\" content=\"2023-03-17T19:27:26+00:00\" \/>\n<meta property=\"og:image\" content=\"https:\/\/moderniza.me\/virtualx\/wp-content\/uploads\/sites\/73\/2021\/01\/3207_0.jpg\" \/>\n\t<meta property=\"og:image:width\" content=\"449\" \/>\n\t<meta property=\"og:image:height\" content=\"354\" \/>\n<meta name=\"twitter:card\" content=\"summary_large_image\" \/>\n<script type=\"application\/ld+json\" class=\"yoast-schema-graph\">{\"@context\":\"https:\/\/schema.org\",\"@graph\":[{\"@type\":\"Organization\",\"@id\":\"https:\/\/moderniza.me\/virtualx\/#organization\",\"name\":\"Virtual X\",\"url\":\"https:\/\/moderniza.me\/virtualx\/\",\"sameAs\":[],\"logo\":{\"@type\":\"ImageObject\",\"@id\":\"https:\/\/moderniza.me\/virtualx\/#logo\",\"inLanguage\":\"pt-BR\",\"url\":\"https:\/\/moderniza.me\/virtualx\/wp-content\/uploads\/sites\/73\/2021\/01\/logo-2.jpg\",\"width\":333,\"height\":130,\"caption\":\"Virtual X\"},\"image\":{\"@id\":\"https:\/\/moderniza.me\/virtualx\/#logo\"}},{\"@type\":\"WebSite\",\"@id\":\"https:\/\/moderniza.me\/virtualx\/#website\",\"url\":\"https:\/\/moderniza.me\/virtualx\/\",\"name\":\"\",\"description\":\"Compre Online de Lojas Virtuais\",\"publisher\":{\"@id\":\"https:\/\/moderniza.me\/virtualx\/#organization\"},\"potentialAction\":[{\"@type\":\"SearchAction\",\"target\":\"https:\/\/moderniza.me\/virtualx\/?s={search_term_string}\",\"query-input\":\"required name=search_term_string\"}],\"inLanguage\":\"pt-BR\"},{\"@type\":\"ImageObject\",\"@id\":\"https:\/\/moderniza.me\/virtualx\/product\/leitor-ccd-flashusbpreto-dcr2017-04577-7dcr2017-04577-7\/#primaryimage\",\"inLanguage\":\"pt-BR\",\"url\":\"https:\/\/moderniza.me\/virtualx\/wp-content\/uploads\/sites\/73\/2021\/01\/3207_0.jpg\",\"width\":449,\"height\":354},{\"@type\":[\"WebPage\",\"ItemPage\"],\"@id\":\"https:\/\/moderniza.me\/virtualx\/product\/leitor-ccd-flashusbpreto-dcr2017-04577-7dcr2017-04577-7\/#webpage\",\"url\":\"https:\/\/moderniza.me\/virtualx\/product\/leitor-ccd-flashusbpreto-dcr2017-04577-7dcr2017-04577-7\/\",\"name\":\"LEITOR CCD ELGIN FLASH USB PRETO &ndash;\",\"isPartOf\":{\"@id\":\"https:\/\/moderniza.me\/virtualx\/#website\"},\"primaryImageOfPage\":{\"@id\":\"https:\/\/moderniza.me\/virtualx\/product\/leitor-ccd-flashusbpreto-dcr2017-04577-7dcr2017-04577-7\/#primaryimage\"},\"datePublished\":\"2021-01-28T13:20:19+00:00\",\"dateModified\":\"2023-03-17T19:27:26+00:00\",\"inLanguage\":\"pt-BR\",\"potentialAction\":[{\"@type\":\"ReadAction\",\"target\":[\"https:\/\/moderniza.me\/virtualx\/product\/leitor-ccd-flashusbpreto-dcr2017-04577-7dcr2017-04577-7\/\"]}]}]}<\/script>\n<!-- \/ Yoast SEO plugin. -->","_links":{"self":[{"href":"https:\/\/moderniza.me\/virtualx\/wp-json\/wp\/v2\/product\/633"}],"collection":[{"href":"https:\/\/moderniza.me\/virtualx\/wp-json\/wp\/v2\/product"}],"about":[{"href":"https:\/\/moderniza.me\/virtualx\/wp-json\/wp\/v2\/types\/product"}],"replies":[{"embeddable":true,"href":"https:\/\/moderniza.me\/virtualx\/wp-json\/wp\/v2\/comments?post=633"}],"wp:featuredmedia":[{"embeddable":true,"href":"https:\/\/moderniza.me\/virtualx\/wp-json\/wp\/v2\/media\/675"}],"wp:attachment":[{"href":"https:\/\/moderniza.me\/virtualx\/wp-json\/wp\/v2\/media?parent=633"}],"curies":[{"name":"wp","href":"https:\/\/api.w.org\/{rel}","templated":true}]}}