
{"id":561,"date":"2021-01-20T11:38:12","date_gmt":"2021-01-20T14:38:12","guid":{"rendered":"https:\/\/moderniza.me\/testevirtualx\/product\/leitor-elgin-quickscan-qw2100\/"},"modified":"2023-03-17T16:27:25","modified_gmt":"2023-03-17T19:27:25","slug":"leitor-elgin-quickscan-qw2100","status":"publish","type":"product","link":"https:\/\/moderniza.me\/virtualx\/product\/leitor-elgin-quickscan-qw2100\/","title":{"rendered":"LEITOR ELGIN QUICKSCAN QW2100"},"content":{"rendered":"<p>Marca: Elgin<br \/>\n QuickScan Lite QW2100<\/p>\n<p>Uso geral do leitor de c\u00f3digo de barras de imagens lineares da \u00e1rea port\u00e1til com fio.<\/p>\n<p>As s\u00e9ries de leitura QuickScan s\u00e3o a linha de valor Datalogic ADC de produtos de coleta de dados port\u00e1teis de finalidade geral. O gerador de imagens lineares QuickScan Lite QW2100 \u00e9 um produto de n\u00edvel b\u00e1sico criado especificamente para leitura de c\u00f3digo de barras longos e truncados que s\u00e3o comuns em alguns lugares do mundo. Ele \u00e9 perfeito para utiliza\u00e7\u00e3o em varejo, manufatura leve, processamento de documentos\/faturas e ambientes banc\u00e1rios\/financeiros.<\/p>\n","protected":false},"excerpt":{"rendered":"<p>LEITOR ELGIN QUICKSCAN QW2100<\/p>\n","protected":false},"featured_media":676,"comment_status":"open","ping_status":"closed","template":"","meta":[],"yoast_head":"<!-- This site is optimized with the Yoast SEO plugin v15.7 - https:\/\/yoast.com\/wordpress\/plugins\/seo\/ -->\n<title>LEITOR ELGIN QUICKSCAN QW2100 &ndash;<\/title>\n<meta name=\"robots\" content=\"index, follow, max-snippet:-1, max-image-preview:large, max-video-preview:-1\" \/>\n<link rel=\"canonical\" href=\"https:\/\/moderniza.me\/virtualx\/product\/leitor-elgin-quickscan-qw2100\/\" \/>\n<meta property=\"og:locale\" content=\"pt_BR\" \/>\n<meta property=\"og:type\" content=\"article\" \/>\n<meta property=\"og:title\" content=\"LEITOR ELGIN QUICKSCAN QW2100 &ndash;\" \/>\n<meta property=\"og:description\" content=\"LEITOR ELGIN QUICKSCAN QW2100\" \/>\n<meta property=\"og:url\" content=\"https:\/\/moderniza.me\/virtualx\/product\/leitor-elgin-quickscan-qw2100\/\" \/>\n<meta property=\"article:modified_time\" content=\"2023-03-17T19:27:25+00:00\" \/>\n<meta property=\"og:image\" content=\"https:\/\/moderniza.me\/virtualx\/wp-content\/uploads\/sites\/73\/2021\/01\/3007_0.jpg\" \/>\n\t<meta property=\"og:image:width\" content=\"413\" \/>\n\t<meta property=\"og:image:height\" content=\"451\" \/>\n<meta name=\"twitter:card\" content=\"summary_large_image\" \/>\n<meta name=\"twitter:label1\" content=\"Est. reading time\">\n\t<meta name=\"twitter:data1\" content=\"1 minuto\">\n<script type=\"application\/ld+json\" class=\"yoast-schema-graph\">{\"@context\":\"https:\/\/schema.org\",\"@graph\":[{\"@type\":\"Organization\",\"@id\":\"https:\/\/moderniza.me\/virtualx\/#organization\",\"name\":\"Virtual X\",\"url\":\"https:\/\/moderniza.me\/virtualx\/\",\"sameAs\":[],\"logo\":{\"@type\":\"ImageObject\",\"@id\":\"https:\/\/moderniza.me\/virtualx\/#logo\",\"inLanguage\":\"pt-BR\",\"url\":\"https:\/\/moderniza.me\/virtualx\/wp-content\/uploads\/sites\/73\/2021\/01\/logo-2.jpg\",\"width\":333,\"height\":130,\"caption\":\"Virtual X\"},\"image\":{\"@id\":\"https:\/\/moderniza.me\/virtualx\/#logo\"}},{\"@type\":\"WebSite\",\"@id\":\"https:\/\/moderniza.me\/virtualx\/#website\",\"url\":\"https:\/\/moderniza.me\/virtualx\/\",\"name\":\"\",\"description\":\"Compre Online de Lojas Virtuais\",\"publisher\":{\"@id\":\"https:\/\/moderniza.me\/virtualx\/#organization\"},\"potentialAction\":[{\"@type\":\"SearchAction\",\"target\":\"https:\/\/moderniza.me\/virtualx\/?s={search_term_string}\",\"query-input\":\"required name=search_term_string\"}],\"inLanguage\":\"pt-BR\"},{\"@type\":\"ImageObject\",\"@id\":\"https:\/\/moderniza.me\/virtualx\/product\/leitor-elgin-quickscan-qw2100\/#primaryimage\",\"inLanguage\":\"pt-BR\",\"url\":\"https:\/\/moderniza.me\/virtualx\/wp-content\/uploads\/sites\/73\/2021\/01\/3007_0.jpg\",\"width\":413,\"height\":451},{\"@type\":[\"WebPage\",\"ItemPage\"],\"@id\":\"https:\/\/moderniza.me\/virtualx\/product\/leitor-elgin-quickscan-qw2100\/#webpage\",\"url\":\"https:\/\/moderniza.me\/virtualx\/product\/leitor-elgin-quickscan-qw2100\/\",\"name\":\"LEITOR ELGIN QUICKSCAN QW2100 &ndash;\",\"isPartOf\":{\"@id\":\"https:\/\/moderniza.me\/virtualx\/#website\"},\"primaryImageOfPage\":{\"@id\":\"https:\/\/moderniza.me\/virtualx\/product\/leitor-elgin-quickscan-qw2100\/#primaryimage\"},\"datePublished\":\"2021-01-20T14:38:12+00:00\",\"dateModified\":\"2023-03-17T19:27:25+00:00\",\"inLanguage\":\"pt-BR\",\"potentialAction\":[{\"@type\":\"ReadAction\",\"target\":[\"https:\/\/moderniza.me\/virtualx\/product\/leitor-elgin-quickscan-qw2100\/\"]}]}]}<\/script>\n<!-- \/ Yoast SEO plugin. -->","_links":{"self":[{"href":"https:\/\/moderniza.me\/virtualx\/wp-json\/wp\/v2\/product\/561"}],"collection":[{"href":"https:\/\/moderniza.me\/virtualx\/wp-json\/wp\/v2\/product"}],"about":[{"href":"https:\/\/moderniza.me\/virtualx\/wp-json\/wp\/v2\/types\/product"}],"replies":[{"embeddable":true,"href":"https:\/\/moderniza.me\/virtualx\/wp-json\/wp\/v2\/comments?post=561"}],"wp:featuredmedia":[{"embeddable":true,"href":"https:\/\/moderniza.me\/virtualx\/wp-json\/wp\/v2\/media\/676"}],"wp:attachment":[{"href":"https:\/\/moderniza.me\/virtualx\/wp-json\/wp\/v2\/media?parent=561"}],"curies":[{"name":"wp","href":"https:\/\/api.w.org\/{rel}","templated":true}]}}