
{"id":1124,"date":"2023-04-01T10:22:53","date_gmt":"2023-04-01T13:22:53","guid":{"rendered":"https:\/\/moderniza.me\/virtualx\/product\/impressora-de-etiquetas-argox-os-2140-os-2140-os2140-preta\/"},"modified":"2023-04-01T10:27:24","modified_gmt":"2023-04-01T13:27:24","slug":"impressora-de-etiquetas-argox-os-2140-os-2140-os2140-preta","status":"publish","type":"product","link":"https:\/\/moderniza.me\/virtualx\/product\/impressora-de-etiquetas-argox-os-2140-os-2140-os2140-preta\/","title":{"rendered":"Impressora de etiquetas Argox OS 2140 \/ OS-2140 \/ OS2140 Preta"},"content":{"rendered":"<p>Marca: Geral<br \/>\n Impressora Argox OS-214 Plus<\/p>\n<p>A impressora Argox OS-214 Plus oferece a possibilidade de impress\u00e3o por transfer\u00eancia t\u00e9rmica e t\u00e9rmica direta, al\u00e9m disso a OS-214 Plus \u00e9 elegante, atraente e possui variados recursos.<br \/>\nO sistema Easy Loading garante uma instala\u00e7\u00e3o f\u00e1cil e r\u00e1pida da bobina de etiquetas e da bobina de ribbon, permitindo que o pr\u00f3prio usu\u00e1rio consiga realizar a troca de maneira r\u00e1pida sem comprometer a produtividade do estabelecimento.<\/p>\n","protected":false},"excerpt":{"rendered":"<p>Impressora de etiquetas Argox OS 2140 \/ OS-2140 \/ OS2140 Preta<\/p>\n","protected":false},"featured_media":1136,"comment_status":"open","ping_status":"closed","template":"","meta":[],"yoast_head":"<!-- This site is optimized with the Yoast SEO plugin v15.7 - https:\/\/yoast.com\/wordpress\/plugins\/seo\/ -->\n<title>Impressora de etiquetas Argox OS 2140 \/ OS-2140 \/ OS2140 Preta &ndash;<\/title>\n<meta name=\"robots\" content=\"index, follow, max-snippet:-1, max-image-preview:large, max-video-preview:-1\" \/>\n<link rel=\"canonical\" href=\"https:\/\/moderniza.me\/virtualx\/product\/impressora-de-etiquetas-argox-os-2140-os-2140-os2140-preta\/\" \/>\n<meta property=\"og:locale\" content=\"pt_BR\" \/>\n<meta property=\"og:type\" content=\"article\" \/>\n<meta property=\"og:title\" content=\"Impressora de etiquetas Argox OS 2140 \/ OS-2140 \/ OS2140 Preta &ndash;\" \/>\n<meta property=\"og:description\" content=\"Impressora de etiquetas Argox OS 2140 \/ OS-2140 \/ OS2140 Preta\" \/>\n<meta property=\"og:url\" content=\"https:\/\/moderniza.me\/virtualx\/product\/impressora-de-etiquetas-argox-os-2140-os-2140-os2140-preta\/\" \/>\n<meta property=\"article:modified_time\" content=\"2023-04-01T13:27:24+00:00\" \/>\n<meta name=\"twitter:card\" content=\"summary_large_image\" \/>\n<script type=\"application\/ld+json\" class=\"yoast-schema-graph\">{\"@context\":\"https:\/\/schema.org\",\"@graph\":[{\"@type\":\"Organization\",\"@id\":\"https:\/\/moderniza.me\/virtualx\/#organization\",\"name\":\"Virtual X\",\"url\":\"https:\/\/moderniza.me\/virtualx\/\",\"sameAs\":[],\"logo\":{\"@type\":\"ImageObject\",\"@id\":\"https:\/\/moderniza.me\/virtualx\/#logo\",\"inLanguage\":\"pt-BR\",\"url\":\"https:\/\/moderniza.me\/virtualx\/wp-content\/uploads\/sites\/73\/2021\/01\/logo-2.jpg\",\"width\":333,\"height\":130,\"caption\":\"Virtual X\"},\"image\":{\"@id\":\"https:\/\/moderniza.me\/virtualx\/#logo\"}},{\"@type\":\"WebSite\",\"@id\":\"https:\/\/moderniza.me\/virtualx\/#website\",\"url\":\"https:\/\/moderniza.me\/virtualx\/\",\"name\":\"\",\"description\":\"Compre Online de Lojas Virtuais\",\"publisher\":{\"@id\":\"https:\/\/moderniza.me\/virtualx\/#organization\"},\"potentialAction\":[{\"@type\":\"SearchAction\",\"target\":\"https:\/\/moderniza.me\/virtualx\/?s={search_term_string}\",\"query-input\":\"required name=search_term_string\"}],\"inLanguage\":\"pt-BR\"},{\"@type\":\"ImageObject\",\"@id\":\"https:\/\/moderniza.me\/virtualx\/product\/impressora-de-etiquetas-argox-os-2140-os-2140-os2140-preta\/#primaryimage\",\"inLanguage\":\"pt-BR\",\"url\":\"https:\/\/moderniza.me\/virtualx\/wp-content\/uploads\/sites\/73\/2023\/04\/3244_0.png\",\"width\":470,\"height\":387},{\"@type\":[\"WebPage\",\"ItemPage\"],\"@id\":\"https:\/\/moderniza.me\/virtualx\/product\/impressora-de-etiquetas-argox-os-2140-os-2140-os2140-preta\/#webpage\",\"url\":\"https:\/\/moderniza.me\/virtualx\/product\/impressora-de-etiquetas-argox-os-2140-os-2140-os2140-preta\/\",\"name\":\"Impressora de etiquetas Argox OS 2140 \/ OS-2140 \/ OS2140 Preta &ndash;\",\"isPartOf\":{\"@id\":\"https:\/\/moderniza.me\/virtualx\/#website\"},\"primaryImageOfPage\":{\"@id\":\"https:\/\/moderniza.me\/virtualx\/product\/impressora-de-etiquetas-argox-os-2140-os-2140-os2140-preta\/#primaryimage\"},\"datePublished\":\"2023-04-01T13:22:53+00:00\",\"dateModified\":\"2023-04-01T13:27:24+00:00\",\"inLanguage\":\"pt-BR\",\"potentialAction\":[{\"@type\":\"ReadAction\",\"target\":[\"https:\/\/moderniza.me\/virtualx\/product\/impressora-de-etiquetas-argox-os-2140-os-2140-os2140-preta\/\"]}]}]}<\/script>\n<!-- \/ Yoast SEO plugin. -->","_links":{"self":[{"href":"https:\/\/moderniza.me\/virtualx\/wp-json\/wp\/v2\/product\/1124"}],"collection":[{"href":"https:\/\/moderniza.me\/virtualx\/wp-json\/wp\/v2\/product"}],"about":[{"href":"https:\/\/moderniza.me\/virtualx\/wp-json\/wp\/v2\/types\/product"}],"replies":[{"embeddable":true,"href":"https:\/\/moderniza.me\/virtualx\/wp-json\/wp\/v2\/comments?post=1124"}],"wp:featuredmedia":[{"embeddable":true,"href":"https:\/\/moderniza.me\/virtualx\/wp-json\/wp\/v2\/media\/1136"}],"wp:attachment":[{"href":"https:\/\/moderniza.me\/virtualx\/wp-json\/wp\/v2\/media?parent=1124"}],"curies":[{"name":"wp","href":"https:\/\/api.w.org\/{rel}","templated":true}]}}