
{"id":597,"date":"2020-08-27T14:55:02","date_gmt":"2020-08-27T17:55:02","guid":{"rendered":"https:\/\/moderniza.me\/sandestec\/product\/cartao-de-memoria-microsdhc-32gb-class10\/"},"modified":"2020-08-27T14:55:02","modified_gmt":"2020-08-27T17:55:02","slug":"cartao-de-memoria-microsdhc-32gb-class10","status":"publish","type":"product","link":"https:\/\/moderniza.me\/sandestec\/product\/cartao-de-memoria-microsdhc-32gb-class10\/","title":{"rendered":"Cart\u00e3o de Mem\u00f3ria MicroSDHC 32GB Class10"},"content":{"rendered":"<p>Marca: VOIA<br \/>\nVoltagem de opera\u00e7\u00e3o: 2.7V \u00e0 3.6V<br \/>\nTemperatura de opera\u00e7\u00e3o: -25\u00b0C \u00e0 +85\u00b0C<br \/>\nDimens\u00f5es: 15mm(L) x 11mm(W) x 1mm(H)<br \/>\nCapacidade nominal de armazenamento: 32GB<\/p>\n","protected":false},"excerpt":{"rendered":"<p>Cart\u00e3o de Mem\u00f3ria MicroSDHC 32GB Class10<\/p>\n","protected":false},"featured_media":0,"comment_status":"open","ping_status":"closed","template":"","meta":[],"yoast_head":"<!-- This site is optimized with the Yoast SEO plugin v15.7 - https:\/\/yoast.com\/wordpress\/plugins\/seo\/ -->\n<title>Cart\u00e3o de Mem\u00f3ria MicroSDHC 32GB Class10 - Sandes Tecnologia<\/title>\n<meta name=\"robots\" content=\"index, follow, max-snippet:-1, max-image-preview:large, max-video-preview:-1\" \/>\n<link rel=\"canonical\" href=\"https:\/\/moderniza.me\/sandestec\/product\/cartao-de-memoria-microsdhc-32gb-class10\/\" \/>\n<meta property=\"og:locale\" content=\"pt_BR\" \/>\n<meta property=\"og:type\" content=\"article\" \/>\n<meta property=\"og:title\" content=\"Cart\u00e3o de Mem\u00f3ria MicroSDHC 32GB Class10 - Sandes Tecnologia\" \/>\n<meta property=\"og:description\" content=\"Cart\u00e3o de Mem\u00f3ria MicroSDHC 32GB Class10\" \/>\n<meta property=\"og:url\" content=\"https:\/\/moderniza.me\/sandestec\/product\/cartao-de-memoria-microsdhc-32gb-class10\/\" \/>\n<meta property=\"og:site_name\" content=\"Sandes Tecnologia\" \/>\n<meta name=\"twitter:card\" content=\"summary_large_image\" \/>\n<script type=\"application\/ld+json\" class=\"yoast-schema-graph\">{\"@context\":\"https:\/\/schema.org\",\"@graph\":[{\"@type\":\"WebSite\",\"@id\":\"https:\/\/moderniza.me\/sandestec\/#website\",\"url\":\"https:\/\/moderniza.me\/sandestec\/\",\"name\":\"Sandes Tecnologia\",\"description\":\"Compre Online de Lojas Locais\",\"potentialAction\":[{\"@type\":\"SearchAction\",\"target\":\"https:\/\/moderniza.me\/sandestec\/?s={search_term_string}\",\"query-input\":\"required name=search_term_string\"}],\"inLanguage\":\"pt-BR\"},{\"@type\":\"WebPage\",\"@id\":\"https:\/\/moderniza.me\/sandestec\/product\/cartao-de-memoria-microsdhc-32gb-class10\/#webpage\",\"url\":\"https:\/\/moderniza.me\/sandestec\/product\/cartao-de-memoria-microsdhc-32gb-class10\/\",\"name\":\"Cart\\u00e3o de Mem\\u00f3ria MicroSDHC 32GB Class10 - Sandes Tecnologia\",\"isPartOf\":{\"@id\":\"https:\/\/moderniza.me\/sandestec\/#website\"},\"datePublished\":\"2020-08-27T17:55:02+00:00\",\"dateModified\":\"2020-08-27T17:55:02+00:00\",\"inLanguage\":\"pt-BR\",\"potentialAction\":[{\"@type\":\"ReadAction\",\"target\":[\"https:\/\/moderniza.me\/sandestec\/product\/cartao-de-memoria-microsdhc-32gb-class10\/\"]}]}]}<\/script>\n<!-- \/ Yoast SEO plugin. -->","_links":{"self":[{"href":"https:\/\/moderniza.me\/sandestec\/wp-json\/wp\/v2\/product\/597"}],"collection":[{"href":"https:\/\/moderniza.me\/sandestec\/wp-json\/wp\/v2\/product"}],"about":[{"href":"https:\/\/moderniza.me\/sandestec\/wp-json\/wp\/v2\/types\/product"}],"replies":[{"embeddable":true,"href":"https:\/\/moderniza.me\/sandestec\/wp-json\/wp\/v2\/comments?post=597"}],"wp:attachment":[{"href":"https:\/\/moderniza.me\/sandestec\/wp-json\/wp\/v2\/media?parent=597"}],"curies":[{"name":"wp","href":"https:\/\/api.w.org\/{rel}","templated":true}]}}