
{"id":588,"date":"2020-08-27T14:54:48","date_gmt":"2020-08-27T17:54:48","guid":{"rendered":"https:\/\/moderniza.me\/sandestec\/product\/camera-infravermelho-sony-effio-760\/"},"modified":"2020-08-28T15:52:32","modified_gmt":"2020-08-28T18:52:32","slug":"camera-infravermelho-sony-effio-760","status":"publish","type":"product","link":"https:\/\/moderniza.me\/sandestec\/product\/camera-infravermelho-sony-effio-760\/","title":{"rendered":"C\u00e2mera Infravermelho Sony Effio 760"},"content":{"rendered":"<p>Marca: GIGA Security<br \/>\nSensor de imagem: CCD Sony 1\/3 EFFIO 760H<br \/>\nFormato do v\u00eddeo: NTSC<br \/>\nPixels efetivos: 768(H) x 494(V)<br \/>\nResolu\u00e7\u00e3o horizontal: 760 linhas<br \/>\nRela\u00e7\u00e3o sinal\/ru\u00eddo: &gt; 48 dB (ACC Desligado)<br \/>\nObturador eletr\u00f4nico (Autom\u00e1tico): 1\/60 &#8211; 1\/100.000 seg.<br \/>\nSa\u00edda de v\u00eddeo: V\u00eddeo composto 1,0 Vpp, 75<br \/>\n\u00cdris: Eletr\u00f4nica<br \/>\nLente: 2.8mm<br \/>\nDist\u00e2ncia: 25m<br \/>\nQuantidade de LEDs: 24<br \/>\nBLC (Compensa\u00e7\u00e3o de luz de fundo): SIM<br \/>\nAGC (Controle autim\u00e1tico de ganho): SIM<br \/>\nBalan\u00e7o de bra\u00e7o: Autom\u00e1tico<br \/>\nAlimenta\u00e7\u00e3o: 12VDC<br \/>\nCom LEDs IR desligados: &#8211;<br \/>\nCom LEDs IR ligados: 0 lux (Led&#8217;sAcionados)<\/p>\n","protected":false},"excerpt":{"rendered":"<p>C\u00e2mera Infravermelho Sony Effio 760<\/p>\n","protected":false},"featured_media":609,"comment_status":"open","ping_status":"closed","template":"","meta":[],"yoast_head":"<!-- This site is optimized with the Yoast SEO plugin v15.7 - https:\/\/yoast.com\/wordpress\/plugins\/seo\/ -->\n<title>C\u00e2mera Infravermelho Sony Effio 760 - Sandes Tecnologia<\/title>\n<meta name=\"robots\" content=\"index, follow, max-snippet:-1, max-image-preview:large, max-video-preview:-1\" \/>\n<link rel=\"canonical\" href=\"https:\/\/moderniza.me\/sandestec\/product\/camera-infravermelho-sony-effio-760\/\" \/>\n<meta property=\"og:locale\" content=\"pt_BR\" \/>\n<meta property=\"og:type\" content=\"article\" \/>\n<meta property=\"og:title\" content=\"C\u00e2mera Infravermelho Sony Effio 760 - Sandes Tecnologia\" \/>\n<meta property=\"og:description\" content=\"C\u00e2mera Infravermelho Sony Effio 760\" \/>\n<meta property=\"og:url\" content=\"https:\/\/moderniza.me\/sandestec\/product\/camera-infravermelho-sony-effio-760\/\" \/>\n<meta property=\"og:site_name\" content=\"Sandes Tecnologia\" \/>\n<meta property=\"article:modified_time\" content=\"2020-08-28T18:52:32+00:00\" \/>\n<meta property=\"og:image\" content=\"https:\/\/moderniza.me\/sandestec\/wp-content\/uploads\/sites\/29\/2020\/08\/giga_7025et.jpg\" \/>\n\t<meta property=\"og:image:width\" content=\"450\" \/>\n\t<meta property=\"og:image:height\" content=\"450\" \/>\n<meta name=\"twitter:card\" content=\"summary_large_image\" \/>\n<script type=\"application\/ld+json\" class=\"yoast-schema-graph\">{\"@context\":\"https:\/\/schema.org\",\"@graph\":[{\"@type\":\"WebSite\",\"@id\":\"https:\/\/moderniza.me\/sandestec\/#website\",\"url\":\"https:\/\/moderniza.me\/sandestec\/\",\"name\":\"Sandes Tecnologia\",\"description\":\"Compre Online de Lojas Locais\",\"potentialAction\":[{\"@type\":\"SearchAction\",\"target\":\"https:\/\/moderniza.me\/sandestec\/?s={search_term_string}\",\"query-input\":\"required name=search_term_string\"}],\"inLanguage\":\"pt-BR\"},{\"@type\":\"ImageObject\",\"@id\":\"https:\/\/moderniza.me\/sandestec\/product\/camera-infravermelho-sony-effio-760\/#primaryimage\",\"inLanguage\":\"pt-BR\",\"url\":\"https:\/\/moderniza.me\/sandestec\/wp-content\/uploads\/sites\/29\/2020\/08\/giga_7025et.jpg\",\"width\":450,\"height\":450},{\"@type\":\"WebPage\",\"@id\":\"https:\/\/moderniza.me\/sandestec\/product\/camera-infravermelho-sony-effio-760\/#webpage\",\"url\":\"https:\/\/moderniza.me\/sandestec\/product\/camera-infravermelho-sony-effio-760\/\",\"name\":\"C\\u00e2mera Infravermelho Sony Effio 760 - Sandes Tecnologia\",\"isPartOf\":{\"@id\":\"https:\/\/moderniza.me\/sandestec\/#website\"},\"primaryImageOfPage\":{\"@id\":\"https:\/\/moderniza.me\/sandestec\/product\/camera-infravermelho-sony-effio-760\/#primaryimage\"},\"datePublished\":\"2020-08-27T17:54:48+00:00\",\"dateModified\":\"2020-08-28T18:52:32+00:00\",\"inLanguage\":\"pt-BR\",\"potentialAction\":[{\"@type\":\"ReadAction\",\"target\":[\"https:\/\/moderniza.me\/sandestec\/product\/camera-infravermelho-sony-effio-760\/\"]}]}]}<\/script>\n<!-- \/ Yoast SEO plugin. -->","_links":{"self":[{"href":"https:\/\/moderniza.me\/sandestec\/wp-json\/wp\/v2\/product\/588"}],"collection":[{"href":"https:\/\/moderniza.me\/sandestec\/wp-json\/wp\/v2\/product"}],"about":[{"href":"https:\/\/moderniza.me\/sandestec\/wp-json\/wp\/v2\/types\/product"}],"replies":[{"embeddable":true,"href":"https:\/\/moderniza.me\/sandestec\/wp-json\/wp\/v2\/comments?post=588"}],"wp:featuredmedia":[{"embeddable":true,"href":"https:\/\/moderniza.me\/sandestec\/wp-json\/wp\/v2\/media\/609"}],"wp:attachment":[{"href":"https:\/\/moderniza.me\/sandestec\/wp-json\/wp\/v2\/media?parent=588"}],"curies":[{"name":"wp","href":"https:\/\/api.w.org\/{rel}","templated":true}]}}