
{"id":585,"date":"2020-08-27T14:54:44","date_gmt":"2020-08-27T17:54:44","guid":{"rendered":"https:\/\/moderniza.me\/sandestec\/product\/video-baloon-vivatec-par-c-fio\/"},"modified":"2020-08-28T13:41:16","modified_gmt":"2020-08-28T16:41:16","slug":"video-baloon-vivatec-par-c-fio","status":"publish","type":"product","link":"https:\/\/moderniza.me\/sandestec\/product\/video-baloon-vivatec-par-c-fio\/","title":{"rendered":"Video Baloon Vivatec (Par) C\/Fio"},"content":{"rendered":"<p>Marca: VIVATECH<br \/>\nTransmiss\u00e3o de Video via cabo UTP CAT5.<br \/>\nEconomia de 10-20% com cabos<br \/>\nFull-Motion Videeo CCTV at\u00e9 2000ft (600m) de dist\u00e2ncia<br \/>\nExcepcional rejei\u00e7\u00e3o de interfer\u00eancia e prote\u00e7\u00e3o transit\u00f3ria<br \/>\nBNC macho permite conex\u00e3o diretamente com a camera ou DVR<br \/>\nN\u00e3o precisa de energia<\/p>\n","protected":false},"excerpt":{"rendered":"<p>Video Baloon Vivatec (Par) C\/Fio<\/p>\n","protected":false},"featured_media":604,"comment_status":"open","ping_status":"closed","template":"","meta":[],"yoast_head":"<!-- This site is optimized with the Yoast SEO plugin v15.7 - https:\/\/yoast.com\/wordpress\/plugins\/seo\/ -->\n<title>Video Baloon Vivatec (Par) C\/Fio - Sandes Tecnologia<\/title>\n<meta name=\"robots\" content=\"index, follow, max-snippet:-1, max-image-preview:large, max-video-preview:-1\" \/>\n<link rel=\"canonical\" href=\"https:\/\/moderniza.me\/sandestec\/product\/video-baloon-vivatec-par-c-fio\/\" \/>\n<meta property=\"og:locale\" content=\"pt_BR\" \/>\n<meta property=\"og:type\" content=\"article\" \/>\n<meta property=\"og:title\" content=\"Video Baloon Vivatec (Par) C\/Fio - Sandes Tecnologia\" \/>\n<meta property=\"og:description\" content=\"Video Baloon Vivatec (Par) C\/Fio\" \/>\n<meta property=\"og:url\" content=\"https:\/\/moderniza.me\/sandestec\/product\/video-baloon-vivatec-par-c-fio\/\" \/>\n<meta property=\"og:site_name\" content=\"Sandes Tecnologia\" \/>\n<meta property=\"article:modified_time\" content=\"2020-08-28T16:41:16+00:00\" \/>\n<meta property=\"og:image\" content=\"https:\/\/moderniza.me\/sandestec\/wp-content\/uploads\/sites\/29\/2020\/08\/download.jpeg\" \/>\n\t<meta property=\"og:image:width\" content=\"225\" \/>\n\t<meta property=\"og:image:height\" content=\"225\" \/>\n<meta name=\"twitter:card\" content=\"summary_large_image\" \/>\n<script type=\"application\/ld+json\" class=\"yoast-schema-graph\">{\"@context\":\"https:\/\/schema.org\",\"@graph\":[{\"@type\":\"WebSite\",\"@id\":\"https:\/\/moderniza.me\/sandestec\/#website\",\"url\":\"https:\/\/moderniza.me\/sandestec\/\",\"name\":\"Sandes Tecnologia\",\"description\":\"Compre Online de Lojas Locais\",\"potentialAction\":[{\"@type\":\"SearchAction\",\"target\":\"https:\/\/moderniza.me\/sandestec\/?s={search_term_string}\",\"query-input\":\"required name=search_term_string\"}],\"inLanguage\":\"pt-BR\"},{\"@type\":\"ImageObject\",\"@id\":\"https:\/\/moderniza.me\/sandestec\/product\/video-baloon-vivatec-par-c-fio\/#primaryimage\",\"inLanguage\":\"pt-BR\",\"url\":\"https:\/\/moderniza.me\/sandestec\/wp-content\/uploads\/sites\/29\/2020\/08\/download.jpeg\",\"width\":225,\"height\":225},{\"@type\":\"WebPage\",\"@id\":\"https:\/\/moderniza.me\/sandestec\/product\/video-baloon-vivatec-par-c-fio\/#webpage\",\"url\":\"https:\/\/moderniza.me\/sandestec\/product\/video-baloon-vivatec-par-c-fio\/\",\"name\":\"Video Baloon Vivatec (Par) C\/Fio - Sandes Tecnologia\",\"isPartOf\":{\"@id\":\"https:\/\/moderniza.me\/sandestec\/#website\"},\"primaryImageOfPage\":{\"@id\":\"https:\/\/moderniza.me\/sandestec\/product\/video-baloon-vivatec-par-c-fio\/#primaryimage\"},\"datePublished\":\"2020-08-27T17:54:44+00:00\",\"dateModified\":\"2020-08-28T16:41:16+00:00\",\"inLanguage\":\"pt-BR\",\"potentialAction\":[{\"@type\":\"ReadAction\",\"target\":[\"https:\/\/moderniza.me\/sandestec\/product\/video-baloon-vivatec-par-c-fio\/\"]}]}]}<\/script>\n<!-- \/ Yoast SEO plugin. -->","_links":{"self":[{"href":"https:\/\/moderniza.me\/sandestec\/wp-json\/wp\/v2\/product\/585"}],"collection":[{"href":"https:\/\/moderniza.me\/sandestec\/wp-json\/wp\/v2\/product"}],"about":[{"href":"https:\/\/moderniza.me\/sandestec\/wp-json\/wp\/v2\/types\/product"}],"replies":[{"embeddable":true,"href":"https:\/\/moderniza.me\/sandestec\/wp-json\/wp\/v2\/comments?post=585"}],"wp:featuredmedia":[{"embeddable":true,"href":"https:\/\/moderniza.me\/sandestec\/wp-json\/wp\/v2\/media\/604"}],"wp:attachment":[{"href":"https:\/\/moderniza.me\/sandestec\/wp-json\/wp\/v2\/media?parent=585"}],"curies":[{"name":"wp","href":"https:\/\/api.w.org\/{rel}","templated":true}]}}