
{"id":583,"date":"2020-08-27T14:54:41","date_gmt":"2020-08-27T17:54:41","guid":{"rendered":"https:\/\/moderniza.me\/sandestec\/product\/suporte-tv-articulado-10-a-40\/"},"modified":"2020-08-27T14:54:41","modified_gmt":"2020-08-27T17:54:41","slug":"suporte-tv-articulado-10-a-40","status":"publish","type":"product","link":"https:\/\/moderniza.me\/sandestec\/product\/suporte-tv-articulado-10-a-40\/","title":{"rendered":"Suporte TV Articulado 10&#8243; a 40&#8243;"},"content":{"rendered":"<p>Marca: Brasforma<br \/>\nSuporte de parede para TV de 10&#8243; a 40&#8243; (25 cm &#8211; 101 cm)<br \/>\nVis\u00e3o frontal, superior e lateral<br \/>\nCarga m\u00e1xima: 40 kg<br \/>\n4 pontos de fixa\u00e7\u00e3o entre a TV e o suporte<br \/>\nDesenvolvido em a\u00e7o carbono de alt\u00edssima resist\u00eancia<br \/>\nGarantia: 5 anos<br \/>\nIncluso: Manual de instala\u00e7\u00e3o, parafusos (M4, M6 e M8) e buchas<\/p>\n","protected":false},"excerpt":{"rendered":"<p>Suporte TV Articulado 10&#8243; a 40&#8243;<\/p>\n","protected":false},"featured_media":0,"comment_status":"open","ping_status":"closed","template":"","meta":[],"yoast_head":"<!-- This site is optimized with the Yoast SEO plugin v15.7 - https:\/\/yoast.com\/wordpress\/plugins\/seo\/ -->\n<title>Suporte TV Articulado 10&quot; a 40&quot; - Sandes Tecnologia<\/title>\n<meta name=\"robots\" content=\"index, follow, max-snippet:-1, max-image-preview:large, max-video-preview:-1\" \/>\n<link rel=\"canonical\" href=\"https:\/\/moderniza.me\/sandestec\/product\/suporte-tv-articulado-10-a-40\/\" \/>\n<meta property=\"og:locale\" content=\"pt_BR\" \/>\n<meta property=\"og:type\" content=\"article\" \/>\n<meta property=\"og:title\" content=\"Suporte TV Articulado 10&quot; a 40&quot; - Sandes Tecnologia\" \/>\n<meta property=\"og:description\" content=\"Suporte TV Articulado 10&quot; a 40&quot;\" \/>\n<meta property=\"og:url\" content=\"https:\/\/moderniza.me\/sandestec\/product\/suporte-tv-articulado-10-a-40\/\" \/>\n<meta property=\"og:site_name\" content=\"Sandes Tecnologia\" \/>\n<meta name=\"twitter:card\" content=\"summary_large_image\" \/>\n<script type=\"application\/ld+json\" class=\"yoast-schema-graph\">{\"@context\":\"https:\/\/schema.org\",\"@graph\":[{\"@type\":\"WebSite\",\"@id\":\"https:\/\/moderniza.me\/sandestec\/#website\",\"url\":\"https:\/\/moderniza.me\/sandestec\/\",\"name\":\"Sandes Tecnologia\",\"description\":\"Compre Online de Lojas Locais\",\"potentialAction\":[{\"@type\":\"SearchAction\",\"target\":\"https:\/\/moderniza.me\/sandestec\/?s={search_term_string}\",\"query-input\":\"required name=search_term_string\"}],\"inLanguage\":\"pt-BR\"},{\"@type\":\"WebPage\",\"@id\":\"https:\/\/moderniza.me\/sandestec\/product\/suporte-tv-articulado-10-a-40\/#webpage\",\"url\":\"https:\/\/moderniza.me\/sandestec\/product\/suporte-tv-articulado-10-a-40\/\",\"name\":\"Suporte TV Articulado 10\\\" a 40\\\" - Sandes Tecnologia\",\"isPartOf\":{\"@id\":\"https:\/\/moderniza.me\/sandestec\/#website\"},\"datePublished\":\"2020-08-27T17:54:41+00:00\",\"dateModified\":\"2020-08-27T17:54:41+00:00\",\"inLanguage\":\"pt-BR\",\"potentialAction\":[{\"@type\":\"ReadAction\",\"target\":[\"https:\/\/moderniza.me\/sandestec\/product\/suporte-tv-articulado-10-a-40\/\"]}]}]}<\/script>\n<!-- \/ Yoast SEO plugin. -->","_links":{"self":[{"href":"https:\/\/moderniza.me\/sandestec\/wp-json\/wp\/v2\/product\/583"}],"collection":[{"href":"https:\/\/moderniza.me\/sandestec\/wp-json\/wp\/v2\/product"}],"about":[{"href":"https:\/\/moderniza.me\/sandestec\/wp-json\/wp\/v2\/types\/product"}],"replies":[{"embeddable":true,"href":"https:\/\/moderniza.me\/sandestec\/wp-json\/wp\/v2\/comments?post=583"}],"wp:attachment":[{"href":"https:\/\/moderniza.me\/sandestec\/wp-json\/wp\/v2\/media?parent=583"}],"curies":[{"name":"wp","href":"https:\/\/api.w.org\/{rel}","templated":true}]}}