
{"id":565,"date":"2020-08-26T10:32:44","date_gmt":"2020-08-26T13:32:44","guid":{"rendered":"https:\/\/moderniza.me\/sandestec\/product\/epson-impressora-termica-tm-t20x-serial-usb\/"},"modified":"2020-08-26T10:39:13","modified_gmt":"2020-08-26T13:39:13","slug":"epson-impressora-termica-tm-t20x-serial-usb","status":"publish","type":"product","link":"https:\/\/moderniza.me\/sandestec\/product\/epson-impressora-termica-tm-t20x-serial-usb\/","title":{"rendered":"EPSON IMPRESSORA TERMICA TM-T20X SERIAL\/USB"},"content":{"rendered":"<p>Marca: EPSON<br \/>\n<strong>Imprimir<\/strong><br \/>\n&#8211; Tecnologia de impress\u00e3o: Impress\u00e3o t\u00e9rmica de linhas<br \/>\n&#8211; Resolu\u00e7\u00e3o de impress\u00e3o: 203 dpi x 203 dpi<br \/>\n&#8211; Velocidade de impress\u00e3o: M\u00e1x. 200 mm\/s (textos e gr\u00e1ficos)<\/p>\n<p><strong>Manuseio da m\u00eddia<\/strong><br \/>\n&#8211; Espessura: M\u00e1xima 75\u00b5m | M\u00ednima 53\u00b5m<br \/>\n&#8211; Dimens\u00f5es da m\u00eddia: 80 mm: 79,5 mm \u00b1 0,5 mm x 83 mm di\u00e2metro<\/p>\n<p><strong>Energia<\/strong><br \/>\n&#8211; Voltagem nominal: 100 V &#8211; 230 V AC, 50\/60 Hz<br \/>\n&#8211; Consumo de energia: Standby (modo de espera) aprox. 0,96 W<br \/>\n&#8211; Impress\u00e3o aprox. 28,7 W<br \/>\n&#8211; Corrente nominal: Aprox. 1,0 A<br \/>\n&#8211; Fonte de energia: Interna (cabo de energia incluso)<\/p>\n<p><strong>Conectividade<\/strong><br \/>\n-Conectividade padr\u00e3o: USB + Serial<\/p>\n<p><strong>Fontes de impress\u00e3o<\/strong><br \/>\n&#8211; Fonte A: 12 pts. x 24 pts. | Fonte B: 9 pts. x 17 pts. (largura x altura)<\/p>\n<p><strong>Capacidade de colunas<\/strong><br \/>\n&#8211; Padr\u00e3o: largura do papel 80 mm:<br \/>\n&#8211; Fonte A: 48 colunas | Fonte B: 64 colunas;<br \/>\n&#8211; Modo de 42 colunas: largura do papel 80 mm:<br \/>\n&#8211; Fonte A: 42 colunas | Fonte B: 60 colunas<\/p>\n<p><strong>Tamanho dos caracteres<\/strong><br \/>\n&#8211; Fonte A: 1,25 mm x 3 mm | Fonte B: 1,88 mm x 2,13 mm (largura x altura)<\/p>\n<p><strong>Conjunto de caracteres<\/strong><br \/>\n&#8211; 95 alfanum\u00e9rico, 18 conjuntos de caracteres internacionais, 128 x 43 gr\u00e1cos estendidos.<\/p>\n<p><b>C\u00f3digo de barras<\/b><br \/>\n&#8211; UPC-A, UPC-E, JAN13 (EAN13), JAN8 (EAN8), CODE39, ITF, CODABAR (NW-7), CODE93, CODE128, GS1-128, GS1 DataBar. C\u00f3digo bidimensional: PDF417, QRCode, MaxiCode, 2D GS1 DataBar, simbologia composta.<br \/>\nConfiabilidade<br \/>\n&#8211; MTBF 360.000 horas<br \/>\n&#8211; MCBF 60.000.000 linhas<br \/>\n&#8211; Guilhotina: 1,5 milh\u00e3o de cortes<br \/>\n&#8211; Mecanismo: 15 milh\u00f5es de linhas<br \/>\n&#8211; Cabe\u00e7a de impress\u00e3o: 100 km<\/p>\n<p><b>Fun\u00e7\u00e3o D.K.D. (gaveta)<\/b><br \/>\n&#8211; 2 drivers (controladores)<\/p>\n","protected":false},"excerpt":{"rendered":"<p>EPSON IMPRESSORA TERMICA TM-T20X SERIAL\/USB<\/p>\n","protected":false},"featured_media":569,"comment_status":"open","ping_status":"closed","template":"","meta":[],"yoast_head":"<!-- This site is optimized with the Yoast SEO plugin v15.7 - https:\/\/yoast.com\/wordpress\/plugins\/seo\/ -->\n<title>EPSON IMPRESSORA TERMICA TM-T20X SERIAL\/USB - Sandes Tecnologia<\/title>\n<meta name=\"robots\" content=\"index, follow, max-snippet:-1, max-image-preview:large, max-video-preview:-1\" \/>\n<link rel=\"canonical\" href=\"https:\/\/moderniza.me\/sandestec\/product\/epson-impressora-termica-tm-t20x-serial-usb\/\" \/>\n<meta property=\"og:locale\" content=\"pt_BR\" \/>\n<meta property=\"og:type\" content=\"article\" \/>\n<meta property=\"og:title\" content=\"EPSON IMPRESSORA TERMICA TM-T20X SERIAL\/USB - Sandes Tecnologia\" \/>\n<meta property=\"og:description\" content=\"EPSON IMPRESSORA TERMICA TM-T20X SERIAL\/USB\" \/>\n<meta property=\"og:url\" content=\"https:\/\/moderniza.me\/sandestec\/product\/epson-impressora-termica-tm-t20x-serial-usb\/\" \/>\n<meta property=\"og:site_name\" content=\"Sandes Tecnologia\" \/>\n<meta property=\"article:modified_time\" content=\"2020-08-26T13:39:13+00:00\" \/>\n<meta property=\"og:image\" content=\"https:\/\/moderniza.me\/sandestec\/wp-content\/uploads\/sites\/29\/2020\/08\/e36624abdca8910503a12a962bc45909.jpg\" \/>\n\t<meta property=\"og:image:width\" content=\"618\" \/>\n\t<meta property=\"og:image:height\" content=\"463\" \/>\n<meta name=\"twitter:card\" content=\"summary_large_image\" \/>\n<meta name=\"twitter:label1\" content=\"Est. reading time\">\n\t<meta name=\"twitter:data1\" content=\"1 minuto\">\n<script type=\"application\/ld+json\" class=\"yoast-schema-graph\">{\"@context\":\"https:\/\/schema.org\",\"@graph\":[{\"@type\":\"WebSite\",\"@id\":\"https:\/\/moderniza.me\/sandestec\/#website\",\"url\":\"https:\/\/moderniza.me\/sandestec\/\",\"name\":\"Sandes Tecnologia\",\"description\":\"Compre Online de Lojas Locais\",\"potentialAction\":[{\"@type\":\"SearchAction\",\"target\":\"https:\/\/moderniza.me\/sandestec\/?s={search_term_string}\",\"query-input\":\"required name=search_term_string\"}],\"inLanguage\":\"pt-BR\"},{\"@type\":\"ImageObject\",\"@id\":\"https:\/\/moderniza.me\/sandestec\/product\/epson-impressora-termica-tm-t20x-serial-usb\/#primaryimage\",\"inLanguage\":\"pt-BR\",\"url\":\"https:\/\/moderniza.me\/sandestec\/wp-content\/uploads\/sites\/29\/2020\/08\/e36624abdca8910503a12a962bc45909.jpg\",\"width\":618,\"height\":463},{\"@type\":\"WebPage\",\"@id\":\"https:\/\/moderniza.me\/sandestec\/product\/epson-impressora-termica-tm-t20x-serial-usb\/#webpage\",\"url\":\"https:\/\/moderniza.me\/sandestec\/product\/epson-impressora-termica-tm-t20x-serial-usb\/\",\"name\":\"EPSON IMPRESSORA TERMICA TM-T20X SERIAL\/USB - Sandes Tecnologia\",\"isPartOf\":{\"@id\":\"https:\/\/moderniza.me\/sandestec\/#website\"},\"primaryImageOfPage\":{\"@id\":\"https:\/\/moderniza.me\/sandestec\/product\/epson-impressora-termica-tm-t20x-serial-usb\/#primaryimage\"},\"datePublished\":\"2020-08-26T13:32:44+00:00\",\"dateModified\":\"2020-08-26T13:39:13+00:00\",\"inLanguage\":\"pt-BR\",\"potentialAction\":[{\"@type\":\"ReadAction\",\"target\":[\"https:\/\/moderniza.me\/sandestec\/product\/epson-impressora-termica-tm-t20x-serial-usb\/\"]}]}]}<\/script>\n<!-- \/ Yoast SEO plugin. -->","_links":{"self":[{"href":"https:\/\/moderniza.me\/sandestec\/wp-json\/wp\/v2\/product\/565"}],"collection":[{"href":"https:\/\/moderniza.me\/sandestec\/wp-json\/wp\/v2\/product"}],"about":[{"href":"https:\/\/moderniza.me\/sandestec\/wp-json\/wp\/v2\/types\/product"}],"replies":[{"embeddable":true,"href":"https:\/\/moderniza.me\/sandestec\/wp-json\/wp\/v2\/comments?post=565"}],"wp:featuredmedia":[{"embeddable":true,"href":"https:\/\/moderniza.me\/sandestec\/wp-json\/wp\/v2\/media\/569"}],"wp:attachment":[{"href":"https:\/\/moderniza.me\/sandestec\/wp-json\/wp\/v2\/media?parent=565"}],"curies":[{"name":"wp","href":"https:\/\/api.w.org\/{rel}","templated":true}]}}