
{"id":539,"date":"2020-08-21T12:01:58","date_gmt":"2020-08-21T15:01:58","guid":{"rendered":"https:\/\/moderniza.me\/sandestec\/product\/impressora-de-etiqueta-termica-de-mesa-pc42t\/"},"modified":"2020-08-24T17:39:11","modified_gmt":"2020-08-24T20:39:11","slug":"impressora-de-etiqueta-termica-de-mesa-pc42t","status":"publish","type":"product","link":"https:\/\/moderniza.me\/sandestec\/product\/impressora-de-etiqueta-termica-de-mesa-pc42t\/","title":{"rendered":"Impressora de Etiqueta T\u00e9rmica de Mesa PC42t"},"content":{"rendered":"<p>Marca: Honeywell<br \/>\nComunica\u00e7\u00f5es:<br \/>\nDispositivo USB de interfaces padr\u00e3o , host USB.<br \/>\nOp\u00e7\u00f5es instala\u00e7\u00e3o de f\u00e1brica: Ethernet interna, porta serial.<br \/>\nProtocolos de rede: TCP \/ IP-suite (TCP, UDP, ICMP, IGMP), DHCP, BOOTP, LPR, FTP, p\u00e1gina da web e Telnet 9100.<br \/>\nControle de fluxo serial IPv4 : XON \/ XOFF, RTS \/ CTS.<\/p>\n<p>Programas:<br \/>\nProtocolo direto de linguagens de comando de impressora (DP), DPL, ZSim2 (ZPL II), ESim (EPL)<br \/>\nDrivers: Driver da impressora InterDriver Windows\u00ae (certificado pela Microsoft\u00ae para Windows 7 \/ 8.1 \/ 10, Windows Server 2016\/2008\/2012)<br \/>\nAplicativos: BarTender\u00ae<\/p>\n<p>Gr\u00e1ficos e C\u00f3digos de Barras<br \/>\nFormatos gr\u00e1ficos nativos: BMP, GIF, PCX, PNG de 1 bit<br \/>\nSimbologias de c\u00f3digo de barras<br \/>\nTodas as principais simbologias 1D e 2D<\/p>\n","protected":false},"excerpt":{"rendered":"<p>Impressora de Etiqueta T\u00e9rmica de Mesa PC42t<\/p>\n","protected":false},"featured_media":540,"comment_status":"open","ping_status":"closed","template":"","meta":[],"yoast_head":"<!-- This site is optimized with the Yoast SEO plugin v15.7 - https:\/\/yoast.com\/wordpress\/plugins\/seo\/ -->\n<title>Impressora de Etiqueta T\u00e9rmica de Mesa PC42t - Sandes Tecnologia<\/title>\n<meta name=\"robots\" content=\"index, follow, max-snippet:-1, max-image-preview:large, max-video-preview:-1\" \/>\n<link rel=\"canonical\" href=\"https:\/\/moderniza.me\/sandestec\/product\/impressora-de-etiqueta-termica-de-mesa-pc42t\/\" \/>\n<meta property=\"og:locale\" content=\"pt_BR\" \/>\n<meta property=\"og:type\" content=\"article\" \/>\n<meta property=\"og:title\" content=\"Impressora de Etiqueta T\u00e9rmica de Mesa PC42t - Sandes Tecnologia\" \/>\n<meta property=\"og:description\" content=\"Impressora de Etiqueta T\u00e9rmica de Mesa PC42t\" \/>\n<meta property=\"og:url\" content=\"https:\/\/moderniza.me\/sandestec\/product\/impressora-de-etiqueta-termica-de-mesa-pc42t\/\" \/>\n<meta property=\"og:site_name\" content=\"Sandes Tecnologia\" \/>\n<meta property=\"article:modified_time\" content=\"2020-08-24T20:39:11+00:00\" \/>\n<meta property=\"og:image\" content=\"https:\/\/moderniza.me\/sandestec\/wp-content\/uploads\/sites\/29\/2020\/08\/2da33c5111.jpg\" \/>\n\t<meta property=\"og:image:width\" content=\"450\" \/>\n\t<meta property=\"og:image:height\" content=\"450\" \/>\n<meta name=\"twitter:card\" content=\"summary_large_image\" \/>\n<meta name=\"twitter:label1\" content=\"Est. reading time\">\n\t<meta name=\"twitter:data1\" content=\"1 minuto\">\n<script type=\"application\/ld+json\" class=\"yoast-schema-graph\">{\"@context\":\"https:\/\/schema.org\",\"@graph\":[{\"@type\":\"WebSite\",\"@id\":\"https:\/\/moderniza.me\/sandestec\/#website\",\"url\":\"https:\/\/moderniza.me\/sandestec\/\",\"name\":\"Sandes Tecnologia\",\"description\":\"Compre Online de Lojas Locais\",\"potentialAction\":[{\"@type\":\"SearchAction\",\"target\":\"https:\/\/moderniza.me\/sandestec\/?s={search_term_string}\",\"query-input\":\"required name=search_term_string\"}],\"inLanguage\":\"pt-BR\"},{\"@type\":\"ImageObject\",\"@id\":\"https:\/\/moderniza.me\/sandestec\/product\/impressora-de-etiqueta-termica-de-mesa-pc42t\/#primaryimage\",\"inLanguage\":\"pt-BR\",\"url\":\"https:\/\/moderniza.me\/sandestec\/wp-content\/uploads\/sites\/29\/2020\/08\/2da33c5111.jpg\",\"width\":450,\"height\":450},{\"@type\":\"WebPage\",\"@id\":\"https:\/\/moderniza.me\/sandestec\/product\/impressora-de-etiqueta-termica-de-mesa-pc42t\/#webpage\",\"url\":\"https:\/\/moderniza.me\/sandestec\/product\/impressora-de-etiqueta-termica-de-mesa-pc42t\/\",\"name\":\"Impressora de Etiqueta T\\u00e9rmica de Mesa PC42t - Sandes Tecnologia\",\"isPartOf\":{\"@id\":\"https:\/\/moderniza.me\/sandestec\/#website\"},\"primaryImageOfPage\":{\"@id\":\"https:\/\/moderniza.me\/sandestec\/product\/impressora-de-etiqueta-termica-de-mesa-pc42t\/#primaryimage\"},\"datePublished\":\"2020-08-21T15:01:58+00:00\",\"dateModified\":\"2020-08-24T20:39:11+00:00\",\"inLanguage\":\"pt-BR\",\"potentialAction\":[{\"@type\":\"ReadAction\",\"target\":[\"https:\/\/moderniza.me\/sandestec\/product\/impressora-de-etiqueta-termica-de-mesa-pc42t\/\"]}]}]}<\/script>\n<!-- \/ Yoast SEO plugin. -->","_links":{"self":[{"href":"https:\/\/moderniza.me\/sandestec\/wp-json\/wp\/v2\/product\/539"}],"collection":[{"href":"https:\/\/moderniza.me\/sandestec\/wp-json\/wp\/v2\/product"}],"about":[{"href":"https:\/\/moderniza.me\/sandestec\/wp-json\/wp\/v2\/types\/product"}],"replies":[{"embeddable":true,"href":"https:\/\/moderniza.me\/sandestec\/wp-json\/wp\/v2\/comments?post=539"}],"wp:featuredmedia":[{"embeddable":true,"href":"https:\/\/moderniza.me\/sandestec\/wp-json\/wp\/v2\/media\/540"}],"wp:attachment":[{"href":"https:\/\/moderniza.me\/sandestec\/wp-json\/wp\/v2\/media?parent=539"}],"curies":[{"name":"wp","href":"https:\/\/api.w.org\/{rel}","templated":true}]}}