
{"id":512,"date":"2020-08-21T09:19:21","date_gmt":"2020-08-21T12:19:21","guid":{"rendered":"https:\/\/moderniza.me\/sandestec\/product\/switch-16-portas-fast-ethernet-sf-1600-q\/"},"modified":"2020-08-27T14:54:02","modified_gmt":"2020-08-27T17:54:02","slug":"switch-16-portas-fast-ethernet-sf-1600-q","status":"publish","type":"product","link":"https:\/\/moderniza.me\/sandestec\/product\/switch-16-portas-fast-ethernet-sf-1600-q\/","title":{"rendered":"Switch 16 Portas Fast Ethernet SF 1600 Q+"},"content":{"rendered":"<p>Marca: Intelbras<br \/>\nNegocia\u00e7\u00e3o de velocidade de detecta\u00e7\u00e3o do padr\u00e3o do cabo autom\u00e1tica (Auto MDI\/MDI-X)<br \/>\nRecep\u00e7\u00e3o e envio de dados simultaneamente e melhor controle de tr\u00e1fego com Full Duplex e Flow Control (IEEE 802.3X)<br \/>\nAlta capacidade de processamento de dados (backplane de 3.2 Gbps)<br \/>\nSuporta alimenta\u00e7\u00e3o de at\u00e9 24 V<br \/>\nLEDs indicadores de atividade do link na parte superior<br \/>\nTecnologia inteligente para economia de energia (IEEE 802.3az)<br \/>\nQoS para prioriza\u00e7\u00e3o do tr\u00e1fego de dados, voz e v\u00eddeo (IEEE 802.3p)<br \/>\nAlimenta\u00e7\u00e3o dos equipamentos pelo cabo de rede porta LAN 1 com suporte a PoE passivo<br \/>\nIndicado para ambientes internos<\/p>\n","protected":false},"excerpt":{"rendered":"<p>Switch 16 Portas Fast Ethernet SF 1600 Q+<\/p>\n","protected":false},"featured_media":513,"comment_status":"open","ping_status":"closed","template":"","meta":[],"yoast_head":"<!-- This site is optimized with the Yoast SEO plugin v15.7 - https:\/\/yoast.com\/wordpress\/plugins\/seo\/ -->\n<title>Switch 16 Portas Fast Ethernet SF 1600 Q+ - Sandes Tecnologia<\/title>\n<meta name=\"robots\" content=\"index, follow, max-snippet:-1, max-image-preview:large, max-video-preview:-1\" \/>\n<link rel=\"canonical\" href=\"https:\/\/moderniza.me\/sandestec\/product\/switch-16-portas-fast-ethernet-sf-1600-q\/\" \/>\n<meta property=\"og:locale\" content=\"pt_BR\" \/>\n<meta property=\"og:type\" content=\"article\" \/>\n<meta property=\"og:title\" content=\"Switch 16 Portas Fast Ethernet SF 1600 Q+ - Sandes Tecnologia\" \/>\n<meta property=\"og:description\" content=\"Switch 16 Portas Fast Ethernet SF 1600 Q+\" \/>\n<meta property=\"og:url\" content=\"https:\/\/moderniza.me\/sandestec\/product\/switch-16-portas-fast-ethernet-sf-1600-q\/\" \/>\n<meta property=\"og:site_name\" content=\"Sandes Tecnologia\" \/>\n<meta property=\"article:modified_time\" content=\"2020-08-27T17:54:02+00:00\" \/>\n<meta property=\"og:image\" content=\"https:\/\/moderniza.me\/sandestec\/wp-content\/uploads\/sites\/29\/2020\/08\/switch-16-portas-fast-ethernet-sf-1600-q-intelbras-D_NQ_NP_622029-MLB31191627245_062019-F.jpg\" \/>\n\t<meta property=\"og:image:width\" content=\"905\" \/>\n\t<meta property=\"og:image:height\" content=\"702\" \/>\n<meta name=\"twitter:card\" content=\"summary_large_image\" \/>\n<meta name=\"twitter:label1\" content=\"Est. reading time\">\n\t<meta name=\"twitter:data1\" content=\"1 minuto\">\n<script type=\"application\/ld+json\" class=\"yoast-schema-graph\">{\"@context\":\"https:\/\/schema.org\",\"@graph\":[{\"@type\":\"WebSite\",\"@id\":\"https:\/\/moderniza.me\/sandestec\/#website\",\"url\":\"https:\/\/moderniza.me\/sandestec\/\",\"name\":\"Sandes Tecnologia\",\"description\":\"Compre Online de Lojas Locais\",\"potentialAction\":[{\"@type\":\"SearchAction\",\"target\":\"https:\/\/moderniza.me\/sandestec\/?s={search_term_string}\",\"query-input\":\"required name=search_term_string\"}],\"inLanguage\":\"pt-BR\"},{\"@type\":\"ImageObject\",\"@id\":\"https:\/\/moderniza.me\/sandestec\/product\/switch-16-portas-fast-ethernet-sf-1600-q\/#primaryimage\",\"inLanguage\":\"pt-BR\",\"url\":\"https:\/\/moderniza.me\/sandestec\/wp-content\/uploads\/sites\/29\/2020\/08\/switch-16-portas-fast-ethernet-sf-1600-q-intelbras-D_NQ_NP_622029-MLB31191627245_062019-F.jpg\",\"width\":905,\"height\":702},{\"@type\":\"WebPage\",\"@id\":\"https:\/\/moderniza.me\/sandestec\/product\/switch-16-portas-fast-ethernet-sf-1600-q\/#webpage\",\"url\":\"https:\/\/moderniza.me\/sandestec\/product\/switch-16-portas-fast-ethernet-sf-1600-q\/\",\"name\":\"Switch 16 Portas Fast Ethernet SF 1600 Q+ - Sandes Tecnologia\",\"isPartOf\":{\"@id\":\"https:\/\/moderniza.me\/sandestec\/#website\"},\"primaryImageOfPage\":{\"@id\":\"https:\/\/moderniza.me\/sandestec\/product\/switch-16-portas-fast-ethernet-sf-1600-q\/#primaryimage\"},\"datePublished\":\"2020-08-21T12:19:21+00:00\",\"dateModified\":\"2020-08-27T17:54:02+00:00\",\"inLanguage\":\"pt-BR\",\"potentialAction\":[{\"@type\":\"ReadAction\",\"target\":[\"https:\/\/moderniza.me\/sandestec\/product\/switch-16-portas-fast-ethernet-sf-1600-q\/\"]}]}]}<\/script>\n<!-- \/ Yoast SEO plugin. -->","_links":{"self":[{"href":"https:\/\/moderniza.me\/sandestec\/wp-json\/wp\/v2\/product\/512"}],"collection":[{"href":"https:\/\/moderniza.me\/sandestec\/wp-json\/wp\/v2\/product"}],"about":[{"href":"https:\/\/moderniza.me\/sandestec\/wp-json\/wp\/v2\/types\/product"}],"replies":[{"embeddable":true,"href":"https:\/\/moderniza.me\/sandestec\/wp-json\/wp\/v2\/comments?post=512"}],"wp:featuredmedia":[{"embeddable":true,"href":"https:\/\/moderniza.me\/sandestec\/wp-json\/wp\/v2\/media\/513"}],"wp:attachment":[{"href":"https:\/\/moderniza.me\/sandestec\/wp-json\/wp\/v2\/media?parent=512"}],"curies":[{"name":"wp","href":"https:\/\/api.w.org\/{rel}","templated":true}]}}