
{"id":510,"date":"2020-08-21T09:14:15","date_gmt":"2020-08-21T12:14:15","guid":{"rendered":"https:\/\/moderniza.me\/sandestec\/product\/leitor-fixo-2d-el5220-usb\/"},"modified":"2020-08-24T17:39:14","modified_gmt":"2020-08-24T20:39:14","slug":"leitor-fixo-2d-el5220-usb","status":"publish","type":"product","link":"https:\/\/moderniza.me\/sandestec\/product\/leitor-fixo-2d-el5220-usb\/","title":{"rendered":"Leitor Fixo 2D EL5220 USB"},"content":{"rendered":"<p>Marca: Elgin<br \/>\nDIMENS\u00d5ES (L x A x P)<br \/>\n145mm x 82mm x 153 mm (sem pedestal)<br \/>\n187mm x 112mm x 153mm (com pedestal)<br \/>\nPESO:<br \/>\n482g (sem pedestal)<br \/>\n755g (com pedestal)<br \/>\nCARACTER\u00cdSTICAS<br \/>\nINDICADORES: BIP, LED<br \/>\nINTERFACES: USB (USB VIRTUAL COM), serial (opcional)<br \/>\nVOLTAGEM DE ENTRADA: 5VDC (+\/- 0,25VDC)<br \/>\nRESOLU\u00c7\u00c3O: 1280 X 1024 PIXELS<br \/>\n\u00c2NGULO DE LEITURA: +-70\u00b0, +-60\u00b0, 360\u00b0 (skew, pitch, roll)<br \/>\nTOLER\u00c2NCIA AO MOVIMENTO: 3m\/s<br \/>\nC\u00d3DIGOS DE BARRAS 1D: UPC-A, UPC-E, UPC-E1, EAN-13, EAN-8, ISBN, (Bookland EAN), ISSN, Code 39, Code 39 full ASCII, Code 32, Trioptic Code 39, Interleaved 2 of 5, Industrial 2 of 5 (Discrete 2 of 5), Matrix 2 of 5, Codabar (NW7), Code 128, UCC\/EAN 128 (GS1-128), ISBT 128, Code 93, Code 11 (USD-8), MSI\/Plessey, UK\/Plessey, China Post, China Finance, GS1 DataBar<br \/>\nC\u00d3DIGOS DE BARRAS 2D: PDF417, MicroPDF417, QR Code, DataMatrix, Han Xin Code, Aztec Code, GS1 Composite Resolu\u00e7\u00e3o M\u00ednima 4 mil, 1 mil = 0.0254 mm<br \/>\nACESS\u00d3RIOS: &#8211; Pedestal para ajustar o \u00e2ngulo de leitura (j\u00e1 incluso, e se necess\u00e1rio pode ser facilmente remo<\/p>\n","protected":false},"excerpt":{"rendered":"<p>Leitor Fixo 2D EL5220 USB<\/p>\n","protected":false},"featured_media":519,"comment_status":"open","ping_status":"closed","template":"","meta":[],"yoast_head":"<!-- This site is optimized with the Yoast SEO plugin v15.7 - https:\/\/yoast.com\/wordpress\/plugins\/seo\/ -->\n<title>Leitor Fixo 2D EL5220 USB - Sandes Tecnologia<\/title>\n<meta name=\"robots\" content=\"index, follow, max-snippet:-1, max-image-preview:large, max-video-preview:-1\" \/>\n<link rel=\"canonical\" href=\"https:\/\/moderniza.me\/sandestec\/product\/leitor-fixo-2d-el5220-usb\/\" \/>\n<meta property=\"og:locale\" content=\"pt_BR\" \/>\n<meta property=\"og:type\" content=\"article\" \/>\n<meta property=\"og:title\" content=\"Leitor Fixo 2D EL5220 USB - Sandes Tecnologia\" \/>\n<meta property=\"og:description\" content=\"Leitor Fixo 2D EL5220 USB\" \/>\n<meta property=\"og:url\" content=\"https:\/\/moderniza.me\/sandestec\/product\/leitor-fixo-2d-el5220-usb\/\" \/>\n<meta property=\"og:site_name\" content=\"Sandes Tecnologia\" \/>\n<meta property=\"article:modified_time\" content=\"2020-08-24T20:39:14+00:00\" \/>\n<meta property=\"og:image\" content=\"https:\/\/moderniza.me\/sandestec\/wp-content\/uploads\/sites\/29\/2020\/08\/0325662001527684305.jpg\" \/>\n\t<meta property=\"og:image:width\" content=\"600\" \/>\n\t<meta property=\"og:image:height\" content=\"900\" \/>\n<meta name=\"twitter:card\" content=\"summary_large_image\" \/>\n<meta name=\"twitter:label1\" content=\"Est. reading time\">\n\t<meta name=\"twitter:data1\" content=\"1 minuto\">\n<script type=\"application\/ld+json\" class=\"yoast-schema-graph\">{\"@context\":\"https:\/\/schema.org\",\"@graph\":[{\"@type\":\"WebSite\",\"@id\":\"https:\/\/moderniza.me\/sandestec\/#website\",\"url\":\"https:\/\/moderniza.me\/sandestec\/\",\"name\":\"Sandes Tecnologia\",\"description\":\"Compre Online de Lojas Locais\",\"potentialAction\":[{\"@type\":\"SearchAction\",\"target\":\"https:\/\/moderniza.me\/sandestec\/?s={search_term_string}\",\"query-input\":\"required name=search_term_string\"}],\"inLanguage\":\"pt-BR\"},{\"@type\":\"ImageObject\",\"@id\":\"https:\/\/moderniza.me\/sandestec\/product\/leitor-fixo-2d-el5220-usb\/#primaryimage\",\"inLanguage\":\"pt-BR\",\"url\":\"https:\/\/moderniza.me\/sandestec\/wp-content\/uploads\/sites\/29\/2020\/08\/0325662001527684305.jpg\",\"width\":600,\"height\":900},{\"@type\":\"WebPage\",\"@id\":\"https:\/\/moderniza.me\/sandestec\/product\/leitor-fixo-2d-el5220-usb\/#webpage\",\"url\":\"https:\/\/moderniza.me\/sandestec\/product\/leitor-fixo-2d-el5220-usb\/\",\"name\":\"Leitor Fixo 2D EL5220 USB - Sandes Tecnologia\",\"isPartOf\":{\"@id\":\"https:\/\/moderniza.me\/sandestec\/#website\"},\"primaryImageOfPage\":{\"@id\":\"https:\/\/moderniza.me\/sandestec\/product\/leitor-fixo-2d-el5220-usb\/#primaryimage\"},\"datePublished\":\"2020-08-21T12:14:15+00:00\",\"dateModified\":\"2020-08-24T20:39:14+00:00\",\"inLanguage\":\"pt-BR\",\"potentialAction\":[{\"@type\":\"ReadAction\",\"target\":[\"https:\/\/moderniza.me\/sandestec\/product\/leitor-fixo-2d-el5220-usb\/\"]}]}]}<\/script>\n<!-- \/ Yoast SEO plugin. -->","_links":{"self":[{"href":"https:\/\/moderniza.me\/sandestec\/wp-json\/wp\/v2\/product\/510"}],"collection":[{"href":"https:\/\/moderniza.me\/sandestec\/wp-json\/wp\/v2\/product"}],"about":[{"href":"https:\/\/moderniza.me\/sandestec\/wp-json\/wp\/v2\/types\/product"}],"replies":[{"embeddable":true,"href":"https:\/\/moderniza.me\/sandestec\/wp-json\/wp\/v2\/comments?post=510"}],"wp:featuredmedia":[{"embeddable":true,"href":"https:\/\/moderniza.me\/sandestec\/wp-json\/wp\/v2\/media\/519"}],"wp:attachment":[{"href":"https:\/\/moderniza.me\/sandestec\/wp-json\/wp\/v2\/media?parent=510"}],"curies":[{"name":"wp","href":"https:\/\/api.w.org\/{rel}","templated":true}]}}