
{"id":509,"date":"2020-08-21T09:14:11","date_gmt":"2020-08-21T12:14:11","guid":{"rendered":"https:\/\/moderniza.me\/sandestec\/product\/leitor-de-codigo-de-barras-honeywell-laser-zl2200-1-usb-youjie-usb\/"},"modified":"2020-08-24T17:39:13","modified_gmt":"2020-08-24T20:39:13","slug":"leitor-de-codigo-de-barras-honeywell-laser-zl2200-1-usb-youjie-usb","status":"publish","type":"product","link":"https:\/\/moderniza.me\/sandestec\/product\/leitor-de-codigo-de-barras-honeywell-laser-zl2200-1-usb-youjie-usb\/","title":{"rendered":"Leitor De C\u00f3digo De Barras Honeywell LASER Zl2200-1-USB Youjie USB"},"content":{"rendered":"<p>Marca: Honeywell<br \/>\nZL2200 \u00e9 ideal para v\u00e1rias aplica\u00e7\u00f5es de digitaliza\u00e7\u00e3o como PDV de varejo em pequenos supermercados e lojas de conveni\u00eancia, digitaliza\u00e7\u00f5es em documentos para automa\u00e7\u00e3o de escrit\u00f3rios e processamento de pacotes e correspond\u00eancias em ag\u00eancias postais.<br \/>\nRecurso &#8220;Plug and Play&#8221; sem necessidade de instala\u00e7\u00e3o de software.<\/p>\n","protected":false},"excerpt":{"rendered":"<p>Leitor De C\u00f3digo De Barras Honeywell LASER Zl2200-1-USB Youjie USB<\/p>\n","protected":false},"featured_media":520,"comment_status":"open","ping_status":"closed","template":"","meta":[],"yoast_head":"<!-- This site is optimized with the Yoast SEO plugin v15.7 - https:\/\/yoast.com\/wordpress\/plugins\/seo\/ -->\n<title>Leitor De C\u00f3digo De Barras Honeywell LASER Zl2200-1-USB Youjie USB - Sandes Tecnologia<\/title>\n<meta name=\"robots\" content=\"index, follow, max-snippet:-1, max-image-preview:large, max-video-preview:-1\" \/>\n<link rel=\"canonical\" href=\"https:\/\/moderniza.me\/sandestec\/product\/leitor-de-codigo-de-barras-honeywell-laser-zl2200-1-usb-youjie-usb\/\" \/>\n<meta property=\"og:locale\" content=\"pt_BR\" \/>\n<meta property=\"og:type\" content=\"article\" \/>\n<meta property=\"og:title\" content=\"Leitor De C\u00f3digo De Barras Honeywell LASER Zl2200-1-USB Youjie USB - Sandes Tecnologia\" \/>\n<meta property=\"og:description\" content=\"Leitor De C\u00f3digo De Barras Honeywell LASER Zl2200-1-USB Youjie USB\" \/>\n<meta property=\"og:url\" content=\"https:\/\/moderniza.me\/sandestec\/product\/leitor-de-codigo-de-barras-honeywell-laser-zl2200-1-usb-youjie-usb\/\" \/>\n<meta property=\"og:site_name\" content=\"Sandes Tecnologia\" \/>\n<meta property=\"article:modified_time\" content=\"2020-08-24T20:39:13+00:00\" \/>\n<meta property=\"og:image\" content=\"https:\/\/moderniza.me\/sandestec\/wp-content\/uploads\/sites\/29\/2020\/08\/leitor-de-ca-digo-de-barras-laser-honeywell-youjie-zl2200-2-351.jpg\" \/>\n\t<meta property=\"og:image:width\" content=\"800\" \/>\n\t<meta property=\"og:image:height\" content=\"800\" \/>\n<meta name=\"twitter:card\" content=\"summary_large_image\" \/>\n<script type=\"application\/ld+json\" class=\"yoast-schema-graph\">{\"@context\":\"https:\/\/schema.org\",\"@graph\":[{\"@type\":\"WebSite\",\"@id\":\"https:\/\/moderniza.me\/sandestec\/#website\",\"url\":\"https:\/\/moderniza.me\/sandestec\/\",\"name\":\"Sandes Tecnologia\",\"description\":\"Compre Online de Lojas Locais\",\"potentialAction\":[{\"@type\":\"SearchAction\",\"target\":\"https:\/\/moderniza.me\/sandestec\/?s={search_term_string}\",\"query-input\":\"required name=search_term_string\"}],\"inLanguage\":\"pt-BR\"},{\"@type\":\"ImageObject\",\"@id\":\"https:\/\/moderniza.me\/sandestec\/product\/leitor-de-codigo-de-barras-honeywell-laser-zl2200-1-usb-youjie-usb\/#primaryimage\",\"inLanguage\":\"pt-BR\",\"url\":\"https:\/\/moderniza.me\/sandestec\/wp-content\/uploads\/sites\/29\/2020\/08\/leitor-de-ca-digo-de-barras-laser-honeywell-youjie-zl2200-2-351.jpg\",\"width\":800,\"height\":800},{\"@type\":\"WebPage\",\"@id\":\"https:\/\/moderniza.me\/sandestec\/product\/leitor-de-codigo-de-barras-honeywell-laser-zl2200-1-usb-youjie-usb\/#webpage\",\"url\":\"https:\/\/moderniza.me\/sandestec\/product\/leitor-de-codigo-de-barras-honeywell-laser-zl2200-1-usb-youjie-usb\/\",\"name\":\"Leitor De C\\u00f3digo De Barras Honeywell LASER Zl2200-1-USB Youjie USB - Sandes Tecnologia\",\"isPartOf\":{\"@id\":\"https:\/\/moderniza.me\/sandestec\/#website\"},\"primaryImageOfPage\":{\"@id\":\"https:\/\/moderniza.me\/sandestec\/product\/leitor-de-codigo-de-barras-honeywell-laser-zl2200-1-usb-youjie-usb\/#primaryimage\"},\"datePublished\":\"2020-08-21T12:14:11+00:00\",\"dateModified\":\"2020-08-24T20:39:13+00:00\",\"inLanguage\":\"pt-BR\",\"potentialAction\":[{\"@type\":\"ReadAction\",\"target\":[\"https:\/\/moderniza.me\/sandestec\/product\/leitor-de-codigo-de-barras-honeywell-laser-zl2200-1-usb-youjie-usb\/\"]}]}]}<\/script>\n<!-- \/ Yoast SEO plugin. -->","_links":{"self":[{"href":"https:\/\/moderniza.me\/sandestec\/wp-json\/wp\/v2\/product\/509"}],"collection":[{"href":"https:\/\/moderniza.me\/sandestec\/wp-json\/wp\/v2\/product"}],"about":[{"href":"https:\/\/moderniza.me\/sandestec\/wp-json\/wp\/v2\/types\/product"}],"replies":[{"embeddable":true,"href":"https:\/\/moderniza.me\/sandestec\/wp-json\/wp\/v2\/comments?post=509"}],"wp:featuredmedia":[{"embeddable":true,"href":"https:\/\/moderniza.me\/sandestec\/wp-json\/wp\/v2\/media\/520"}],"wp:attachment":[{"href":"https:\/\/moderniza.me\/sandestec\/wp-json\/wp\/v2\/media?parent=509"}],"curies":[{"name":"wp","href":"https:\/\/api.w.org\/{rel}","templated":true}]}}