
{"id":508,"date":"2020-08-21T09:14:07","date_gmt":"2020-08-21T12:14:07","guid":{"rendered":"https:\/\/moderniza.me\/sandestec\/product\/leitor-de-mao-el250-2d-usb\/"},"modified":"2020-08-24T17:39:14","modified_gmt":"2020-08-24T20:39:14","slug":"leitor-de-mao-el250-2d-usb","status":"publish","type":"product","link":"https:\/\/moderniza.me\/sandestec\/product\/leitor-de-mao-el250-2d-usb\/","title":{"rendered":"Leitor de M\u00e3o EL250 2D USB"},"content":{"rendered":"<p>Marca: Elgin<br \/>\nComunica\u00e7\u00e3o: USB<\/p>\n<p>Sensor de Imagem: 1080 x 720 pixels<\/p>\n<p>Contraste de c\u00f3digo de barras: &gt;= 20%<\/p>\n<p>\u00c2ngulo de leitura: Horizontal 41\u00b0, Vertical 28\u00b0<\/p>\n<p>Temperatura de Opera\u00e7\u00e3o: -10\u00b0 a 50\u00b0C<\/p>\n<p>Umidade: 5 a 95%, sem condensa\u00e7\u00e3o<\/p>\n<p>Resist\u00eancia a quedas: 2m<\/p>\n<p>Selagem: IP42<\/p>\n<p>Modos de opera\u00e7\u00e3o: Manual (gatilho), Autom\u00e1tica<\/p>\n<p>Suporte para leitura sem as m\u00e3os: Incluso<\/p>\n<p>Padr\u00f5es de C\u00f3digo de barras:<\/p>\n<p>1D: UPC-A, UPC-E,UPC-E1, EAN-13, EAN-8, ISBN<\/p>\n<p>(Bookland EAN), ISSN, Code 39, Code 39 full ASCII,<\/p>\n<p>Code 32, Trioptic Code 39, Interleaved 2 of 5,<\/p>\n<p>Industrial 2 of 5(Discrete 2 of 5), Matrix 2 of 5,<\/p>\n<p>Codabar (NW7), Code 128, UCC\/EAN 128, ISBT<\/p>\n<p>128, Code 93, Code 11 (USD-8), MSI\/Plessey, UK\/<\/p>\n<p>Plessey, China Post, China Finance, Telepen, GS1<\/p>\n<p>DataBar (antigo RSS)<\/p>\n<p>127mm (5 pol.)<\/p>\n<p>Dimens\u00f5es (AxLxP): 153mm x 62,9mm x 90mm<\/p>\n<p>Peso: 132g (s\/ cabo)<\/p>\n<p>Comprimento do cabo: 2m<\/p>\n","protected":false},"excerpt":{"rendered":"<p>Leitor de M\u00e3o EL250 2D USB<\/p>\n","protected":false},"featured_media":525,"comment_status":"open","ping_status":"closed","template":"","meta":[],"yoast_head":"<!-- This site is optimized with the Yoast SEO plugin v15.7 - https:\/\/yoast.com\/wordpress\/plugins\/seo\/ -->\n<title>Leitor de M\u00e3o EL250 2D USB - Sandes Tecnologia<\/title>\n<meta name=\"robots\" content=\"index, follow, max-snippet:-1, max-image-preview:large, max-video-preview:-1\" \/>\n<link rel=\"canonical\" href=\"https:\/\/moderniza.me\/sandestec\/product\/leitor-de-mao-el250-2d-usb\/\" \/>\n<meta property=\"og:locale\" content=\"pt_BR\" \/>\n<meta property=\"og:type\" content=\"article\" \/>\n<meta property=\"og:title\" content=\"Leitor de M\u00e3o EL250 2D USB - Sandes Tecnologia\" \/>\n<meta property=\"og:description\" content=\"Leitor de M\u00e3o EL250 2D USB\" \/>\n<meta property=\"og:url\" content=\"https:\/\/moderniza.me\/sandestec\/product\/leitor-de-mao-el250-2d-usb\/\" \/>\n<meta property=\"og:site_name\" content=\"Sandes Tecnologia\" \/>\n<meta property=\"article:modified_time\" content=\"2020-08-24T20:39:14+00:00\" \/>\n<meta property=\"og:image\" content=\"https:\/\/moderniza.me\/sandestec\/wp-content\/uploads\/sites\/29\/2020\/08\/leitor_de_codigo_de_barras_elgin_el250_com_suporte_2d_usb_1566969123_37c7_600x600.jpeg\" \/>\n\t<meta property=\"og:image:width\" content=\"600\" \/>\n\t<meta property=\"og:image:height\" content=\"600\" \/>\n<meta name=\"twitter:card\" content=\"summary_large_image\" \/>\n<meta name=\"twitter:label1\" content=\"Est. reading time\">\n\t<meta name=\"twitter:data1\" content=\"1 minuto\">\n<script type=\"application\/ld+json\" class=\"yoast-schema-graph\">{\"@context\":\"https:\/\/schema.org\",\"@graph\":[{\"@type\":\"WebSite\",\"@id\":\"https:\/\/moderniza.me\/sandestec\/#website\",\"url\":\"https:\/\/moderniza.me\/sandestec\/\",\"name\":\"Sandes Tecnologia\",\"description\":\"Compre Online de Lojas Locais\",\"potentialAction\":[{\"@type\":\"SearchAction\",\"target\":\"https:\/\/moderniza.me\/sandestec\/?s={search_term_string}\",\"query-input\":\"required name=search_term_string\"}],\"inLanguage\":\"pt-BR\"},{\"@type\":\"ImageObject\",\"@id\":\"https:\/\/moderniza.me\/sandestec\/product\/leitor-de-mao-el250-2d-usb\/#primaryimage\",\"inLanguage\":\"pt-BR\",\"url\":\"https:\/\/moderniza.me\/sandestec\/wp-content\/uploads\/sites\/29\/2020\/08\/leitor_de_codigo_de_barras_elgin_el250_com_suporte_2d_usb_1566969123_37c7_600x600.jpeg\",\"width\":600,\"height\":600},{\"@type\":\"WebPage\",\"@id\":\"https:\/\/moderniza.me\/sandestec\/product\/leitor-de-mao-el250-2d-usb\/#webpage\",\"url\":\"https:\/\/moderniza.me\/sandestec\/product\/leitor-de-mao-el250-2d-usb\/\",\"name\":\"Leitor de M\\u00e3o EL250 2D USB - Sandes Tecnologia\",\"isPartOf\":{\"@id\":\"https:\/\/moderniza.me\/sandestec\/#website\"},\"primaryImageOfPage\":{\"@id\":\"https:\/\/moderniza.me\/sandestec\/product\/leitor-de-mao-el250-2d-usb\/#primaryimage\"},\"datePublished\":\"2020-08-21T12:14:07+00:00\",\"dateModified\":\"2020-08-24T20:39:14+00:00\",\"inLanguage\":\"pt-BR\",\"potentialAction\":[{\"@type\":\"ReadAction\",\"target\":[\"https:\/\/moderniza.me\/sandestec\/product\/leitor-de-mao-el250-2d-usb\/\"]}]}]}<\/script>\n<!-- \/ Yoast SEO plugin. -->","_links":{"self":[{"href":"https:\/\/moderniza.me\/sandestec\/wp-json\/wp\/v2\/product\/508"}],"collection":[{"href":"https:\/\/moderniza.me\/sandestec\/wp-json\/wp\/v2\/product"}],"about":[{"href":"https:\/\/moderniza.me\/sandestec\/wp-json\/wp\/v2\/types\/product"}],"replies":[{"embeddable":true,"href":"https:\/\/moderniza.me\/sandestec\/wp-json\/wp\/v2\/comments?post=508"}],"wp:featuredmedia":[{"embeddable":true,"href":"https:\/\/moderniza.me\/sandestec\/wp-json\/wp\/v2\/media\/525"}],"wp:attachment":[{"href":"https:\/\/moderniza.me\/sandestec\/wp-json\/wp\/v2\/media?parent=508"}],"curies":[{"name":"wp","href":"https:\/\/api.w.org\/{rel}","templated":true}]}}