
{"id":3,"date":"2020-03-24T17:15:51","date_gmt":"2020-03-24T17:15:51","guid":{"rendered":"http:\/\/moderniza.me\/sandestec\/?page_id=3"},"modified":"2020-04-01T15:33:09","modified_gmt":"2020-04-01T18:33:09","slug":"politica-de-privacidade","status":"publish","type":"page","link":"https:\/\/moderniza.me\/sandestec\/politica-de-privacidade\/","title":{"rendered":"Pol\u00edtica de Privacidade"},"content":{"rendered":"<h2>Quem somos<\/h2>\n<p>O endere\u00e7o do nosso site \u00e9: https:\/\/moderniza.me\/sandestec.<\/p>\n<h2>Coment\u00e1rios<\/h2>\n<p>Quando os visitantes deixam coment\u00e1rios no site, coletamos os dados mostrados no formul\u00e1rio de coment\u00e1rios, al\u00e9m do endere\u00e7o de IP e de dados do navegador do visitante, para auxiliar na detec\u00e7\u00e3o de spam.<\/p>\n<p>Uma sequ\u00eancia anonimizada de caracteres criada a partir do seu e-mail (tamb\u00e9m chamada de hash) poder\u00e1 ser enviada para o Gravatar para verificar se voc\u00ea usa o servi\u00e7o. A pol\u00edtica de privacidade do Gravatar est\u00e1 dispon\u00edvel aqui: https:\/\/automattic.com\/privacy\/. Depois da aprova\u00e7\u00e3o do seu coment\u00e1rio, a foto do seu perfil fica vis\u00edvel publicamente junto de seu coment\u00e1rio.<\/p>\n<h2>M\u00eddia<\/h2>\n<p>Se voc\u00ea envia imagens para o site, evite enviar as que contenham dados de localiza\u00e7\u00e3o incorporados (EXIF GPS). Visitantes podem baixar estas imagens do site e extrair delas seus dados de localiza\u00e7\u00e3o.<\/p>\n<h2>Cookies<\/h2>\n<p>Ao deixar um coment\u00e1rio no site, voc\u00ea poder\u00e1 optar por salvar seu nome, e-mail e site nos cookies. Isso visa seu conforto, assim voc\u00ea n\u00e3o precisar\u00e1 preencher seus dados novamente quando fizer outro coment\u00e1rio. Estes cookies duram um ano.<\/p>\n<p>Se voc\u00ea tem uma conta e acessa este site, um cookie tempor\u00e1rio ser\u00e1 criado para determinar se seu navegador aceita cookies. Ele n\u00e3o cont\u00e9m nenhum dado pessoal e ser\u00e1 descartado quando voc\u00ea fechar seu navegador.<\/p>\n<p>Quando voc\u00ea acessa sua conta no site, tamb\u00e9m criamos v\u00e1rios cookies para salvar os dados da sua conta e suas escolhas de exibi\u00e7\u00e3o de tela. Cookies de login s\u00e3o mantidos por dois dias e cookies de op\u00e7\u00f5es de tela por um ano. Se voc\u00ea selecionar &#8220;Lembrar-me&#8221;, seu acesso ser\u00e1 mantido por duas semanas. Se voc\u00ea se desconectar da sua conta, os cookies de login ser\u00e3o removidos.<\/p>\n<p>Se voc\u00ea editar ou publicar um artigo, um cookie adicional ser\u00e1 salvo no seu navegador. Este cookie n\u00e3o inclui nenhum dado pessoal e simplesmente indica o ID do post referente ao artigo que voc\u00ea acabou de editar. Ele expira depois de 1 dia.<\/p>\n<p>M\u00eddia Incorporada de Outros Sites<\/p>\n<p>Artigos neste site podem incluir conte\u00fado incorporado como, por exemplo, v\u00eddeos, imagens, artigos, etc. Conte\u00fados incorporados de outros sites se comportam exatamente da mesma forma como se o visitante estivesse visitando o outro site.<\/p>\n<p>Estes sites podem coletar dados sobre voc\u00ea, usar cookies, incorporar rastreamento adicional de terceiros e monitorar sua intera\u00e7\u00e3o com este conte\u00fado incorporado, incluindo sua intera\u00e7\u00e3o com o conte\u00fado incorporado se voc\u00ea tem uma conta e est\u00e1 conectado com o site.<\/p>\n<h2><strong>Por Quanto Tempo Mantemos seus Dados<\/strong><\/h2>\n<p>Se voc\u00ea deixar um coment\u00e1rio, o coment\u00e1rio e os seus metadados s\u00e3o conservados indefinidamente. Fazemos isso para que seja poss\u00edvel reconhecer e aprovar automaticamente qualquer coment\u00e1rio posterior ao inv\u00e9s de ret\u00ea-lo para modera\u00e7\u00e3o.<\/p>\n<p>Para usu\u00e1rios que se registram no nosso site (se houver), tamb\u00e9m guardamos as informa\u00e7\u00f5es pessoais que fornecem no seu perfil de usu\u00e1rio. Todos os usu\u00e1rios podem ver, editar ou excluir suas informa\u00e7\u00f5es pessoais a qualquer momento (s\u00f3 n\u00e3o \u00e9 poss\u00edvel alterar o seu username). Os administradores de sites tamb\u00e9m podem ver e editar estas informa\u00e7\u00f5es.<\/p>\n<h2>Quais os Direitos Sobre seus Dados<\/h2>\n<p>Se voc\u00ea tiver uma conta neste site ou se tiver deixado coment\u00e1rios, pode solicitar um arquivo exportado dos dados pessoais que mantemos sobre voc\u00ea, inclusive quaisquer dados que nos tenha fornecido. Tamb\u00e9m pode solicitar que removamos qualquer dado pessoal que mantemos sobre voc\u00ea. Isto n\u00e3o inclui nenhuns dados que somos obrigados a manter para prop\u00f3sitos administrativos, legais ou de seguran\u00e7a.<\/p>\n<h2>Para Onde Enviamos seus Dados<\/h2>\n<p>Coment\u00e1rios de visitantes podem ser marcados por um servi\u00e7o autom\u00e1tico de detec\u00e7\u00e3o de spam.<\/p>\n<p>N\u00f3s coletamos informa\u00e7\u00f5es sobre voc\u00ea durante o processo de finaliza\u00e7\u00e3o de pedido em nossa loja.<\/p>\n<h2>O que n\u00f3s coletamos e armazenamos<\/h2>\n<p>Enquanto voc\u00ea visita nosso site, n\u00f3s rastreamos:<\/p>\n<ul>\n<li>Produtos que voc\u00ea viu: usaremos isso para, por exemplo, mostrar os produtos que voc\u00ea visualizou recentemente<\/li>\n<li>Localiza\u00e7\u00e3o, endere\u00e7o IP e tipo de navegador: usaremos isso para fins de estimativas de taxas e envio<\/li>\n<li>Endere\u00e7o de entrega: solicitaremos que voc\u00ea insira isso para que possamos estimar as taxas de entrega antes de fazer um pedido e enviar o pedido para voc\u00ea!<\/li>\n<\/ul>\n<p>Tamb\u00e9m usaremos cookies para acompanhar o conte\u00fado do carrinho enquanto voc\u00ea navega no nosso site.<\/p>\n<p>Quando voc\u00ea compra de n\u00f3s, solicitamos que forne\u00e7a informa\u00e7\u00f5es, incluindo seu nome, endere\u00e7o de faturamento, endere\u00e7o para envio, endere\u00e7o de e-mail, n\u00famero de telefone, detalhes do cart\u00e3o de cr\u00e9dito\/pagamento e informa\u00e7\u00f5es opcionais da conta, como nome de usu\u00e1rio e senha. Usaremos estas informa\u00e7\u00f5es para fins, como:<\/p>\n<ul>\n<li>Enviar para voc\u00ea informa\u00e7\u00f5es sobre sua conta e pedido<\/li>\n<li>Responder \u00e0s suas requisi\u00e7\u00f5es, incluindo estornos e reclama\u00e7\u00f5es<\/li>\n<li>Processa de pagamentos e previne fraudes<\/li>\n<li>Configure uma conta em nossa loja<\/li>\n<li>Cumprir com todas as obriga\u00e7\u00f5es legais que tenhamos, como o c\u00e1lculo de taxas<\/li>\n<li>Melhore nossas ofertas<\/li>\n<li>Enviar para voc\u00ea mensagens de marketing, se voc\u00ea optar por receb\u00ea-las<\/li>\n<\/ul>\n<p>Se voc\u00ea criar uma conta, n\u00f3s armazenaremos seu nome, endere\u00e7o, e-mail e n\u00famero de telefone, e estes dados ser\u00e3o usados para preencher a p\u00e1gina de finaliza\u00e7\u00e3o da compra em pedidos futuros.<\/p>\n<p>Geralmente armazenamos informa\u00e7\u00f5es sobre voc\u00ea enquanto precisamos das informa\u00e7\u00f5es para os fins para os quais as coletamos e usamos, e n\u00e3o somos legalmente obrigados a continuar a mant\u00ea-las. Por exemplo, armazenaremos informa\u00e7\u00f5es sobre pedidos por XXX anos para fins fiscais e cont\u00e1beis. Isso inclui seu nome, endere\u00e7o de e-mail, endere\u00e7os de faturamento e entrega.<\/p>\n<p>Tamb\u00e9m armazenaremos coment\u00e1rios ou avalia\u00e7\u00f5es, se voc\u00ea optar por deix\u00e1-los.<\/p>\n<h2>Quem em nossa equipe tem acesso<\/h2>\n<p>Os membros da nossa equipe t\u00eam acesso \u00e0s informa\u00e7\u00f5es que voc\u00ea nos fornece. Por exemplo, os administradores e gerentes de loja podem acessar:<\/p>\n<ul>\n<li>Informa\u00e7\u00f5es de pedidos, como o que foi comprado, quando foi comprado e para onde deve ser enviado, e<\/li>\n<li>Informa\u00e7\u00f5es do cliente, como seu nome, endere\u00e7o de e-mail e informa\u00e7\u00f5es de faturamento e entrega.<\/li>\n<\/ul>\n<p>Os membros da nossa equipe t\u00eam acesso a essas informa\u00e7\u00f5es para ajudar a atender pedidos, processar reembolsos e oferecer suporte a voc\u00ea.<\/p>\n<h2>O que n\u00f3s compartilhamos com outros<\/h2>\n<div contenteditable=\"false\">\u00a0<\/div>\n<p>Compartilhamos informa\u00e7\u00f5es com terceiros que nos ajudam a fornecer nossos pedidos e armazenar servi\u00e7os para voc\u00ea, por exemplo &#8212;<\/p>\n<h3>Pagamentos<\/h3>\n<div contenteditable=\"false\">\u00a0<\/div>\n<p>Aceitamos pagamentos por PayPal. Ao processar os pagamentos, algumas de suas informa\u00e7\u00f5es ser\u00e3o passadas para o PayPal, incluindo informa\u00e7\u00f5es obrigat\u00f3rias para processar o pagamento, como o valor total da compra e as informa\u00e7\u00f5es de faturamento.<\/p>\n<p>Veja a\u00a0<a href=\"https:\/\/www.paypal.com\/us\/webapps\/mpp\/ua\/privacy-full\">Pol\u00edtica de privacidade do PayPal<\/a>\u00a0para mais detalhes.<\/p>\n<h2>Akismet<\/h2>\n<p>N\u00f3s coletamos informa\u00e7\u00f5es sobre visitantes que fazem coment\u00e1rios em sites que utilizam os servi\u00e7os anti-spam do Akismet. Essas informa\u00e7\u00f5es variam de acordo com a configura\u00e7\u00e3o dada ao Akismet naquele site, mas tipicamente inclui o endere\u00e7o IP de quem comenta, nome de usu\u00e1rio, qual postagem e o URL do site (juntamente com outras informa\u00e7\u00f5es fornecidas por quem comenta, como seu nome, nome de usu\u00e1rio, endere\u00e7o de e-mail e o coment\u00e1rio em si).<\/p>\n<h3>Third parties<\/h3>\n<p>Hummingbird uses the Stackpath Content Delivery Network (CDN). Stackpath may store web log information of site visitors, including IPs, UA, referrer, Location and ISP info of site visitors for 7 days. Files and images served by the CDN may be stored and served from countries other than your own. Stackpath\u2019s privacy policy can be found\u00a0<a href=\"https:\/\/www.stackpath.com\/legal\/privacy-statement\/\" target=\"_blank\" rel=\"noopener noreferrer\">here<\/a>.<\/p>\n","protected":false},"excerpt":{"rendered":"<p>Quem somos O endere\u00e7o do nosso site \u00e9: https:\/\/moderniza.me\/sandestec. Coment\u00e1rios Quando os visitantes deixam coment\u00e1rios no site, coletamos os dados&hellip;<\/p>\n","protected":false},"author":1,"featured_media":0,"parent":0,"menu_order":0,"comment_status":"closed","ping_status":"closed","template":"","meta":[],"yoast_head":"<!-- This site is optimized with the Yoast SEO plugin v15.7 - https:\/\/yoast.com\/wordpress\/plugins\/seo\/ -->\n<title>Pol\u00edtica de Privacidade - Sandes Tecnologia<\/title>\n<meta name=\"robots\" content=\"index, follow, max-snippet:-1, max-image-preview:large, max-video-preview:-1\" \/>\n<link rel=\"canonical\" href=\"https:\/\/moderniza.me\/sandestec\/politica-de-privacidade\/\" \/>\n<meta property=\"og:locale\" content=\"pt_BR\" \/>\n<meta property=\"og:type\" content=\"article\" \/>\n<meta property=\"og:title\" content=\"Pol\u00edtica de Privacidade - Sandes Tecnologia\" \/>\n<meta property=\"og:description\" content=\"Quem somos O endere\u00e7o do nosso site \u00e9: https:\/\/moderniza.me\/sandestec. Coment\u00e1rios Quando os visitantes deixam coment\u00e1rios no site, coletamos os dados&hellip;\" \/>\n<meta property=\"og:url\" content=\"https:\/\/moderniza.me\/sandestec\/politica-de-privacidade\/\" \/>\n<meta property=\"og:site_name\" content=\"Sandes Tecnologia\" \/>\n<meta property=\"article:modified_time\" content=\"2020-04-01T18:33:09+00:00\" \/>\n<meta name=\"twitter:card\" content=\"summary_large_image\" \/>\n<meta name=\"twitter:label1\" content=\"Est. reading time\">\n\t<meta name=\"twitter:data1\" content=\"7 minutos\">\n<script type=\"application\/ld+json\" class=\"yoast-schema-graph\">{\"@context\":\"https:\/\/schema.org\",\"@graph\":[{\"@type\":\"WebSite\",\"@id\":\"https:\/\/moderniza.me\/sandestec\/#website\",\"url\":\"https:\/\/moderniza.me\/sandestec\/\",\"name\":\"Sandes Tecnologia\",\"description\":\"Compre Online de Lojas Locais\",\"potentialAction\":[{\"@type\":\"SearchAction\",\"target\":\"https:\/\/moderniza.me\/sandestec\/?s={search_term_string}\",\"query-input\":\"required name=search_term_string\"}],\"inLanguage\":\"pt-BR\"},{\"@type\":\"WebPage\",\"@id\":\"https:\/\/moderniza.me\/sandestec\/politica-de-privacidade\/#webpage\",\"url\":\"https:\/\/moderniza.me\/sandestec\/politica-de-privacidade\/\",\"name\":\"Pol\\u00edtica de Privacidade - Sandes Tecnologia\",\"isPartOf\":{\"@id\":\"https:\/\/moderniza.me\/sandestec\/#website\"},\"datePublished\":\"2020-03-24T17:15:51+00:00\",\"dateModified\":\"2020-04-01T18:33:09+00:00\",\"inLanguage\":\"pt-BR\",\"potentialAction\":[{\"@type\":\"ReadAction\",\"target\":[\"https:\/\/moderniza.me\/sandestec\/politica-de-privacidade\/\"]}]}]}<\/script>\n<!-- \/ Yoast SEO plugin. -->","_links":{"self":[{"href":"https:\/\/moderniza.me\/sandestec\/wp-json\/wp\/v2\/pages\/3"}],"collection":[{"href":"https:\/\/moderniza.me\/sandestec\/wp-json\/wp\/v2\/pages"}],"about":[{"href":"https:\/\/moderniza.me\/sandestec\/wp-json\/wp\/v2\/types\/page"}],"author":[{"embeddable":true,"href":"https:\/\/moderniza.me\/sandestec\/wp-json\/wp\/v2\/users\/1"}],"replies":[{"embeddable":true,"href":"https:\/\/moderniza.me\/sandestec\/wp-json\/wp\/v2\/comments?post=3"}],"version-history":[{"count":5,"href":"https:\/\/moderniza.me\/sandestec\/wp-json\/wp\/v2\/pages\/3\/revisions"}],"predecessor-version":[{"id":321,"href":"https:\/\/moderniza.me\/sandestec\/wp-json\/wp\/v2\/pages\/3\/revisions\/321"}],"wp:attachment":[{"href":"https:\/\/moderniza.me\/sandestec\/wp-json\/wp\/v2\/media?parent=3"}],"curies":[{"name":"wp","href":"https:\/\/api.w.org\/{rel}","templated":true}]}}