
{"id":5247,"date":"2021-09-21T15:39:46","date_gmt":"2021-09-21T18:39:46","guid":{"rendered":"https:\/\/moderniza.me\/itsfitperfomance\/?page_id=5247"},"modified":"2022-02-21T15:31:06","modified_gmt":"2022-02-21T18:31:06","slug":"como-comprar","status":"publish","type":"page","link":"https:\/\/moderniza.me\/ragazziclothing\/como-comprar\/","title":{"rendered":"Como Comprar"},"content":{"rendered":"<p>Comprar na Ragazzi Clothing \u00e9 muito f\u00e1cil. Nossa loja foi desenvolvida com o que h\u00e1 de melhor em tecnologia, para uma navegabilidade r\u00e1pida, agrad\u00e1vel e f\u00e1cil.<\/p>\n<h2>1. Escolha do produto<\/h2>\n<p>\u2022 Atrav\u00e9s da BUSCA por produtos. Este campo lhe permitir\u00e1 procurar a palavra desejada em qualquer local do site; \u2022 Atrav\u00e9s de nossa vitrine, visualizando os produtos dispon\u00edveis; \u2022 Atrav\u00e9s de nosso MENU voc\u00ea poder\u00e1 navegar e filtrar todas as informa\u00e7\u00f5es desejadas em sua busca pelo produto.<\/p>\n<h2>2. Detalhes do produto<\/h2>\n<p>\u2022 Clicando em qualquer produto da vitrine, voc\u00ea ter\u00e1 acesso \u00e0 todos os detalhes relacionados ao mesmo, como os valores e parcelamentos, descri\u00e7\u00e3o, numera\u00e7\u00e3o dispon\u00edvel, etc.<\/p>\n<h2>3. Colocando o produto no carrinho de compras:<\/h2>\n<p>\u2022 Ao escolher o produto, clique na cor, na numera\u00e7\u00e3o desejada, e clique em COLOCAR NO CARRINHO.<\/p>\n<h2>4. Carrinho de compras:<\/h2>\n<p>\u2022 Verifique todos os dados de seu pedido: numera\u00e7\u00e3o, quantidade, valores e parcelamento; \u2022 Digite seu CEP para entrega da compra; \u2022 Escolha o tipo de envio (Encomenda Normal ou Encomenda Expressa). \u2022 Tamb\u00e9m ser\u00e1 disponibilizada a op\u00e7\u00e3o de retirar o produto em uma de nossas lojas (o prazo para a retirada, ap\u00f3s o pagamento, ser\u00e1 avisado por e-mail). \u2022 Verifique a previs\u00e3o de entrega; \u2022 Caso tenha interesse em continuar sua navega\u00e7\u00e3o pela loja, clique no bot\u00e3o ESCOLHER MAIS PRODUTOS; \u2022 Caso queira fechar seu pedido, clique em FINALIZAR COMPRA.<\/p>\n<h2>5. Identifica\u00e7\u00e3o de cliente:<\/h2>\n<p>\u2022 Todas as pessoas que desejarem efetuar um pedido na Ragazzi Clothing t\u00eam a necessidade de efetuar cadastro no site; \u2022 Caso voc\u00ea seja cliente, digite seu e-mail (usu\u00e1rio) e senha, e clique em ENTRAR; \u2022 Caso ainda n\u00e3o seja cliente, informe seu E-mail e preencha os dados de cadastro para poder continuar;<\/p>\n<h2>6. Fechamento do pedido:<\/h2>\n<p>\u2022 Preencha o formul\u00e1rio informando os dados de entrega desejados; \u2022 Escolha a forma de pagamento desejada. \u2022 Escolha a quantidade de parcelas; \u2022 Clique em FINALIZAR<\/p>\n<h2>7. Finalizando a compra:<\/h2>\n<p>\u2022 Verifique as informa\u00e7\u00f5es do total da compra e do parcelamento escolhido. \u2022 Clique em Continuar. \u2022 Voc\u00ea ser\u00e1 direcionado para o ambiente de pagamento. Efetue sua transa\u00e7\u00e3o sem dificuldades e preocupa\u00e7\u00f5es. Todas as informa\u00e7\u00f5es ser\u00e3o passadas com seguran\u00e7a. Para mais informa\u00e7\u00f5es sobre este item verifique o t\u00f3pico \u201cCompra Segura\u201d.<\/p>\n<h2>8. Informa\u00e7\u00f5es sobre seu pedido:<\/h2>\n<p>\u2022 Assim que sua compra for finalizada, voc\u00ea visualizar\u00e1 na tela as informa\u00e7\u00f5es de seu pedido; \u2022 Em seguida, voc\u00ea receber\u00e1 uma mensagem no e-mail informado em seu cadastro, com todas as informa\u00e7\u00f5es relacionadas ao pedido rec\u00e9m efetuado; \u2022 Todos as mudan\u00e7as de \u201cstatus\u201d de seu pedido ser\u00e3o informadas tamb\u00e9m via e-mail. Obs: \u00e9 importante que voc\u00ea cadastre o e-mail corretamente, para que possa receber as mensagens enviadas por nossa loja.<\/p>\n","protected":false},"excerpt":{"rendered":"<p>Comprar na Ragazzi Clothing \u00e9 muito f\u00e1cil. Nossa loja foi desenvolvida com o que h\u00e1 de melhor em tecnologia, para uma navegabilidade r\u00e1pida, agrad\u00e1vel e f\u00e1cil. 1. Escolha do produto \u2022 Atrav\u00e9s da BUSCA por produtos. Este campo lhe permitir\u00e1 procurar a palavra desejada em qualquer local do site; \u2022&hellip; <\/p>\n","protected":false},"author":13,"featured_media":0,"parent":0,"menu_order":0,"comment_status":"closed","ping_status":"closed","template":"","meta":{"spay_email":""},"yoast_head":"<!-- This site is optimized with the Yoast SEO plugin v15.7 - https:\/\/yoast.com\/wordpress\/plugins\/seo\/ -->\n<title>Como Comprar - Ragazzi Clothing<\/title>\n<meta name=\"robots\" content=\"index, follow, max-snippet:-1, max-image-preview:large, max-video-preview:-1\" \/>\n<link rel=\"canonical\" href=\"https:\/\/moderniza.me\/ragazziclothing\/como-comprar\/\" \/>\n<meta property=\"og:locale\" content=\"pt_BR\" \/>\n<meta property=\"og:type\" content=\"article\" \/>\n<meta property=\"og:title\" content=\"Como Comprar - Ragazzi Clothing\" \/>\n<meta property=\"og:description\" content=\"Comprar na Ragazzi Clothing \u00e9 muito f\u00e1cil. Nossa loja foi desenvolvida com o que h\u00e1 de melhor em tecnologia, para uma navegabilidade r\u00e1pida, agrad\u00e1vel e f\u00e1cil. 1. Escolha do produto \u2022 Atrav\u00e9s da BUSCA por produtos. Este campo lhe permitir\u00e1 procurar a palavra desejada em qualquer local do site; \u2022&hellip;\" \/>\n<meta property=\"og:url\" content=\"https:\/\/moderniza.me\/ragazziclothing\/como-comprar\/\" \/>\n<meta property=\"og:site_name\" content=\"Ragazzi Clothing\" \/>\n<meta property=\"article:modified_time\" content=\"2022-02-21T18:31:06+00:00\" \/>\n<meta name=\"twitter:card\" content=\"summary_large_image\" \/>\n<meta name=\"twitter:label1\" content=\"Est. reading time\">\n\t<meta name=\"twitter:data1\" content=\"2 minutos\">\n<script type=\"application\/ld+json\" class=\"yoast-schema-graph\">{\"@context\":\"https:\/\/schema.org\",\"@graph\":[{\"@type\":\"WebSite\",\"@id\":\"https:\/\/moderniza.me\/ragazziclothing\/#website\",\"url\":\"https:\/\/moderniza.me\/ragazziclothing\/\",\"name\":\"Ragazzi Clothing\",\"description\":\"\",\"potentialAction\":[{\"@type\":\"SearchAction\",\"target\":\"https:\/\/moderniza.me\/ragazziclothing\/?s={search_term_string}\",\"query-input\":\"required name=search_term_string\"}],\"inLanguage\":\"pt-BR\"},{\"@type\":\"WebPage\",\"@id\":\"https:\/\/moderniza.me\/ragazziclothing\/como-comprar\/#webpage\",\"url\":\"https:\/\/moderniza.me\/ragazziclothing\/como-comprar\/\",\"name\":\"Como Comprar - Ragazzi Clothing\",\"isPartOf\":{\"@id\":\"https:\/\/moderniza.me\/ragazziclothing\/#website\"},\"datePublished\":\"2021-09-21T18:39:46+00:00\",\"dateModified\":\"2022-02-21T18:31:06+00:00\",\"inLanguage\":\"pt-BR\",\"potentialAction\":[{\"@type\":\"ReadAction\",\"target\":[\"https:\/\/moderniza.me\/ragazziclothing\/como-comprar\/\"]}]}]}<\/script>\n<!-- \/ Yoast SEO plugin. -->","_links":{"self":[{"href":"https:\/\/moderniza.me\/ragazziclothing\/wp-json\/wp\/v2\/pages\/5247"}],"collection":[{"href":"https:\/\/moderniza.me\/ragazziclothing\/wp-json\/wp\/v2\/pages"}],"about":[{"href":"https:\/\/moderniza.me\/ragazziclothing\/wp-json\/wp\/v2\/types\/page"}],"author":[{"embeddable":true,"href":"https:\/\/moderniza.me\/ragazziclothing\/wp-json\/wp\/v2\/users\/13"}],"replies":[{"embeddable":true,"href":"https:\/\/moderniza.me\/ragazziclothing\/wp-json\/wp\/v2\/comments?post=5247"}],"version-history":[{"count":2,"href":"https:\/\/moderniza.me\/ragazziclothing\/wp-json\/wp\/v2\/pages\/5247\/revisions"}],"predecessor-version":[{"id":8105,"href":"https:\/\/moderniza.me\/ragazziclothing\/wp-json\/wp\/v2\/pages\/5247\/revisions\/8105"}],"wp:attachment":[{"href":"https:\/\/moderniza.me\/ragazziclothing\/wp-json\/wp\/v2\/media?parent=5247"}],"curies":[{"name":"wp","href":"https:\/\/api.w.org\/{rel}","templated":true}]}}