
{"id":5238,"date":"2021-09-21T15:25:40","date_gmt":"2021-09-21T18:25:40","guid":{"rendered":"https:\/\/moderniza.me\/itsfitperfomance\/?page_id=5238"},"modified":"2021-09-21T15:25:40","modified_gmt":"2021-09-21T18:25:40","slug":"termos-de-uso-2","status":"publish","type":"page","link":"https:\/\/moderniza.me\/ragazziclothing\/termos-de-uso-2\/","title":{"rendered":"Termos de Uso"},"content":{"rendered":"<p>Ao se cadastrar, os clientes determinam voluntariamente que desejam fornecer os seus dados pessoais requeridos na contrata\u00e7\u00e3o, atualiza\u00e7\u00e3o ou cancelamento de determinados servi\u00e7os oferecidos no site ou atrav\u00e9s dele, tais como: promo\u00e7\u00f5es, compras na loja virtual, contatos com os servi\u00e7os de atendimento e outros.<\/p>\n<p>As informa\u00e7\u00f5es recolhidas pela navega\u00e7\u00e3o dos internautas na loja online do Subst\u00e2ncia s\u00e3o utilizadas com o prop\u00f3sito b\u00e1sico de identificar: o p\u00fablico, usu\u00e1rio, seu perfil e h\u00e1bitos de compra, para gest\u00e3o, administra\u00e7\u00e3o, atendimento, amplia\u00e7\u00e3o e melhorias nos produtos e servi\u00e7os oferecidos; e tamb\u00e9m para a adequa\u00e7\u00e3o dos servi\u00e7os \u00e0s prefer\u00eancias e gostos dos usu\u00e1rios; para a cria\u00e7\u00e3o de novos produtos e servi\u00e7os; para o envio de informa\u00e7\u00f5es operacionais e comerciais relativas aos produtos e servi\u00e7os, por meios tradicionais e\/ou eletr\u00f4nico.<\/p>\n","protected":false},"excerpt":{"rendered":"<p>Ao se cadastrar, os clientes determinam voluntariamente que desejam fornecer os seus dados pessoais requeridos na contrata\u00e7\u00e3o, atualiza\u00e7\u00e3o ou cancelamento de determinados servi\u00e7os oferecidos no site ou atrav\u00e9s dele, tais como: promo\u00e7\u00f5es, compras na loja virtual, contatos com os servi\u00e7os de atendimento e outros. As informa\u00e7\u00f5es recolhidas pela navega\u00e7\u00e3o dos&hellip; <\/p>\n","protected":false},"author":13,"featured_media":0,"parent":0,"menu_order":0,"comment_status":"closed","ping_status":"closed","template":"","meta":{"spay_email":""},"yoast_head":"<!-- This site is optimized with the Yoast SEO plugin v15.7 - https:\/\/yoast.com\/wordpress\/plugins\/seo\/ -->\n<title>Termos de Uso - Ragazzi Clothing<\/title>\n<meta name=\"robots\" content=\"index, follow, max-snippet:-1, max-image-preview:large, max-video-preview:-1\" \/>\n<link rel=\"canonical\" href=\"https:\/\/moderniza.me\/ragazziclothing\/termos-de-uso-2\/\" \/>\n<meta property=\"og:locale\" content=\"pt_BR\" \/>\n<meta property=\"og:type\" content=\"article\" \/>\n<meta property=\"og:title\" content=\"Termos de Uso - Ragazzi Clothing\" \/>\n<meta property=\"og:description\" content=\"Ao se cadastrar, os clientes determinam voluntariamente que desejam fornecer os seus dados pessoais requeridos na contrata\u00e7\u00e3o, atualiza\u00e7\u00e3o ou cancelamento de determinados servi\u00e7os oferecidos no site ou atrav\u00e9s dele, tais como: promo\u00e7\u00f5es, compras na loja virtual, contatos com os servi\u00e7os de atendimento e outros. As informa\u00e7\u00f5es recolhidas pela navega\u00e7\u00e3o dos&hellip;\" \/>\n<meta property=\"og:url\" content=\"https:\/\/moderniza.me\/ragazziclothing\/termos-de-uso-2\/\" \/>\n<meta property=\"og:site_name\" content=\"Ragazzi Clothing\" \/>\n<meta name=\"twitter:card\" content=\"summary_large_image\" \/>\n<meta name=\"twitter:label1\" content=\"Est. reading time\">\n\t<meta name=\"twitter:data1\" content=\"1 minuto\">\n<script type=\"application\/ld+json\" class=\"yoast-schema-graph\">{\"@context\":\"https:\/\/schema.org\",\"@graph\":[{\"@type\":\"WebSite\",\"@id\":\"https:\/\/moderniza.me\/ragazziclothing\/#website\",\"url\":\"https:\/\/moderniza.me\/ragazziclothing\/\",\"name\":\"Ragazzi Clothing\",\"description\":\"\",\"potentialAction\":[{\"@type\":\"SearchAction\",\"target\":\"https:\/\/moderniza.me\/ragazziclothing\/?s={search_term_string}\",\"query-input\":\"required name=search_term_string\"}],\"inLanguage\":\"pt-BR\"},{\"@type\":\"WebPage\",\"@id\":\"https:\/\/moderniza.me\/ragazziclothing\/termos-de-uso-2\/#webpage\",\"url\":\"https:\/\/moderniza.me\/ragazziclothing\/termos-de-uso-2\/\",\"name\":\"Termos de Uso - Ragazzi Clothing\",\"isPartOf\":{\"@id\":\"https:\/\/moderniza.me\/ragazziclothing\/#website\"},\"datePublished\":\"2021-09-21T18:25:40+00:00\",\"dateModified\":\"2021-09-21T18:25:40+00:00\",\"inLanguage\":\"pt-BR\",\"potentialAction\":[{\"@type\":\"ReadAction\",\"target\":[\"https:\/\/moderniza.me\/ragazziclothing\/termos-de-uso-2\/\"]}]}]}<\/script>\n<!-- \/ Yoast SEO plugin. -->","_links":{"self":[{"href":"https:\/\/moderniza.me\/ragazziclothing\/wp-json\/wp\/v2\/pages\/5238"}],"collection":[{"href":"https:\/\/moderniza.me\/ragazziclothing\/wp-json\/wp\/v2\/pages"}],"about":[{"href":"https:\/\/moderniza.me\/ragazziclothing\/wp-json\/wp\/v2\/types\/page"}],"author":[{"embeddable":true,"href":"https:\/\/moderniza.me\/ragazziclothing\/wp-json\/wp\/v2\/users\/13"}],"replies":[{"embeddable":true,"href":"https:\/\/moderniza.me\/ragazziclothing\/wp-json\/wp\/v2\/comments?post=5238"}],"version-history":[{"count":1,"href":"https:\/\/moderniza.me\/ragazziclothing\/wp-json\/wp\/v2\/pages\/5238\/revisions"}],"predecessor-version":[{"id":5239,"href":"https:\/\/moderniza.me\/ragazziclothing\/wp-json\/wp\/v2\/pages\/5238\/revisions\/5239"}],"wp:attachment":[{"href":"https:\/\/moderniza.me\/ragazziclothing\/wp-json\/wp\/v2\/media?parent=5238"}],"curies":[{"name":"wp","href":"https:\/\/api.w.org\/{rel}","templated":true}]}}