
{"id":5235,"date":"2021-09-21T15:23:22","date_gmt":"2021-09-21T18:23:22","guid":{"rendered":"https:\/\/moderniza.me\/itsfitperfomance\/?page_id=5235"},"modified":"2022-02-21T15:57:24","modified_gmt":"2022-02-21T18:57:24","slug":"prazos-de-entrega","status":"publish","type":"page","link":"https:\/\/moderniza.me\/ragazziclothing\/prazos-de-entrega\/","title":{"rendered":"Prazos de Entrega"},"content":{"rendered":"<p>A Ragazzi Clothing utiliza os servi\u00e7os de entregas dos Correios. O valor do frete \u00e9 calculado no site de forma autom\u00e1tica. Este c\u00e1lculo leva em conta o local de entrega (CEP), valor do pedido, peso e cubagem dos produtos. S\u00e3o oferecidas, duas formas de envio dos pedidos: PAC (Encomenda Normal), com prazo de entrega entre 6 e 12 dias \u00fateis, ap\u00f3s data da postagem; e SEDEX (encomenda expressa), com prazo de entrega m\u00e9dio de 48 horas para capitais e m\u00e9dio de 72 horas para Interior, ap\u00f3s postagem mediante confirma\u00e7\u00e3o do pedido. Os Correios oferecem cobertura de entrega em todo o territ\u00f3rio nacional por PAC e nas principais cidades por SEDEX.<\/p>\n","protected":false},"excerpt":{"rendered":"<p>A Ragazzi Clothing utiliza os servi\u00e7os de entregas dos Correios. O valor do frete \u00e9 calculado no site de forma autom\u00e1tica. Este c\u00e1lculo leva em conta o local de entrega (CEP), valor do pedido, peso e cubagem dos produtos. S\u00e3o oferecidas, duas formas de envio dos pedidos: PAC (Encomenda Normal),&hellip; <\/p>\n","protected":false},"author":13,"featured_media":0,"parent":0,"menu_order":0,"comment_status":"closed","ping_status":"closed","template":"","meta":{"spay_email":""},"yoast_head":"<!-- This site is optimized with the Yoast SEO plugin v15.7 - https:\/\/yoast.com\/wordpress\/plugins\/seo\/ -->\n<title>Prazos de Entrega - Ragazzi Clothing<\/title>\n<meta name=\"robots\" content=\"index, follow, max-snippet:-1, max-image-preview:large, max-video-preview:-1\" \/>\n<link rel=\"canonical\" href=\"https:\/\/moderniza.me\/ragazziclothing\/prazos-de-entrega\/\" \/>\n<meta property=\"og:locale\" content=\"pt_BR\" \/>\n<meta property=\"og:type\" content=\"article\" \/>\n<meta property=\"og:title\" content=\"Prazos de Entrega - Ragazzi Clothing\" \/>\n<meta property=\"og:description\" content=\"A Ragazzi Clothing utiliza os servi\u00e7os de entregas dos Correios. O valor do frete \u00e9 calculado no site de forma autom\u00e1tica. Este c\u00e1lculo leva em conta o local de entrega (CEP), valor do pedido, peso e cubagem dos produtos. S\u00e3o oferecidas, duas formas de envio dos pedidos: PAC (Encomenda Normal),&hellip;\" \/>\n<meta property=\"og:url\" content=\"https:\/\/moderniza.me\/ragazziclothing\/prazos-de-entrega\/\" \/>\n<meta property=\"og:site_name\" content=\"Ragazzi Clothing\" \/>\n<meta property=\"article:modified_time\" content=\"2022-02-21T18:57:24+00:00\" \/>\n<meta name=\"twitter:card\" content=\"summary_large_image\" \/>\n<meta name=\"twitter:label1\" content=\"Est. reading time\">\n\t<meta name=\"twitter:data1\" content=\"1 minuto\">\n<script type=\"application\/ld+json\" class=\"yoast-schema-graph\">{\"@context\":\"https:\/\/schema.org\",\"@graph\":[{\"@type\":\"WebSite\",\"@id\":\"https:\/\/moderniza.me\/ragazziclothing\/#website\",\"url\":\"https:\/\/moderniza.me\/ragazziclothing\/\",\"name\":\"Ragazzi Clothing\",\"description\":\"\",\"potentialAction\":[{\"@type\":\"SearchAction\",\"target\":\"https:\/\/moderniza.me\/ragazziclothing\/?s={search_term_string}\",\"query-input\":\"required name=search_term_string\"}],\"inLanguage\":\"pt-BR\"},{\"@type\":\"WebPage\",\"@id\":\"https:\/\/moderniza.me\/ragazziclothing\/prazos-de-entrega\/#webpage\",\"url\":\"https:\/\/moderniza.me\/ragazziclothing\/prazos-de-entrega\/\",\"name\":\"Prazos de Entrega - Ragazzi Clothing\",\"isPartOf\":{\"@id\":\"https:\/\/moderniza.me\/ragazziclothing\/#website\"},\"datePublished\":\"2021-09-21T18:23:22+00:00\",\"dateModified\":\"2022-02-21T18:57:24+00:00\",\"inLanguage\":\"pt-BR\",\"potentialAction\":[{\"@type\":\"ReadAction\",\"target\":[\"https:\/\/moderniza.me\/ragazziclothing\/prazos-de-entrega\/\"]}]}]}<\/script>\n<!-- \/ Yoast SEO plugin. -->","_links":{"self":[{"href":"https:\/\/moderniza.me\/ragazziclothing\/wp-json\/wp\/v2\/pages\/5235"}],"collection":[{"href":"https:\/\/moderniza.me\/ragazziclothing\/wp-json\/wp\/v2\/pages"}],"about":[{"href":"https:\/\/moderniza.me\/ragazziclothing\/wp-json\/wp\/v2\/types\/page"}],"author":[{"embeddable":true,"href":"https:\/\/moderniza.me\/ragazziclothing\/wp-json\/wp\/v2\/users\/13"}],"replies":[{"embeddable":true,"href":"https:\/\/moderniza.me\/ragazziclothing\/wp-json\/wp\/v2\/comments?post=5235"}],"version-history":[{"count":2,"href":"https:\/\/moderniza.me\/ragazziclothing\/wp-json\/wp\/v2\/pages\/5235\/revisions"}],"predecessor-version":[{"id":8115,"href":"https:\/\/moderniza.me\/ragazziclothing\/wp-json\/wp\/v2\/pages\/5235\/revisions\/8115"}],"wp:attachment":[{"href":"https:\/\/moderniza.me\/ragazziclothing\/wp-json\/wp\/v2\/media?parent=5235"}],"curies":[{"name":"wp","href":"https:\/\/api.w.org\/{rel}","templated":true}]}}