
{"id":5232,"date":"2021-09-21T15:15:40","date_gmt":"2021-09-21T18:15:40","guid":{"rendered":"https:\/\/moderniza.me\/itsfitperfomance\/?page_id=5232"},"modified":"2022-02-21T15:29:05","modified_gmt":"2022-02-21T18:29:05","slug":"politicas-de-privacidade","status":"publish","type":"page","link":"https:\/\/moderniza.me\/ragazziclothing\/politicas-de-privacidade\/","title":{"rendered":"POL\u00cdTICAS DE PRIVACIDADE"},"content":{"rendered":"<p>A Loja Ragazzi Clothing, respeita a sua privacidade, porque garante o sigilo total das informa\u00e7\u00f5es que voc\u00ea nos fornece. Seus dados pessoais s\u00e3o armazenados em nosso banco de dados com o intuito de melhorar o nosso relacionamento com voc\u00ea, atrav\u00e9s de e-mail, WhatsApp, entre outras formas de intera\u00e7\u00e3o. Assim, podemos sempre oferecer os melhores produtos e servi\u00e7os.<br \/>\nOs seus dados pessoais nunca s\u00e3o enviados ou disponibilizados a terceiros. Nossa base de dados \u00e9 utilizada apenas para o envio de nossos pr\u00f3prios e-mails.<br \/>\nFique tranquila (o), o n\u00famero do seu cart\u00e3o de cr\u00e9dito \u00e9 usado somente no processamento de compra, n\u00e3o sendo, de modo algum, guardado nos arquivos depois da opera\u00e7\u00e3o. Ficam arquivados apenas os seus dados pessoais de cadastro.<br \/>\nA Ragazzi Clothing tem um site 100% seguro em todas suas transa\u00e7\u00f5es. Investimos nas tecnologias mais avan\u00e7adas em prote\u00e7\u00e3o de dados para que voc\u00ea possa realizar suas compras num ambiente moderno, pr\u00e1tico e totalmente seguro.<\/p>\n","protected":false},"excerpt":{"rendered":"<p>A Loja Ragazzi Clothing, respeita a sua privacidade, porque garante o sigilo total das informa\u00e7\u00f5es que voc\u00ea nos fornece. Seus dados pessoais s\u00e3o armazenados em nosso banco de dados com o intuito de melhorar o nosso relacionamento com voc\u00ea, atrav\u00e9s de e-mail, WhatsApp, entre outras formas de intera\u00e7\u00e3o. Assim, podemos&hellip; <\/p>\n","protected":false},"author":13,"featured_media":0,"parent":0,"menu_order":0,"comment_status":"closed","ping_status":"closed","template":"","meta":{"spay_email":""},"yoast_head":"<!-- This site is optimized with the Yoast SEO plugin v15.7 - https:\/\/yoast.com\/wordpress\/plugins\/seo\/ -->\n<title>POL\u00cdTICAS DE PRIVACIDADE - Ragazzi Clothing<\/title>\n<meta name=\"robots\" content=\"index, follow, max-snippet:-1, max-image-preview:large, max-video-preview:-1\" \/>\n<link rel=\"canonical\" href=\"https:\/\/moderniza.me\/ragazziclothing\/politicas-de-privacidade\/\" \/>\n<meta property=\"og:locale\" content=\"pt_BR\" \/>\n<meta property=\"og:type\" content=\"article\" \/>\n<meta property=\"og:title\" content=\"POL\u00cdTICAS DE PRIVACIDADE - Ragazzi Clothing\" \/>\n<meta property=\"og:description\" content=\"A Loja Ragazzi Clothing, respeita a sua privacidade, porque garante o sigilo total das informa\u00e7\u00f5es que voc\u00ea nos fornece. Seus dados pessoais s\u00e3o armazenados em nosso banco de dados com o intuito de melhorar o nosso relacionamento com voc\u00ea, atrav\u00e9s de e-mail, WhatsApp, entre outras formas de intera\u00e7\u00e3o. Assim, podemos&hellip;\" \/>\n<meta property=\"og:url\" content=\"https:\/\/moderniza.me\/ragazziclothing\/politicas-de-privacidade\/\" \/>\n<meta property=\"og:site_name\" content=\"Ragazzi Clothing\" \/>\n<meta property=\"article:modified_time\" content=\"2022-02-21T18:29:05+00:00\" \/>\n<meta name=\"twitter:card\" content=\"summary_large_image\" \/>\n<meta name=\"twitter:label1\" content=\"Est. reading time\">\n\t<meta name=\"twitter:data1\" content=\"1 minuto\">\n<script type=\"application\/ld+json\" class=\"yoast-schema-graph\">{\"@context\":\"https:\/\/schema.org\",\"@graph\":[{\"@type\":\"WebSite\",\"@id\":\"https:\/\/moderniza.me\/ragazziclothing\/#website\",\"url\":\"https:\/\/moderniza.me\/ragazziclothing\/\",\"name\":\"Ragazzi Clothing\",\"description\":\"\",\"potentialAction\":[{\"@type\":\"SearchAction\",\"target\":\"https:\/\/moderniza.me\/ragazziclothing\/?s={search_term_string}\",\"query-input\":\"required name=search_term_string\"}],\"inLanguage\":\"pt-BR\"},{\"@type\":\"WebPage\",\"@id\":\"https:\/\/moderniza.me\/ragazziclothing\/politicas-de-privacidade\/#webpage\",\"url\":\"https:\/\/moderniza.me\/ragazziclothing\/politicas-de-privacidade\/\",\"name\":\"POL\\u00cdTICAS DE PRIVACIDADE - Ragazzi Clothing\",\"isPartOf\":{\"@id\":\"https:\/\/moderniza.me\/ragazziclothing\/#website\"},\"datePublished\":\"2021-09-21T18:15:40+00:00\",\"dateModified\":\"2022-02-21T18:29:05+00:00\",\"inLanguage\":\"pt-BR\",\"potentialAction\":[{\"@type\":\"ReadAction\",\"target\":[\"https:\/\/moderniza.me\/ragazziclothing\/politicas-de-privacidade\/\"]}]}]}<\/script>\n<!-- \/ Yoast SEO plugin. -->","_links":{"self":[{"href":"https:\/\/moderniza.me\/ragazziclothing\/wp-json\/wp\/v2\/pages\/5232"}],"collection":[{"href":"https:\/\/moderniza.me\/ragazziclothing\/wp-json\/wp\/v2\/pages"}],"about":[{"href":"https:\/\/moderniza.me\/ragazziclothing\/wp-json\/wp\/v2\/types\/page"}],"author":[{"embeddable":true,"href":"https:\/\/moderniza.me\/ragazziclothing\/wp-json\/wp\/v2\/users\/13"}],"replies":[{"embeddable":true,"href":"https:\/\/moderniza.me\/ragazziclothing\/wp-json\/wp\/v2\/comments?post=5232"}],"version-history":[{"count":2,"href":"https:\/\/moderniza.me\/ragazziclothing\/wp-json\/wp\/v2\/pages\/5232\/revisions"}],"predecessor-version":[{"id":8104,"href":"https:\/\/moderniza.me\/ragazziclothing\/wp-json\/wp\/v2\/pages\/5232\/revisions\/8104"}],"wp:attachment":[{"href":"https:\/\/moderniza.me\/ragazziclothing\/wp-json\/wp\/v2\/media?parent=5232"}],"curies":[{"name":"wp","href":"https:\/\/api.w.org\/{rel}","templated":true}]}}