
{"id":5229,"date":"2021-09-21T15:07:20","date_gmt":"2021-09-21T18:07:20","guid":{"rendered":"https:\/\/moderniza.me\/itsfitperfomance\/?page_id=5229"},"modified":"2022-02-21T15:42:40","modified_gmt":"2022-02-21T18:42:40","slug":"formas-de-pagamentos","status":"publish","type":"page","link":"https:\/\/moderniza.me\/ragazziclothing\/formas-de-pagamentos\/","title":{"rendered":"FORMAS DE PAGAMENTOS"},"content":{"rendered":"<p>Pagamento;<\/p>\n<p>Comprar na Ragazzi Clothing\u00a0\u00e9 muito f\u00e1cil e totalmente seguro. Possu\u00edmos uma parceria com a Pagar.me, o qual, aceita as formas mais pr\u00e1ticas e seguras de pagamentos. Escolha a de sua prefer\u00eancia!<br \/>\nA prote\u00e7\u00e3o e o sigilo da sua compra \u00e9 nossa prioridade. Por essa raz\u00e3o, firmamos a parceria com o PagSeguro. Confedera\u00e7\u00e3o que garante atrav\u00e9s de sua plataforma a seguran\u00e7a e incorrup\u00e7\u00e3o dos dados necess\u00e1rios.<\/p>\n<p>&nbsp;<\/p>\n","protected":false},"excerpt":{"rendered":"<p>Pagamento; Comprar na Ragazzi Clothing\u00a0\u00e9 muito f\u00e1cil e totalmente seguro. Possu\u00edmos uma parceria com a Pagar.me, o qual, aceita as formas mais pr\u00e1ticas e seguras de pagamentos. Escolha a de sua prefer\u00eancia! A prote\u00e7\u00e3o e o sigilo da sua compra \u00e9 nossa prioridade. Por essa raz\u00e3o, firmamos a parceria com&hellip; <\/p>\n","protected":false},"author":13,"featured_media":0,"parent":0,"menu_order":0,"comment_status":"closed","ping_status":"closed","template":"","meta":{"spay_email":""},"yoast_head":"<!-- This site is optimized with the Yoast SEO plugin v15.7 - https:\/\/yoast.com\/wordpress\/plugins\/seo\/ -->\n<title>FORMAS DE PAGAMENTOS - Ragazzi Clothing<\/title>\n<meta name=\"robots\" content=\"index, follow, max-snippet:-1, max-image-preview:large, max-video-preview:-1\" \/>\n<link rel=\"canonical\" href=\"https:\/\/moderniza.me\/ragazziclothing\/formas-de-pagamentos\/\" \/>\n<meta property=\"og:locale\" content=\"pt_BR\" \/>\n<meta property=\"og:type\" content=\"article\" \/>\n<meta property=\"og:title\" content=\"FORMAS DE PAGAMENTOS - Ragazzi Clothing\" \/>\n<meta property=\"og:description\" content=\"Pagamento; Comprar na Ragazzi Clothing\u00a0\u00e9 muito f\u00e1cil e totalmente seguro. Possu\u00edmos uma parceria com a Pagar.me, o qual, aceita as formas mais pr\u00e1ticas e seguras de pagamentos. Escolha a de sua prefer\u00eancia! A prote\u00e7\u00e3o e o sigilo da sua compra \u00e9 nossa prioridade. Por essa raz\u00e3o, firmamos a parceria com&hellip;\" \/>\n<meta property=\"og:url\" content=\"https:\/\/moderniza.me\/ragazziclothing\/formas-de-pagamentos\/\" \/>\n<meta property=\"og:site_name\" content=\"Ragazzi Clothing\" \/>\n<meta property=\"article:modified_time\" content=\"2022-02-21T18:42:40+00:00\" \/>\n<meta name=\"twitter:card\" content=\"summary_large_image\" \/>\n<meta name=\"twitter:label1\" content=\"Est. reading time\">\n\t<meta name=\"twitter:data1\" content=\"1 minuto\">\n<script type=\"application\/ld+json\" class=\"yoast-schema-graph\">{\"@context\":\"https:\/\/schema.org\",\"@graph\":[{\"@type\":\"WebSite\",\"@id\":\"https:\/\/moderniza.me\/ragazziclothing\/#website\",\"url\":\"https:\/\/moderniza.me\/ragazziclothing\/\",\"name\":\"Ragazzi Clothing\",\"description\":\"\",\"potentialAction\":[{\"@type\":\"SearchAction\",\"target\":\"https:\/\/moderniza.me\/ragazziclothing\/?s={search_term_string}\",\"query-input\":\"required name=search_term_string\"}],\"inLanguage\":\"pt-BR\"},{\"@type\":\"WebPage\",\"@id\":\"https:\/\/moderniza.me\/ragazziclothing\/formas-de-pagamentos\/#webpage\",\"url\":\"https:\/\/moderniza.me\/ragazziclothing\/formas-de-pagamentos\/\",\"name\":\"FORMAS DE PAGAMENTOS - Ragazzi Clothing\",\"isPartOf\":{\"@id\":\"https:\/\/moderniza.me\/ragazziclothing\/#website\"},\"datePublished\":\"2021-09-21T18:07:20+00:00\",\"dateModified\":\"2022-02-21T18:42:40+00:00\",\"inLanguage\":\"pt-BR\",\"potentialAction\":[{\"@type\":\"ReadAction\",\"target\":[\"https:\/\/moderniza.me\/ragazziclothing\/formas-de-pagamentos\/\"]}]}]}<\/script>\n<!-- \/ Yoast SEO plugin. -->","_links":{"self":[{"href":"https:\/\/moderniza.me\/ragazziclothing\/wp-json\/wp\/v2\/pages\/5229"}],"collection":[{"href":"https:\/\/moderniza.me\/ragazziclothing\/wp-json\/wp\/v2\/pages"}],"about":[{"href":"https:\/\/moderniza.me\/ragazziclothing\/wp-json\/wp\/v2\/types\/page"}],"author":[{"embeddable":true,"href":"https:\/\/moderniza.me\/ragazziclothing\/wp-json\/wp\/v2\/users\/13"}],"replies":[{"embeddable":true,"href":"https:\/\/moderniza.me\/ragazziclothing\/wp-json\/wp\/v2\/comments?post=5229"}],"version-history":[{"count":3,"href":"https:\/\/moderniza.me\/ragazziclothing\/wp-json\/wp\/v2\/pages\/5229\/revisions"}],"predecessor-version":[{"id":8112,"href":"https:\/\/moderniza.me\/ragazziclothing\/wp-json\/wp\/v2\/pages\/5229\/revisions\/8112"}],"wp:attachment":[{"href":"https:\/\/moderniza.me\/ragazziclothing\/wp-json\/wp\/v2\/media?parent=5229"}],"curies":[{"name":"wp","href":"https:\/\/api.w.org\/{rel}","templated":true}]}}