
{"id":165,"date":"2020-03-25T21:54:55","date_gmt":"2020-03-25T21:54:55","guid":{"rendered":"http:\/\/moderniza.me\/loja01\/product\/conjunto-esportivo-2\/"},"modified":"2020-04-28T09:55:57","modified_gmt":"2020-04-28T12:55:57","slug":"conjunto-esportivo-2","status":"publish","type":"product","link":"https:\/\/moderniza.me\/otimizer\/product\/conjunto-esportivo-2\/","title":{"rendered":"Conjunto Esportivo"},"content":{"rendered":"<p>Marca: Marca Pr\u00f3pria<br \/>\nDescri\u00e7\u00e3o: Produto: Conjunto Algod\u00e3o.Cor: Cinza.Modelagem: Ajustada.Tecido: Algod\u00e3o.Acabamento: Bainha, c\u00f3s embutido.Composi\u00e7\u00e3o: 98% poli\u00e9ster e 02% elastano.Detalhe:Detalhes em turquesa.<\/p>\n","protected":false},"excerpt":{"rendered":"<p>Conjunto Esportivo<\/p>\n","protected":false},"featured_media":187,"comment_status":"open","ping_status":"closed","template":"","meta":[],"yoast_head":"<!-- This site is optimized with the Yoast SEO plugin v15.7 - https:\/\/yoast.com\/wordpress\/plugins\/seo\/ -->\n<title>Conjunto Esportivo - Loja Virtual Teste Otimizer<\/title>\n<meta name=\"robots\" content=\"index, follow, max-snippet:-1, max-image-preview:large, max-video-preview:-1\" \/>\n<link rel=\"canonical\" href=\"https:\/\/moderniza.me\/otimizer\/product\/conjunto-esportivo-2\/\" \/>\n<meta property=\"og:locale\" content=\"pt_BR\" \/>\n<meta property=\"og:type\" content=\"article\" \/>\n<meta property=\"og:title\" content=\"Conjunto Esportivo - Loja Virtual Teste Otimizer\" \/>\n<meta property=\"og:description\" content=\"Conjunto Esportivo\" \/>\n<meta property=\"og:url\" content=\"https:\/\/moderniza.me\/otimizer\/product\/conjunto-esportivo-2\/\" \/>\n<meta property=\"og:site_name\" content=\"Loja Virtual Teste Otimizer\" \/>\n<meta property=\"article:modified_time\" content=\"2020-04-28T12:55:57+00:00\" \/>\n<meta property=\"og:image\" content=\"https:\/\/moderniza.me\/otimizer\/wp-content\/uploads\/sites\/76\/2020\/03\/IMG_6098-min-scaled.jpg\" \/>\n\t<meta property=\"og:image:width\" content=\"1707\" \/>\n\t<meta property=\"og:image:height\" content=\"2560\" \/>\n<meta name=\"twitter:card\" content=\"summary_large_image\" \/>\n<script type=\"application\/ld+json\" class=\"yoast-schema-graph\">{\"@context\":\"https:\/\/schema.org\",\"@graph\":[{\"@type\":\"WebSite\",\"@id\":\"https:\/\/moderniza.me\/otimizer\/#website\",\"url\":\"https:\/\/moderniza.me\/otimizer\/\",\"name\":\"Loja Virtual Teste Otimizer\",\"description\":\"Compre Online de Lojas Locais\",\"potentialAction\":[{\"@type\":\"SearchAction\",\"target\":\"https:\/\/moderniza.me\/otimizer\/?s={search_term_string}\",\"query-input\":\"required name=search_term_string\"}],\"inLanguage\":\"pt-BR\"},{\"@type\":\"ImageObject\",\"@id\":\"https:\/\/moderniza.me\/otimizer\/product\/conjunto-esportivo-2\/#primaryimage\",\"inLanguage\":\"pt-BR\",\"url\":\"https:\/\/moderniza.me\/otimizer\/wp-content\/uploads\/sites\/76\/2020\/03\/IMG_6098-min-scaled.jpg\",\"width\":1707,\"height\":2560},{\"@type\":\"WebPage\",\"@id\":\"https:\/\/moderniza.me\/otimizer\/product\/conjunto-esportivo-2\/#webpage\",\"url\":\"https:\/\/moderniza.me\/otimizer\/product\/conjunto-esportivo-2\/\",\"name\":\"Conjunto Esportivo - Loja Virtual Teste Otimizer\",\"isPartOf\":{\"@id\":\"https:\/\/moderniza.me\/otimizer\/#website\"},\"primaryImageOfPage\":{\"@id\":\"https:\/\/moderniza.me\/otimizer\/product\/conjunto-esportivo-2\/#primaryimage\"},\"datePublished\":\"2020-03-25T21:54:55+00:00\",\"dateModified\":\"2020-04-28T12:55:57+00:00\",\"inLanguage\":\"pt-BR\",\"potentialAction\":[{\"@type\":\"ReadAction\",\"target\":[\"https:\/\/moderniza.me\/otimizer\/product\/conjunto-esportivo-2\/\"]}]}]}<\/script>\n<!-- \/ Yoast SEO plugin. -->","_links":{"self":[{"href":"https:\/\/moderniza.me\/otimizer\/wp-json\/wp\/v2\/product\/165"}],"collection":[{"href":"https:\/\/moderniza.me\/otimizer\/wp-json\/wp\/v2\/product"}],"about":[{"href":"https:\/\/moderniza.me\/otimizer\/wp-json\/wp\/v2\/types\/product"}],"replies":[{"embeddable":true,"href":"https:\/\/moderniza.me\/otimizer\/wp-json\/wp\/v2\/comments?post=165"}],"wp:featuredmedia":[{"embeddable":true,"href":"https:\/\/moderniza.me\/otimizer\/wp-json\/wp\/v2\/media\/187"}],"wp:attachment":[{"href":"https:\/\/moderniza.me\/otimizer\/wp-json\/wp\/v2\/media?parent=165"}],"curies":[{"name":"wp","href":"https:\/\/api.w.org\/{rel}","templated":true}]}}