
{"id":9748,"date":"2026-05-12T10:06:34","date_gmt":"2026-05-12T13:06:34","guid":{"rendered":"https:\/\/moderniza.me\/juventude\/?post_type=product&#038;p=9748"},"modified":"2026-05-12T10:26:04","modified_gmt":"2026-05-12T13:26:04","slug":"camisa-oficial-concentracao-atleta-2025","status":"publish","type":"product","link":"https:\/\/moderniza.me\/juventude\/product\/camisa-oficial-concentracao-atleta-2025\/","title":{"rendered":"CAMISA OFICIAL CONCENTRA\u00c7\u00c3O ATLETA 2025"},"content":{"rendered":"","protected":false},"excerpt":{"rendered":"<p>A Camisa de Concentra\u00e7\u00e3o do EC Juventude une conforto, leveza e identidade visual moderna. Produzida em tecido macio e respir\u00e1vel, tornando ela \u00f3tima para torcer e tamb\u00e9m para atividades do dia a dia! O modelo conta com aplica\u00e7\u00e3o da marca 19Treze e do s\u00edmbolo do Juventude no peito, representando a tradi\u00e7\u00e3o e a conex\u00e3o com o clube.<\/p>\n<p>Pedidos e d\u00favidas, estamos dispon\u00edveis para lhe atender por whatsapp!<br \/>\nLOJA VIRTUAL \u2014 (54) 99390-2495<\/p>\n","protected":false},"featured_media":9755,"template":"","meta":{"spay_email":""},"yoast_head":"<!-- This site is optimized with the Yoast SEO plugin v15.7 - https:\/\/yoast.com\/wordpress\/plugins\/seo\/ -->\n<title>CAMISA OFICIAL CONCENTRA\u00c7\u00c3O ATLETA 2025 - Loja do Juventude<\/title>\n<meta name=\"description\" content=\"Diante da maior trag\u00e9dia ambiental no nosso Estado, nossos n\u00fameros v\u00e3o carregar as cores do Rio Grande do Sul, chamando a aten\u00e7\u00e3o para que as colabora\u00e7\u00f5es continuem e as fam\u00edlias atingidas sigam recebendo o suporte para que retomem suas vidas o mais r\u00e1pido poss\u00edvel.\" \/>\n<meta name=\"robots\" content=\"index, follow, max-snippet:-1, max-image-preview:large, max-video-preview:-1\" \/>\n<link rel=\"canonical\" href=\"https:\/\/moderniza.me\/juventude\/product\/camisa-oficial-concentracao-atleta-2025\/\" \/>\n<meta property=\"og:locale\" content=\"pt_BR\" \/>\n<meta property=\"og:type\" content=\"article\" \/>\n<meta property=\"og:title\" content=\"CAMISA OFICIAL CONCENTRA\u00c7\u00c3O ATLETA 2025 - Loja do Juventude\" \/>\n<meta property=\"og:description\" content=\"Diante da maior trag\u00e9dia ambiental no nosso Estado, nossos n\u00fameros v\u00e3o carregar as cores do Rio Grande do Sul, chamando a aten\u00e7\u00e3o para que as colabora\u00e7\u00f5es continuem e as fam\u00edlias atingidas sigam recebendo o suporte para que retomem suas vidas o mais r\u00e1pido poss\u00edvel.\" \/>\n<meta property=\"og:url\" content=\"https:\/\/moderniza.me\/juventude\/product\/camisa-oficial-concentracao-atleta-2025\/\" \/>\n<meta property=\"og:site_name\" content=\"Loja do Juventude\" \/>\n<meta property=\"article:modified_time\" content=\"2026-05-12T13:26:04+00:00\" \/>\n<meta property=\"og:image\" content=\"https:\/\/moderniza.me\/juventude\/wp-content\/uploads\/sites\/45\/2026\/05\/1.316-1.jpeg\" \/>\n\t<meta property=\"og:image:width\" content=\"900\" \/>\n\t<meta property=\"og:image:height\" content=\"1600\" \/>\n<meta name=\"twitter:card\" content=\"summary_large_image\" \/>\n<script type=\"application\/ld+json\" class=\"yoast-schema-graph\">{\"@context\":\"https:\/\/schema.org\",\"@graph\":[{\"@type\":\"WebSite\",\"@id\":\"https:\/\/moderniza.me\/juventude\/#website\",\"url\":\"https:\/\/moderniza.me\/juventude\/\",\"name\":\"Loja do Juventude\",\"description\":\"\",\"potentialAction\":[{\"@type\":\"SearchAction\",\"target\":\"https:\/\/moderniza.me\/juventude\/?s={search_term_string}\",\"query-input\":\"required name=search_term_string\"}],\"inLanguage\":\"pt-BR\"},{\"@type\":\"ImageObject\",\"@id\":\"https:\/\/moderniza.me\/juventude\/product\/camisa-oficial-concentracao-atleta-2025\/#primaryimage\",\"inLanguage\":\"pt-BR\",\"url\":\"https:\/\/moderniza.me\/juventude\/wp-content\/uploads\/sites\/45\/2026\/05\/1.316-1.jpeg\",\"width\":900,\"height\":1600},{\"@type\":\"WebPage\",\"@id\":\"https:\/\/moderniza.me\/juventude\/product\/camisa-oficial-concentracao-atleta-2025\/#webpage\",\"url\":\"https:\/\/moderniza.me\/juventude\/product\/camisa-oficial-concentracao-atleta-2025\/\",\"name\":\"CAMISA OFICIAL CONCENTRA\\u00c7\\u00c3O ATLETA 2025 - Loja do Juventude\",\"isPartOf\":{\"@id\":\"https:\/\/moderniza.me\/juventude\/#website\"},\"primaryImageOfPage\":{\"@id\":\"https:\/\/moderniza.me\/juventude\/product\/camisa-oficial-concentracao-atleta-2025\/#primaryimage\"},\"datePublished\":\"2026-05-12T13:06:34+00:00\",\"dateModified\":\"2026-05-12T13:26:04+00:00\",\"description\":\"Diante da maior trag\\u00e9dia ambiental no nosso Estado, nossos n\\u00fameros v\\u00e3o carregar as cores do Rio Grande do Sul, chamando a aten\\u00e7\\u00e3o para que as colabora\\u00e7\\u00f5es continuem e as fam\\u00edlias atingidas sigam recebendo o suporte para que retomem suas vidas o mais r\\u00e1pido poss\\u00edvel.\",\"inLanguage\":\"pt-BR\",\"potentialAction\":[{\"@type\":\"ReadAction\",\"target\":[\"https:\/\/moderniza.me\/juventude\/product\/camisa-oficial-concentracao-atleta-2025\/\"]}]}]}<\/script>\n<!-- \/ Yoast SEO plugin. -->","_links":{"self":[{"href":"https:\/\/moderniza.me\/juventude\/wp-json\/wp\/v2\/product\/9748"}],"collection":[{"href":"https:\/\/moderniza.me\/juventude\/wp-json\/wp\/v2\/product"}],"about":[{"href":"https:\/\/moderniza.me\/juventude\/wp-json\/wp\/v2\/types\/product"}],"wp:featuredmedia":[{"embeddable":true,"href":"https:\/\/moderniza.me\/juventude\/wp-json\/wp\/v2\/media\/9755"}],"wp:attachment":[{"href":"https:\/\/moderniza.me\/juventude\/wp-json\/wp\/v2\/media?parent=9748"}],"curies":[{"name":"wp","href":"https:\/\/api.w.org\/{rel}","templated":true}]}}