
{"id":9740,"date":"2026-05-12T08:30:34","date_gmt":"2026-05-12T11:30:34","guid":{"rendered":"https:\/\/moderniza.me\/juventude\/?post_type=product&#038;p=9740"},"modified":"2026-05-12T10:28:51","modified_gmt":"2026-05-12T13:28:51","slug":"garrafa-termica-infantil-414ml","status":"publish","type":"product","link":"https:\/\/moderniza.me\/juventude\/product\/garrafa-termica-infantil-414ml\/","title":{"rendered":"GARRAFA T\u00c9RMICA INFANTIL (414ml)"},"content":{"rendered":"<p>Garrafa t\u00e9rmica infantil com capacidade de 414ML, para a escola, passeios e muito mais!<\/p>\n<p>Pedidos e d\u00favidas, estamos dispon\u00edveis para lhe atender por whatsapp!<br \/>\nLOJA VIRTUAL \u2014 (54) 99390-2495<\/p>\n","protected":false},"excerpt":{"rendered":"<p>Garrafa t\u00e9rmica infantil com capacidade de 414ML, para a escola, passeios e muito mais!<\/p>\n<p>Pedidos e d\u00favidas, estamos dispon\u00edveis para lhe atender por whatsapp!<br \/>\nLOJA VIRTUAL \u2014 (54) 99390-2495<\/p>\n","protected":false},"featured_media":9745,"template":"","meta":{"spay_email":""},"yoast_head":"<!-- This site is optimized with the Yoast SEO plugin v15.7 - https:\/\/yoast.com\/wordpress\/plugins\/seo\/ -->\n<title>GARRAFA T\u00c9RMICA INFANTIL (414ml) - Loja do Juventude<\/title>\n<meta name=\"robots\" content=\"index, follow, max-snippet:-1, max-image-preview:large, max-video-preview:-1\" \/>\n<link rel=\"canonical\" href=\"https:\/\/moderniza.me\/juventude\/product\/garrafa-termica-infantil-414ml\/\" \/>\n<meta property=\"og:locale\" content=\"pt_BR\" \/>\n<meta property=\"og:type\" content=\"article\" \/>\n<meta property=\"og:title\" content=\"GARRAFA T\u00c9RMICA INFANTIL (414ml) - Loja do Juventude\" \/>\n<meta property=\"og:description\" content=\"Garrafa t\u00e9rmica infantil com capacidade de 414ML, para a escola, passeios e muito mais!  Pedidos e d\u00favidas, estamos dispon\u00edveis para lhe atender por whatsapp! LOJA VIRTUAL \u2014 (54) 99390-2495\" \/>\n<meta property=\"og:url\" content=\"https:\/\/moderniza.me\/juventude\/product\/garrafa-termica-infantil-414ml\/\" \/>\n<meta property=\"og:site_name\" content=\"Loja do Juventude\" \/>\n<meta property=\"article:modified_time\" content=\"2026-05-12T13:28:51+00:00\" \/>\n<meta property=\"og:image\" content=\"https:\/\/moderniza.me\/juventude\/wp-content\/uploads\/sites\/45\/2026\/05\/WhatsApp-Image-2026-05-12-at-09.28.471.jpeg\" \/>\n\t<meta property=\"og:image:width\" content=\"1200\" \/>\n\t<meta property=\"og:image:height\" content=\"1600\" \/>\n<meta name=\"twitter:card\" content=\"summary_large_image\" \/>\n<meta name=\"twitter:label1\" content=\"Est. reading time\">\n\t<meta name=\"twitter:data1\" content=\"1 minuto\">\n<script type=\"application\/ld+json\" class=\"yoast-schema-graph\">{\"@context\":\"https:\/\/schema.org\",\"@graph\":[{\"@type\":\"WebSite\",\"@id\":\"https:\/\/moderniza.me\/juventude\/#website\",\"url\":\"https:\/\/moderniza.me\/juventude\/\",\"name\":\"Loja do Juventude\",\"description\":\"\",\"potentialAction\":[{\"@type\":\"SearchAction\",\"target\":\"https:\/\/moderniza.me\/juventude\/?s={search_term_string}\",\"query-input\":\"required name=search_term_string\"}],\"inLanguage\":\"pt-BR\"},{\"@type\":\"ImageObject\",\"@id\":\"https:\/\/moderniza.me\/juventude\/product\/garrafa-termica-infantil-414ml\/#primaryimage\",\"inLanguage\":\"pt-BR\",\"url\":\"https:\/\/moderniza.me\/juventude\/wp-content\/uploads\/sites\/45\/2026\/05\/WhatsApp-Image-2026-05-12-at-09.28.471.jpeg\",\"width\":1200,\"height\":1600},{\"@type\":\"WebPage\",\"@id\":\"https:\/\/moderniza.me\/juventude\/product\/garrafa-termica-infantil-414ml\/#webpage\",\"url\":\"https:\/\/moderniza.me\/juventude\/product\/garrafa-termica-infantil-414ml\/\",\"name\":\"GARRAFA T\\u00c9RMICA INFANTIL (414ml) - Loja do Juventude\",\"isPartOf\":{\"@id\":\"https:\/\/moderniza.me\/juventude\/#website\"},\"primaryImageOfPage\":{\"@id\":\"https:\/\/moderniza.me\/juventude\/product\/garrafa-termica-infantil-414ml\/#primaryimage\"},\"datePublished\":\"2026-05-12T11:30:34+00:00\",\"dateModified\":\"2026-05-12T13:28:51+00:00\",\"inLanguage\":\"pt-BR\",\"potentialAction\":[{\"@type\":\"ReadAction\",\"target\":[\"https:\/\/moderniza.me\/juventude\/product\/garrafa-termica-infantil-414ml\/\"]}]}]}<\/script>\n<!-- \/ Yoast SEO plugin. -->","_links":{"self":[{"href":"https:\/\/moderniza.me\/juventude\/wp-json\/wp\/v2\/product\/9740"}],"collection":[{"href":"https:\/\/moderniza.me\/juventude\/wp-json\/wp\/v2\/product"}],"about":[{"href":"https:\/\/moderniza.me\/juventude\/wp-json\/wp\/v2\/types\/product"}],"wp:featuredmedia":[{"embeddable":true,"href":"https:\/\/moderniza.me\/juventude\/wp-json\/wp\/v2\/media\/9745"}],"wp:attachment":[{"href":"https:\/\/moderniza.me\/juventude\/wp-json\/wp\/v2\/media?parent=9740"}],"curies":[{"name":"wp","href":"https:\/\/api.w.org\/{rel}","templated":true}]}}