
{"id":9232,"date":"2026-02-09T10:52:10","date_gmt":"2026-02-09T13:52:10","guid":{"rendered":"https:\/\/moderniza.me\/juventude\/?post_type=product&#038;p=9232"},"modified":"2026-03-31T09:54:36","modified_gmt":"2026-03-31T12:54:36","slug":"camisa-aquecimento-2026","status":"publish","type":"product","link":"https:\/\/moderniza.me\/juventude\/product\/camisa-aquecimento-2026\/","title":{"rendered":"CAMISA AQUECIMENTO 2026"},"content":{"rendered":"","protected":false},"excerpt":{"rendered":"<p><strong>Camisa de Aquecimento 2026\u00a0<\/strong><\/p>\n<p>A camisa de aquecimento da temporada 2026 do Esporte Clube Juventude carrega hist\u00f3ria e identidade em cada detalhe. Inspirada na chegada da eletricidade a Caxias do Sul em 1913, mesmo ano de funda\u00e7\u00e3o do clube, o modelo faz refer\u00eancia a esse marco com linhas em formato de raio, que percorrem o design e remetem diretamente \u00e0 energia e \u00e0 transforma\u00e7\u00e3o daquele per\u00edodo.<\/p>\n<p>Confeccionada em tecido texturizado, a pe\u00e7a oferece um visual diferenciado, mantendo conforto e leveza para o uso esportivo e casual. Nas costas, o destaque fica por conta do ano \u201c1913\u201d, acompanhado de um raio central, refor\u00e7ando a conex\u00e3o hist\u00f3rica e trazendo um elemento exclusivo em rela\u00e7\u00e3o \u00e0s demais camisas da cole\u00e7\u00e3o.<\/p>\n","protected":false},"featured_media":9236,"template":"","meta":{"spay_email":""},"yoast_head":"<!-- This site is optimized with the Yoast SEO plugin v15.7 - https:\/\/yoast.com\/wordpress\/plugins\/seo\/ -->\n<title>CAMISA AQUECIMENTO 2026 - Loja do Juventude<\/title>\n<meta name=\"robots\" content=\"index, follow, max-snippet:-1, max-image-preview:large, max-video-preview:-1\" \/>\n<link rel=\"canonical\" href=\"https:\/\/moderniza.me\/juventude\/product\/camisa-aquecimento-2026\/\" \/>\n<meta property=\"og:locale\" content=\"pt_BR\" \/>\n<meta property=\"og:type\" content=\"article\" \/>\n<meta property=\"og:title\" content=\"CAMISA AQUECIMENTO 2026 - Loja do Juventude\" \/>\n<meta property=\"og:description\" content=\"Camisa de Aquecimento 2026\u00a0  A camisa de aquecimento da temporada 2026 do Esporte Clube Juventude carrega hist\u00f3ria e identidade em cada detalhe. Inspirada na chegada da eletricidade a Caxias do Sul em 1913, mesmo ano de funda\u00e7\u00e3o do clube, o modelo faz refer\u00eancia a esse marco com linhas em formato de raio, que percorrem o design e remetem diretamente \u00e0 energia e \u00e0 transforma\u00e7\u00e3o daquele per\u00edodo.  Confeccionada em tecido texturizado, a pe\u00e7a oferece um visual diferenciado, mantendo conforto e leveza para o uso esportivo e casual. Nas costas, o destaque fica por conta do ano \u201c1913\u201d, acompanhado de um raio central, refor\u00e7ando a conex\u00e3o hist\u00f3rica e trazendo um elemento exclusivo em rela\u00e7\u00e3o \u00e0s demais camisas da cole\u00e7\u00e3o.\" \/>\n<meta property=\"og:url\" content=\"https:\/\/moderniza.me\/juventude\/product\/camisa-aquecimento-2026\/\" \/>\n<meta property=\"og:site_name\" content=\"Loja do Juventude\" \/>\n<meta property=\"article:modified_time\" content=\"2026-03-31T12:54:36+00:00\" \/>\n<meta property=\"og:image\" content=\"https:\/\/moderniza.me\/juventude\/wp-content\/uploads\/sites\/45\/2026\/02\/IMG_8277.jpg\" \/>\n\t<meta property=\"og:image:width\" content=\"1536\" \/>\n\t<meta property=\"og:image:height\" content=\"2048\" \/>\n<meta name=\"twitter:card\" content=\"summary_large_image\" \/>\n<script type=\"application\/ld+json\" class=\"yoast-schema-graph\">{\"@context\":\"https:\/\/schema.org\",\"@graph\":[{\"@type\":\"WebSite\",\"@id\":\"https:\/\/moderniza.me\/juventude\/#website\",\"url\":\"https:\/\/moderniza.me\/juventude\/\",\"name\":\"Loja do Juventude\",\"description\":\"\",\"potentialAction\":[{\"@type\":\"SearchAction\",\"target\":\"https:\/\/moderniza.me\/juventude\/?s={search_term_string}\",\"query-input\":\"required name=search_term_string\"}],\"inLanguage\":\"pt-BR\"},{\"@type\":\"ImageObject\",\"@id\":\"https:\/\/moderniza.me\/juventude\/product\/camisa-aquecimento-2026\/#primaryimage\",\"inLanguage\":\"pt-BR\",\"url\":\"https:\/\/moderniza.me\/juventude\/wp-content\/uploads\/sites\/45\/2026\/02\/IMG_8277.jpg\",\"width\":1536,\"height\":2048},{\"@type\":\"WebPage\",\"@id\":\"https:\/\/moderniza.me\/juventude\/product\/camisa-aquecimento-2026\/#webpage\",\"url\":\"https:\/\/moderniza.me\/juventude\/product\/camisa-aquecimento-2026\/\",\"name\":\"CAMISA AQUECIMENTO 2026 - Loja do Juventude\",\"isPartOf\":{\"@id\":\"https:\/\/moderniza.me\/juventude\/#website\"},\"primaryImageOfPage\":{\"@id\":\"https:\/\/moderniza.me\/juventude\/product\/camisa-aquecimento-2026\/#primaryimage\"},\"datePublished\":\"2026-02-09T13:52:10+00:00\",\"dateModified\":\"2026-03-31T12:54:36+00:00\",\"inLanguage\":\"pt-BR\",\"potentialAction\":[{\"@type\":\"ReadAction\",\"target\":[\"https:\/\/moderniza.me\/juventude\/product\/camisa-aquecimento-2026\/\"]}]}]}<\/script>\n<!-- \/ Yoast SEO plugin. -->","_links":{"self":[{"href":"https:\/\/moderniza.me\/juventude\/wp-json\/wp\/v2\/product\/9232"}],"collection":[{"href":"https:\/\/moderniza.me\/juventude\/wp-json\/wp\/v2\/product"}],"about":[{"href":"https:\/\/moderniza.me\/juventude\/wp-json\/wp\/v2\/types\/product"}],"wp:featuredmedia":[{"embeddable":true,"href":"https:\/\/moderniza.me\/juventude\/wp-json\/wp\/v2\/media\/9236"}],"wp:attachment":[{"href":"https:\/\/moderniza.me\/juventude\/wp-json\/wp\/v2\/media?parent=9232"}],"curies":[{"name":"wp","href":"https:\/\/api.w.org\/{rel}","templated":true}]}}