
{"id":9220,"date":"2026-02-09T09:27:44","date_gmt":"2026-02-09T12:27:44","guid":{"rendered":"https:\/\/moderniza.me\/juventude\/?post_type=product&#038;p=9220"},"modified":"2026-02-09T14:55:02","modified_gmt":"2026-02-09T17:55:02","slug":"camisa-oficial-2026-3-goleiro-feminina","status":"publish","type":"product","link":"https:\/\/moderniza.me\/juventude\/product\/camisa-oficial-2026-3-goleiro-feminina\/","title":{"rendered":"CAMISA OFICIAL 2026\/3 GOLEIRO FEMININA"},"content":{"rendered":"","protected":false},"excerpt":{"rendered":"<p>A <strong data-start=\"65\" data-end=\"118\">camiseta de goleiro feminina 2026 do EC Juventude<\/strong> j\u00e1 est\u00e1 dispon\u00edvel.<\/p>\n<p>Na manga direita, uma tag com as iniciais ECJ refor\u00e7a a marca do clube, enquanto, nas costas, o 1913 destaca o ano de funda\u00e7\u00e3o. Na parte interna da gola, uma ilustra\u00e7\u00e3o inspirada na Papada homenageia a torcida e sua import\u00e2ncia na hist\u00f3ria e na for\u00e7a do Juventude.<\/p>\n<p>Encontre-a nas lojas Na\u00e7\u00e3o Jaconera: no Alfredo Jaconi, Shopping Villagio e Shopping Prataviera. Al\u00e9m da loja virtual nacaojaconera.com.br.<\/p>\n<p>Confira e vista a hist\u00f3ria!<\/p>\n","protected":false},"featured_media":9223,"template":"","meta":{"spay_email":""},"yoast_head":"<!-- This site is optimized with the Yoast SEO plugin v15.7 - https:\/\/yoast.com\/wordpress\/plugins\/seo\/ -->\n<title>CAMISA OFICIAL 2026\/3 GOLEIRO FEMININA - Loja do Juventude<\/title>\n<meta name=\"robots\" content=\"index, follow, max-snippet:-1, max-image-preview:large, max-video-preview:-1\" \/>\n<link rel=\"canonical\" href=\"https:\/\/moderniza.me\/juventude\/product\/camisa-oficial-2026-3-goleiro-feminina\/\" \/>\n<meta property=\"og:locale\" content=\"pt_BR\" \/>\n<meta property=\"og:type\" content=\"article\" \/>\n<meta property=\"og:title\" content=\"CAMISA OFICIAL 2026\/3 GOLEIRO FEMININA - Loja do Juventude\" \/>\n<meta property=\"og:description\" content=\"A camiseta de goleiro feminina 2026 do EC Juventude j\u00e1 est\u00e1 dispon\u00edvel.  Na manga direita, uma tag com as iniciais ECJ refor\u00e7a a marca do clube, enquanto, nas costas, o 1913 destaca o ano de funda\u00e7\u00e3o. Na parte interna da gola, uma ilustra\u00e7\u00e3o inspirada na Papada homenageia a torcida e sua import\u00e2ncia na hist\u00f3ria e na for\u00e7a do Juventude.  Encontre-a nas lojas Na\u00e7\u00e3o Jaconera: no Alfredo Jaconi, Shopping Villagio e Shopping Prataviera. Al\u00e9m da loja virtual nacaojaconera.com.br.  Confira e vista a hist\u00f3ria!\" \/>\n<meta property=\"og:url\" content=\"https:\/\/moderniza.me\/juventude\/product\/camisa-oficial-2026-3-goleiro-feminina\/\" \/>\n<meta property=\"og:site_name\" content=\"Loja do Juventude\" \/>\n<meta property=\"article:modified_time\" content=\"2026-02-09T17:55:02+00:00\" \/>\n<meta property=\"og:image\" content=\"https:\/\/moderniza.me\/juventude\/wp-content\/uploads\/sites\/45\/2026\/02\/WhatsApp-Image-2026-02-07-at-15.38.13-2.jpeg\" \/>\n\t<meta property=\"og:image:width\" content=\"1280\" \/>\n\t<meta property=\"og:image:height\" content=\"1600\" \/>\n<meta name=\"twitter:card\" content=\"summary_large_image\" \/>\n<script type=\"application\/ld+json\" class=\"yoast-schema-graph\">{\"@context\":\"https:\/\/schema.org\",\"@graph\":[{\"@type\":\"WebSite\",\"@id\":\"https:\/\/moderniza.me\/juventude\/#website\",\"url\":\"https:\/\/moderniza.me\/juventude\/\",\"name\":\"Loja do Juventude\",\"description\":\"\",\"potentialAction\":[{\"@type\":\"SearchAction\",\"target\":\"https:\/\/moderniza.me\/juventude\/?s={search_term_string}\",\"query-input\":\"required name=search_term_string\"}],\"inLanguage\":\"pt-BR\"},{\"@type\":\"ImageObject\",\"@id\":\"https:\/\/moderniza.me\/juventude\/product\/camisa-oficial-2026-3-goleiro-feminina\/#primaryimage\",\"inLanguage\":\"pt-BR\",\"url\":\"https:\/\/moderniza.me\/juventude\/wp-content\/uploads\/sites\/45\/2026\/02\/WhatsApp-Image-2026-02-07-at-15.38.13-2.jpeg\",\"width\":1280,\"height\":1600},{\"@type\":\"WebPage\",\"@id\":\"https:\/\/moderniza.me\/juventude\/product\/camisa-oficial-2026-3-goleiro-feminina\/#webpage\",\"url\":\"https:\/\/moderniza.me\/juventude\/product\/camisa-oficial-2026-3-goleiro-feminina\/\",\"name\":\"CAMISA OFICIAL 2026\/3 GOLEIRO FEMININA - Loja do Juventude\",\"isPartOf\":{\"@id\":\"https:\/\/moderniza.me\/juventude\/#website\"},\"primaryImageOfPage\":{\"@id\":\"https:\/\/moderniza.me\/juventude\/product\/camisa-oficial-2026-3-goleiro-feminina\/#primaryimage\"},\"datePublished\":\"2026-02-09T12:27:44+00:00\",\"dateModified\":\"2026-02-09T17:55:02+00:00\",\"inLanguage\":\"pt-BR\",\"potentialAction\":[{\"@type\":\"ReadAction\",\"target\":[\"https:\/\/moderniza.me\/juventude\/product\/camisa-oficial-2026-3-goleiro-feminina\/\"]}]}]}<\/script>\n<!-- \/ Yoast SEO plugin. -->","_links":{"self":[{"href":"https:\/\/moderniza.me\/juventude\/wp-json\/wp\/v2\/product\/9220"}],"collection":[{"href":"https:\/\/moderniza.me\/juventude\/wp-json\/wp\/v2\/product"}],"about":[{"href":"https:\/\/moderniza.me\/juventude\/wp-json\/wp\/v2\/types\/product"}],"wp:featuredmedia":[{"embeddable":true,"href":"https:\/\/moderniza.me\/juventude\/wp-json\/wp\/v2\/media\/9223"}],"wp:attachment":[{"href":"https:\/\/moderniza.me\/juventude\/wp-json\/wp\/v2\/media?parent=9220"}],"curies":[{"name":"wp","href":"https:\/\/api.w.org\/{rel}","templated":true}]}}