
{"id":9153,"date":"2026-02-05T17:02:32","date_gmt":"2026-02-05T20:02:32","guid":{"rendered":"https:\/\/moderniza.me\/juventude\/?post_type=product&#038;p=9153"},"modified":"2026-02-05T17:02:32","modified_gmt":"2026-02-05T20:02:32","slug":"kit-escola-linha-2024","status":"publish","type":"product","link":"https:\/\/moderniza.me\/juventude\/product\/kit-escola-linha-2024\/","title":{"rendered":"KIT ESCOLA LINHA 2024"},"content":{"rendered":"","protected":false},"excerpt":{"rendered":"<p><strong>Uniforme da Escolinha Juventude \ud83d\udc9a\u26bd<\/strong><br \/>\nPensado para quem come\u00e7a a escrever sua hist\u00f3ria no futebol. O uniforme da escolinha do EC Juventude une conforto, leveza e identidade, com design moderno e as cores tradicionais do clube. Ideal para treinos e jogos, oferece liberdade de movimentos e resist\u00eancia para acompanhar a energia dos pequenos e jovens atletas dentro de campo. Vestir Juventude \u00e9 jogar com orgulho desde cedo.<\/p>\n<p>Entre em contato pelo telefone: (54) 99390 2495<\/p>\n<p>Confira e vista a hist\u00f3ria!<\/p>\n<p>#Juventude2026 #19Treze<\/p>\n","protected":false},"featured_media":9164,"template":"","meta":{"spay_email":""},"yoast_head":"<!-- This site is optimized with the Yoast SEO plugin v15.7 - https:\/\/yoast.com\/wordpress\/plugins\/seo\/ -->\n<title>KIT ESCOLA LINHA 2024 - Loja do Juventude<\/title>\n<meta name=\"robots\" content=\"index, follow, max-snippet:-1, max-image-preview:large, max-video-preview:-1\" \/>\n<link rel=\"canonical\" href=\"https:\/\/moderniza.me\/juventude\/product\/kit-escola-linha-2024\/\" \/>\n<meta property=\"og:locale\" content=\"pt_BR\" \/>\n<meta property=\"og:type\" content=\"article\" \/>\n<meta property=\"og:title\" content=\"KIT ESCOLA LINHA 2024 - Loja do Juventude\" \/>\n<meta property=\"og:description\" content=\"Uniforme da Escolinha Juventude \ud83d\udc9a\u26bd Pensado para quem come\u00e7a a escrever sua hist\u00f3ria no futebol. O uniforme da escolinha do EC Juventude une conforto, leveza e identidade, com design moderno e as cores tradicionais do clube. Ideal para treinos e jogos, oferece liberdade de movimentos e resist\u00eancia para acompanhar a energia dos pequenos e jovens atletas dentro de campo. Vestir Juventude \u00e9 jogar com orgulho desde cedo.  Entre em contato pelo telefone: (54) 99390 2495  Confira e vista a hist\u00f3ria!  #Juventude2026 #19Treze\" \/>\n<meta property=\"og:url\" content=\"https:\/\/moderniza.me\/juventude\/product\/kit-escola-linha-2024\/\" \/>\n<meta property=\"og:site_name\" content=\"Loja do Juventude\" \/>\n<meta property=\"og:image\" content=\"https:\/\/moderniza.me\/juventude\/wp-content\/uploads\/sites\/45\/2026\/02\/escola-linha-2024.png\" \/>\n\t<meta property=\"og:image:width\" content=\"501\" \/>\n\t<meta property=\"og:image:height\" content=\"501\" \/>\n<meta name=\"twitter:card\" content=\"summary_large_image\" \/>\n<script type=\"application\/ld+json\" class=\"yoast-schema-graph\">{\"@context\":\"https:\/\/schema.org\",\"@graph\":[{\"@type\":\"WebSite\",\"@id\":\"https:\/\/moderniza.me\/juventude\/#website\",\"url\":\"https:\/\/moderniza.me\/juventude\/\",\"name\":\"Loja do Juventude\",\"description\":\"\",\"potentialAction\":[{\"@type\":\"SearchAction\",\"target\":\"https:\/\/moderniza.me\/juventude\/?s={search_term_string}\",\"query-input\":\"required name=search_term_string\"}],\"inLanguage\":\"pt-BR\"},{\"@type\":\"ImageObject\",\"@id\":\"https:\/\/moderniza.me\/juventude\/product\/kit-escola-linha-2024\/#primaryimage\",\"inLanguage\":\"pt-BR\",\"url\":\"https:\/\/moderniza.me\/juventude\/wp-content\/uploads\/sites\/45\/2026\/02\/escola-linha-2024.png\",\"width\":501,\"height\":501},{\"@type\":\"WebPage\",\"@id\":\"https:\/\/moderniza.me\/juventude\/product\/kit-escola-linha-2024\/#webpage\",\"url\":\"https:\/\/moderniza.me\/juventude\/product\/kit-escola-linha-2024\/\",\"name\":\"KIT ESCOLA LINHA 2024 - Loja do Juventude\",\"isPartOf\":{\"@id\":\"https:\/\/moderniza.me\/juventude\/#website\"},\"primaryImageOfPage\":{\"@id\":\"https:\/\/moderniza.me\/juventude\/product\/kit-escola-linha-2024\/#primaryimage\"},\"datePublished\":\"2026-02-05T20:02:32+00:00\",\"dateModified\":\"2026-02-05T20:02:32+00:00\",\"inLanguage\":\"pt-BR\",\"potentialAction\":[{\"@type\":\"ReadAction\",\"target\":[\"https:\/\/moderniza.me\/juventude\/product\/kit-escola-linha-2024\/\"]}]}]}<\/script>\n<!-- \/ Yoast SEO plugin. -->","_links":{"self":[{"href":"https:\/\/moderniza.me\/juventude\/wp-json\/wp\/v2\/product\/9153"}],"collection":[{"href":"https:\/\/moderniza.me\/juventude\/wp-json\/wp\/v2\/product"}],"about":[{"href":"https:\/\/moderniza.me\/juventude\/wp-json\/wp\/v2\/types\/product"}],"wp:featuredmedia":[{"embeddable":true,"href":"https:\/\/moderniza.me\/juventude\/wp-json\/wp\/v2\/media\/9164"}],"wp:attachment":[{"href":"https:\/\/moderniza.me\/juventude\/wp-json\/wp\/v2\/media?parent=9153"}],"curies":[{"name":"wp","href":"https:\/\/api.w.org\/{rel}","templated":true}]}}