
{"id":9113,"date":"2026-02-04T16:55:25","date_gmt":"2026-02-04T19:55:25","guid":{"rendered":"https:\/\/moderniza.me\/juventude\/?post_type=product&#038;p=9113"},"modified":"2026-02-05T16:56:31","modified_gmt":"2026-02-05T19:56:31","slug":"kit-escola-linha-2026-infantil","status":"publish","type":"product","link":"https:\/\/moderniza.me\/juventude\/product\/kit-escola-linha-2026-infantil\/","title":{"rendered":"KIT ESCOLA LINHA 2026"},"content":{"rendered":"","protected":false},"excerpt":{"rendered":"<p><strong>Uniforme da Escolinha Juventude \ud83d\udc9a\u26bd<\/strong><br \/>\nPensado para quem come\u00e7a a escrever sua hist\u00f3ria no futebol. O uniforme da escolinha do EC Juventude une conforto, leveza e identidade, com design moderno e as cores tradicionais do clube. Ideal para treinos e jogos, oferece liberdade de movimentos e resist\u00eancia para acompanhar a energia dos pequenos e jovens atletas dentro de campo. Vestir Juventude \u00e9 jogar com orgulho desde cedo.<\/p>\n<p>OS novos kits j\u00e1 est\u00e3o dispon\u00edveis nas lojas Na\u00e7\u00e3o Jaconera: no Alfredo Jaconi, Shopping Villagio e Shopping Prataviera. Al\u00e9m da loja virtual nacaojaconera.com.br.<\/p>\n<p>Entre em contato pelo telefone: (54) 99390 2495<\/p>\n<p>Confira e vista a hist\u00f3ria!<\/p>\n<p>#Juventude2026 #19Treze<\/p>\n","protected":false},"featured_media":9115,"template":"","meta":{"spay_email":""},"yoast_head":"<!-- This site is optimized with the Yoast SEO plugin v15.7 - https:\/\/yoast.com\/wordpress\/plugins\/seo\/ -->\n<title>KIT ESCOLA LINHA 2026 - Loja do Juventude<\/title>\n<meta name=\"robots\" content=\"index, follow, max-snippet:-1, max-image-preview:large, max-video-preview:-1\" \/>\n<link rel=\"canonical\" href=\"https:\/\/moderniza.me\/juventude\/product\/kit-escola-linha-2026-infantil\/\" \/>\n<meta property=\"og:locale\" content=\"pt_BR\" \/>\n<meta property=\"og:type\" content=\"article\" \/>\n<meta property=\"og:title\" content=\"KIT ESCOLA LINHA 2026 - Loja do Juventude\" \/>\n<meta property=\"og:description\" content=\"Uniforme da Escolinha Juventude \ud83d\udc9a\u26bd Pensado para quem come\u00e7a a escrever sua hist\u00f3ria no futebol. O uniforme da escolinha do EC Juventude une conforto, leveza e identidade, com design moderno e as cores tradicionais do clube. Ideal para treinos e jogos, oferece liberdade de movimentos e resist\u00eancia para acompanhar a energia dos pequenos e jovens atletas dentro de campo. Vestir Juventude \u00e9 jogar com orgulho desde cedo.  OS novos kits j\u00e1 est\u00e3o dispon\u00edveis nas lojas Na\u00e7\u00e3o Jaconera: no Alfredo Jaconi, Shopping Villagio e Shopping Prataviera. Al\u00e9m da loja virtual nacaojaconera.com.br.  Entre em contato pelo telefone: (54) 99390 2495  Confira e vista a hist\u00f3ria!  #Juventude2026 #19Treze\" \/>\n<meta property=\"og:url\" content=\"https:\/\/moderniza.me\/juventude\/product\/kit-escola-linha-2026-infantil\/\" \/>\n<meta property=\"og:site_name\" content=\"Loja do Juventude\" \/>\n<meta property=\"article:modified_time\" content=\"2026-02-05T19:56:31+00:00\" \/>\n<meta property=\"og:image\" content=\"https:\/\/moderniza.me\/juventude\/wp-content\/uploads\/sites\/45\/2026\/02\/frente-kit-escola-2026.png\" \/>\n\t<meta property=\"og:image:width\" content=\"1080\" \/>\n\t<meta property=\"og:image:height\" content=\"1350\" \/>\n<meta name=\"twitter:card\" content=\"summary_large_image\" \/>\n<script type=\"application\/ld+json\" class=\"yoast-schema-graph\">{\"@context\":\"https:\/\/schema.org\",\"@graph\":[{\"@type\":\"WebSite\",\"@id\":\"https:\/\/moderniza.me\/juventude\/#website\",\"url\":\"https:\/\/moderniza.me\/juventude\/\",\"name\":\"Loja do Juventude\",\"description\":\"\",\"potentialAction\":[{\"@type\":\"SearchAction\",\"target\":\"https:\/\/moderniza.me\/juventude\/?s={search_term_string}\",\"query-input\":\"required name=search_term_string\"}],\"inLanguage\":\"pt-BR\"},{\"@type\":\"ImageObject\",\"@id\":\"https:\/\/moderniza.me\/juventude\/product\/kit-escola-linha-2026-infantil\/#primaryimage\",\"inLanguage\":\"pt-BR\",\"url\":\"https:\/\/moderniza.me\/juventude\/wp-content\/uploads\/sites\/45\/2026\/02\/frente-kit-escola-2026.png\",\"width\":1080,\"height\":1350},{\"@type\":\"WebPage\",\"@id\":\"https:\/\/moderniza.me\/juventude\/product\/kit-escola-linha-2026-infantil\/#webpage\",\"url\":\"https:\/\/moderniza.me\/juventude\/product\/kit-escola-linha-2026-infantil\/\",\"name\":\"KIT ESCOLA LINHA 2026 - Loja do Juventude\",\"isPartOf\":{\"@id\":\"https:\/\/moderniza.me\/juventude\/#website\"},\"primaryImageOfPage\":{\"@id\":\"https:\/\/moderniza.me\/juventude\/product\/kit-escola-linha-2026-infantil\/#primaryimage\"},\"datePublished\":\"2026-02-04T19:55:25+00:00\",\"dateModified\":\"2026-02-05T19:56:31+00:00\",\"inLanguage\":\"pt-BR\",\"potentialAction\":[{\"@type\":\"ReadAction\",\"target\":[\"https:\/\/moderniza.me\/juventude\/product\/kit-escola-linha-2026-infantil\/\"]}]}]}<\/script>\n<!-- \/ Yoast SEO plugin. -->","_links":{"self":[{"href":"https:\/\/moderniza.me\/juventude\/wp-json\/wp\/v2\/product\/9113"}],"collection":[{"href":"https:\/\/moderniza.me\/juventude\/wp-json\/wp\/v2\/product"}],"about":[{"href":"https:\/\/moderniza.me\/juventude\/wp-json\/wp\/v2\/types\/product"}],"wp:featuredmedia":[{"embeddable":true,"href":"https:\/\/moderniza.me\/juventude\/wp-json\/wp\/v2\/media\/9115"}],"wp:attachment":[{"href":"https:\/\/moderniza.me\/juventude\/wp-json\/wp\/v2\/media?parent=9113"}],"curies":[{"name":"wp","href":"https:\/\/api.w.org\/{rel}","templated":true}]}}