
{"id":9093,"date":"2026-02-03T15:57:05","date_gmt":"2026-02-03T18:57:05","guid":{"rendered":"https:\/\/moderniza.me\/juventude\/?post_type=product&#038;p=9093"},"modified":"2026-02-03T16:24:55","modified_gmt":"2026-02-03T19:24:55","slug":"polo-passeio-comissao-tecnica","status":"publish","type":"product","link":"https:\/\/moderniza.me\/juventude\/product\/polo-passeio-comissao-tecnica\/","title":{"rendered":"POLO COMISS\u00c3O T\u00c9CNICA"},"content":{"rendered":"<p>&nbsp;<\/p>\n<h6><strong>Polo Comiss\u00e3o T\u00e9cnica<\/strong><\/h6>\n<p>Sinta-se parte do dia a dia do Juventude. Desenvolvida originalmente para vestir nossa Comiss\u00e3o T\u00e9cnica, esta polo agora chega \u00e0s m\u00e3os do torcedor que busca unir o orgulho pelo Jaconero \u00e0 praticidade do cotidiano.<\/p>\n<p>Na cor preta, ela oferece uma est\u00e9tica discreta, sendo a escolha ideal para quem deseja representar o clube em qualquer ambiente: do compromisso de trabalho ao momento de lazer. Com detalhes em verde que carregam nossa identidade, ela \u00e9 a pe\u00e7a que faltava para quem valoriza um visual limpo sem abrir m\u00e3o da paix\u00e3o.<\/p>\n<p>As novas camisas j\u00e1 est\u00e3o dispon\u00edveis nas lojas Na\u00e7\u00e3o Jaconera: no Alfredo Jaconi, Shopping Villagio e Shopping Prataviera. Al\u00e9m da loja virtual nacaojaconera.com.br.<\/p>\n<p>Confira e vista a hist\u00f3ria!<\/p>\n<p>#Juventude2026 #19Treze<\/p>\n","protected":false},"excerpt":{"rendered":"<p>&nbsp; Polo Comiss\u00e3o T\u00e9cnica Sinta-se parte do dia a dia do Juventude. Desenvolvida originalmente para vestir nossa Comiss\u00e3o T\u00e9cnica, esta polo agora chega \u00e0s m\u00e3os do torcedor que busca unir o orgulho pelo Jaconero \u00e0 praticidade do cotidiano. Na cor preta, ela oferece uma est\u00e9tica discreta, sendo a escolha ideal para quem deseja representar o clube em qualquer ambiente: do compromisso de trabalho ao momento de lazer. Com detalhes em&hellip;<\/p>\n","protected":false},"featured_media":9094,"template":"","meta":{"spay_email":""},"yoast_head":"<!-- This site is optimized with the Yoast SEO plugin v15.7 - https:\/\/yoast.com\/wordpress\/plugins\/seo\/ -->\n<title>POLO COMISS\u00c3O T\u00c9CNICA - Loja do Juventude<\/title>\n<meta name=\"robots\" content=\"index, follow, max-snippet:-1, max-image-preview:large, max-video-preview:-1\" \/>\n<link rel=\"canonical\" href=\"https:\/\/moderniza.me\/juventude\/product\/polo-passeio-comissao-tecnica\/\" \/>\n<meta property=\"og:locale\" content=\"pt_BR\" \/>\n<meta property=\"og:type\" content=\"article\" \/>\n<meta property=\"og:title\" content=\"POLO COMISS\u00c3O T\u00c9CNICA - Loja do Juventude\" \/>\n<meta property=\"og:description\" content=\"&nbsp; Polo Comiss\u00e3o T\u00e9cnica Sinta-se parte do dia a dia do Juventude. Desenvolvida originalmente para vestir nossa Comiss\u00e3o T\u00e9cnica, esta polo agora chega \u00e0s m\u00e3os do torcedor que busca unir o orgulho pelo Jaconero \u00e0 praticidade do cotidiano. Na cor preta, ela oferece uma est\u00e9tica discreta, sendo a escolha ideal para quem deseja representar o clube em qualquer ambiente: do compromisso de trabalho ao momento de lazer. Com detalhes em&hellip;\" \/>\n<meta property=\"og:url\" content=\"https:\/\/moderniza.me\/juventude\/product\/polo-passeio-comissao-tecnica\/\" \/>\n<meta property=\"og:site_name\" content=\"Loja do Juventude\" \/>\n<meta property=\"article:modified_time\" content=\"2026-02-03T19:24:55+00:00\" \/>\n<meta property=\"og:image\" content=\"https:\/\/moderniza.me\/juventude\/wp-content\/uploads\/sites\/45\/2026\/02\/WhatsApp-Image-2026-02-03-at-14.12.07-1-1.jpeg\" \/>\n\t<meta property=\"og:image:width\" content=\"960\" \/>\n\t<meta property=\"og:image:height\" content=\"1280\" \/>\n<meta name=\"twitter:card\" content=\"summary_large_image\" \/>\n<meta name=\"twitter:label1\" content=\"Est. reading time\">\n\t<meta name=\"twitter:data1\" content=\"1 minuto\">\n<script type=\"application\/ld+json\" class=\"yoast-schema-graph\">{\"@context\":\"https:\/\/schema.org\",\"@graph\":[{\"@type\":\"WebSite\",\"@id\":\"https:\/\/moderniza.me\/juventude\/#website\",\"url\":\"https:\/\/moderniza.me\/juventude\/\",\"name\":\"Loja do Juventude\",\"description\":\"\",\"potentialAction\":[{\"@type\":\"SearchAction\",\"target\":\"https:\/\/moderniza.me\/juventude\/?s={search_term_string}\",\"query-input\":\"required name=search_term_string\"}],\"inLanguage\":\"pt-BR\"},{\"@type\":\"ImageObject\",\"@id\":\"https:\/\/moderniza.me\/juventude\/product\/polo-passeio-comissao-tecnica\/#primaryimage\",\"inLanguage\":\"pt-BR\",\"url\":\"https:\/\/moderniza.me\/juventude\/wp-content\/uploads\/sites\/45\/2026\/02\/WhatsApp-Image-2026-02-03-at-14.12.07-1-1.jpeg\",\"width\":960,\"height\":1280},{\"@type\":\"WebPage\",\"@id\":\"https:\/\/moderniza.me\/juventude\/product\/polo-passeio-comissao-tecnica\/#webpage\",\"url\":\"https:\/\/moderniza.me\/juventude\/product\/polo-passeio-comissao-tecnica\/\",\"name\":\"POLO COMISS\\u00c3O T\\u00c9CNICA - Loja do Juventude\",\"isPartOf\":{\"@id\":\"https:\/\/moderniza.me\/juventude\/#website\"},\"primaryImageOfPage\":{\"@id\":\"https:\/\/moderniza.me\/juventude\/product\/polo-passeio-comissao-tecnica\/#primaryimage\"},\"datePublished\":\"2026-02-03T18:57:05+00:00\",\"dateModified\":\"2026-02-03T19:24:55+00:00\",\"inLanguage\":\"pt-BR\",\"potentialAction\":[{\"@type\":\"ReadAction\",\"target\":[\"https:\/\/moderniza.me\/juventude\/product\/polo-passeio-comissao-tecnica\/\"]}]}]}<\/script>\n<!-- \/ Yoast SEO plugin. -->","_links":{"self":[{"href":"https:\/\/moderniza.me\/juventude\/wp-json\/wp\/v2\/product\/9093"}],"collection":[{"href":"https:\/\/moderniza.me\/juventude\/wp-json\/wp\/v2\/product"}],"about":[{"href":"https:\/\/moderniza.me\/juventude\/wp-json\/wp\/v2\/types\/product"}],"wp:featuredmedia":[{"embeddable":true,"href":"https:\/\/moderniza.me\/juventude\/wp-json\/wp\/v2\/media\/9094"}],"wp:attachment":[{"href":"https:\/\/moderniza.me\/juventude\/wp-json\/wp\/v2\/media?parent=9093"}],"curies":[{"name":"wp","href":"https:\/\/api.w.org\/{rel}","templated":true}]}}