
{"id":8543,"date":"2025-11-13T09:00:57","date_gmt":"2025-11-13T12:00:57","guid":{"rendered":"https:\/\/moderniza.me\/juventude\/?post_type=product&#038;p=8543"},"modified":"2026-02-26T10:12:41","modified_gmt":"2026-02-26T13:12:41","slug":"camisa-oficial-2026-2-listrada-masculina","status":"publish","type":"product","link":"https:\/\/moderniza.me\/juventude\/product\/camisa-oficial-2026-2-listrada-masculina\/","title":{"rendered":"CAMISA OFICIAL 2026\/2 BRANCA MASCULINA"},"content":{"rendered":"","protected":false},"excerpt":{"rendered":"<p>O segundo uniforme apresenta o tecido off green, em tom branco levemente esverdeado, criando um efeito visual que remete \u00e0 neblina verde da Serra.<br \/>\nA trama do tecido exibe suaves listras, mantendo a tradi\u00e7\u00e3o em um design moderno e equilibrado. As barras das mangas e a gola seguem o padr\u00e3o cl\u00e1ssico de malha, em dois tons de verde. O modelo ainda traz a tag dourada com as iniciais ECJ e o n\u00famero 1913 nas costas, refor\u00e7ando o legado e a identidade do Juventude.<\/p>\n<p>As novas camisas j\u00e1 est\u00e3o dispon\u00edveis nas lojas Na\u00e7\u00e3o Jaconera: no Alfredo Jaconi, Shopping Villagio e Shopping Prataviera. Al\u00e9m da loja virtual nacaojaconera.com.br.<\/p>\n<p>Confira e vista a hist\u00f3ria!<\/p>\n<p>#Juventude2026 #19Treze<\/p>\n","protected":false},"featured_media":8500,"template":"","meta":{"spay_email":""},"yoast_head":"<!-- This site is optimized with the Yoast SEO plugin v15.7 - https:\/\/yoast.com\/wordpress\/plugins\/seo\/ -->\n<title>CAMISA OFICIAL 2026\/2 BRANCA MASCULINA - Loja do Juventude<\/title>\n<meta name=\"description\" content=\"Diante da maior trag\u00e9dia ambiental no nosso Estado, nossos n\u00fameros v\u00e3o carregar as cores do Rio Grande do Sul, chamando a aten\u00e7\u00e3o para que as colabora\u00e7\u00f5es continuem e as fam\u00edlias atingidas sigam recebendo o suporte para que retomem suas vidas o mais r\u00e1pido poss\u00edvel.\" \/>\n<meta name=\"robots\" content=\"index, follow, max-snippet:-1, max-image-preview:large, max-video-preview:-1\" \/>\n<link rel=\"canonical\" href=\"https:\/\/moderniza.me\/juventude\/product\/camisa-oficial-2026-2-listrada-masculina\/\" \/>\n<meta property=\"og:locale\" content=\"pt_BR\" \/>\n<meta property=\"og:type\" content=\"article\" \/>\n<meta property=\"og:title\" content=\"CAMISA OFICIAL 2026\/2 BRANCA MASCULINA - Loja do Juventude\" \/>\n<meta property=\"og:description\" content=\"Diante da maior trag\u00e9dia ambiental no nosso Estado, nossos n\u00fameros v\u00e3o carregar as cores do Rio Grande do Sul, chamando a aten\u00e7\u00e3o para que as colabora\u00e7\u00f5es continuem e as fam\u00edlias atingidas sigam recebendo o suporte para que retomem suas vidas o mais r\u00e1pido poss\u00edvel.\" \/>\n<meta property=\"og:url\" content=\"https:\/\/moderniza.me\/juventude\/product\/camisa-oficial-2026-2-listrada-masculina\/\" \/>\n<meta property=\"og:site_name\" content=\"Loja do Juventude\" \/>\n<meta property=\"article:modified_time\" content=\"2026-02-26T13:12:41+00:00\" \/>\n<meta property=\"og:image\" content=\"https:\/\/moderniza.me\/juventude\/wp-content\/uploads\/sites\/45\/2025\/11\/2026-02-masc-frente-scaled.jpg\" \/>\n\t<meta property=\"og:image:width\" content=\"2048\" \/>\n\t<meta property=\"og:image:height\" content=\"2560\" \/>\n<meta name=\"twitter:card\" content=\"summary_large_image\" \/>\n<script type=\"application\/ld+json\" class=\"yoast-schema-graph\">{\"@context\":\"https:\/\/schema.org\",\"@graph\":[{\"@type\":\"WebSite\",\"@id\":\"https:\/\/moderniza.me\/juventude\/#website\",\"url\":\"https:\/\/moderniza.me\/juventude\/\",\"name\":\"Loja do Juventude\",\"description\":\"\",\"potentialAction\":[{\"@type\":\"SearchAction\",\"target\":\"https:\/\/moderniza.me\/juventude\/?s={search_term_string}\",\"query-input\":\"required name=search_term_string\"}],\"inLanguage\":\"pt-BR\"},{\"@type\":\"ImageObject\",\"@id\":\"https:\/\/moderniza.me\/juventude\/product\/camisa-oficial-2026-2-listrada-masculina\/#primaryimage\",\"inLanguage\":\"pt-BR\",\"url\":\"https:\/\/moderniza.me\/juventude\/wp-content\/uploads\/sites\/45\/2025\/11\/2026-02-masc-frente-scaled.jpg\",\"width\":2048,\"height\":2560},{\"@type\":\"WebPage\",\"@id\":\"https:\/\/moderniza.me\/juventude\/product\/camisa-oficial-2026-2-listrada-masculina\/#webpage\",\"url\":\"https:\/\/moderniza.me\/juventude\/product\/camisa-oficial-2026-2-listrada-masculina\/\",\"name\":\"CAMISA OFICIAL 2026\/2 BRANCA MASCULINA - Loja do Juventude\",\"isPartOf\":{\"@id\":\"https:\/\/moderniza.me\/juventude\/#website\"},\"primaryImageOfPage\":{\"@id\":\"https:\/\/moderniza.me\/juventude\/product\/camisa-oficial-2026-2-listrada-masculina\/#primaryimage\"},\"datePublished\":\"2025-11-13T12:00:57+00:00\",\"dateModified\":\"2026-02-26T13:12:41+00:00\",\"description\":\"Diante da maior trag\\u00e9dia ambiental no nosso Estado, nossos n\\u00fameros v\\u00e3o carregar as cores do Rio Grande do Sul, chamando a aten\\u00e7\\u00e3o para que as colabora\\u00e7\\u00f5es continuem e as fam\\u00edlias atingidas sigam recebendo o suporte para que retomem suas vidas o mais r\\u00e1pido poss\\u00edvel.\",\"inLanguage\":\"pt-BR\",\"potentialAction\":[{\"@type\":\"ReadAction\",\"target\":[\"https:\/\/moderniza.me\/juventude\/product\/camisa-oficial-2026-2-listrada-masculina\/\"]}]}]}<\/script>\n<!-- \/ Yoast SEO plugin. -->","_links":{"self":[{"href":"https:\/\/moderniza.me\/juventude\/wp-json\/wp\/v2\/product\/8543"}],"collection":[{"href":"https:\/\/moderniza.me\/juventude\/wp-json\/wp\/v2\/product"}],"about":[{"href":"https:\/\/moderniza.me\/juventude\/wp-json\/wp\/v2\/types\/product"}],"wp:featuredmedia":[{"embeddable":true,"href":"https:\/\/moderniza.me\/juventude\/wp-json\/wp\/v2\/media\/8500"}],"wp:attachment":[{"href":"https:\/\/moderniza.me\/juventude\/wp-json\/wp\/v2\/media?parent=8543"}],"curies":[{"name":"wp","href":"https:\/\/api.w.org\/{rel}","templated":true}]}}