
{"id":8506,"date":"2025-11-13T09:00:24","date_gmt":"2025-11-13T12:00:24","guid":{"rendered":"https:\/\/moderniza.me\/juventude\/?post_type=product&#038;p=8506"},"modified":"2026-04-15T08:22:01","modified_gmt":"2026-04-15T11:22:01","slug":"camisa-oficial-2026-1-listrada-masculina","status":"publish","type":"product","link":"https:\/\/moderniza.me\/juventude\/product\/camisa-oficial-2026-1-listrada-masculina\/","title":{"rendered":"CAMISA OFICIAL 2026\/1 LISTRADA MASCULINA"},"content":{"rendered":"<p><a href=\"https:\/\/moderniza.me\/juventude\/wp-content\/uploads\/sites\/45\/2025\/11\/2026-01-masculino-frente-1-scaled.jpg\"><img loading=\"lazy\" class=\"alignnone size-medium wp-image-8498\" src=\"https:\/\/moderniza.me\/juventude\/wp-content\/uploads\/sites\/45\/2025\/11\/2026-01-masculino-frente-1-240x300.jpg\" alt=\"\" width=\"240\" height=\"300\" srcset=\"https:\/\/moderniza.me\/juventude\/wp-content\/uploads\/sites\/45\/2025\/11\/2026-01-masculino-frente-1-240x300.jpg 240w, https:\/\/moderniza.me\/juventude\/wp-content\/uploads\/sites\/45\/2025\/11\/2026-01-masculino-frente-1-819x1024.jpg 819w, https:\/\/moderniza.me\/juventude\/wp-content\/uploads\/sites\/45\/2025\/11\/2026-01-masculino-frente-1-768x960.jpg 768w, https:\/\/moderniza.me\/juventude\/wp-content\/uploads\/sites\/45\/2025\/11\/2026-01-masculino-frente-1-1229x1536.jpg 1229w, https:\/\/moderniza.me\/juventude\/wp-content\/uploads\/sites\/45\/2025\/11\/2026-01-masculino-frente-1-1638x2048.jpg 1638w, https:\/\/moderniza.me\/juventude\/wp-content\/uploads\/sites\/45\/2025\/11\/2026-01-masculino-frente-1-10x12.jpg 10w, https:\/\/moderniza.me\/juventude\/wp-content\/uploads\/sites\/45\/2025\/11\/2026-01-masculino-frente-1-370x463.jpg 370w, https:\/\/moderniza.me\/juventude\/wp-content\/uploads\/sites\/45\/2025\/11\/2026-01-masculino-frente-1-760x950.jpg 760w, https:\/\/moderniza.me\/juventude\/wp-content\/uploads\/sites\/45\/2025\/11\/2026-01-masculino-frente-1-600x750.jpg 600w, https:\/\/moderniza.me\/juventude\/wp-content\/uploads\/sites\/45\/2025\/11\/2026-01-masculino-frente-1-scaled.jpg 2048w\" sizes=\"(max-width: 240px) 100vw, 240px\" \/><\/a><\/p>\n","protected":false},"excerpt":{"rendered":"<p>Inspirada nos uniformes das d\u00e9cadas de 1970 e 1980, a nova camisa listrada resgata elementos cl\u00e1ssicos do futebol com um olhar contempor\u00e2neo. O tecido e a gola remetem \u00e0s antigas camisas de malha, trazendo uma textura que refor\u00e7a o car\u00e1ter hist\u00f3rico do modelo. Entre as listras verdes e brancas, h\u00e1 uma leve marca\u00e7\u00e3o de bordado, detalhe que tamb\u00e9m remete \u00e0 \u00e9poca.<\/p>\n<p>Na manga direita, uma tag dourada com as iniciais ECJ refor\u00e7a a marca do clube, enquanto, nas costas, o 1913 destaca o ano de funda\u00e7\u00e3o. Na parte interna da gola, uma ilustra\u00e7\u00e3o inspirada na Papada homenageia a torcida e sua import\u00e2ncia na hist\u00f3ria e na for\u00e7a do Juventude.<\/p>\n<p>Vem conferir todos esses detalhes nas lojas Na\u00e7\u00e3o Jaconera: no Jaconi e nos shoppings Villagio e Prataviera.<\/p>\n<p>Confira e vista a hist\u00f3ria!<\/p>\n<p>#Juventude2026 #19Treze<\/p>\n","protected":false},"featured_media":8495,"template":"","meta":{"spay_email":""},"yoast_head":"<!-- This site is optimized with the Yoast SEO plugin v15.7 - https:\/\/yoast.com\/wordpress\/plugins\/seo\/ -->\n<title>CAMISA OFICIAL 2026\/1 LISTRADA MASCULINA - Loja do Juventude<\/title>\n<meta name=\"description\" content=\"Diante da maior trag\u00e9dia ambiental no nosso Estado, nossos n\u00fameros v\u00e3o carregar as cores do Rio Grande do Sul, chamando a aten\u00e7\u00e3o para que as colabora\u00e7\u00f5es continuem e as fam\u00edlias atingidas sigam recebendo o suporte para que retomem suas vidas o mais r\u00e1pido poss\u00edvel.\" \/>\n<meta name=\"robots\" content=\"index, follow, max-snippet:-1, max-image-preview:large, max-video-preview:-1\" \/>\n<link rel=\"canonical\" href=\"https:\/\/moderniza.me\/juventude\/product\/camisa-oficial-2026-1-listrada-masculina\/\" \/>\n<meta property=\"og:locale\" content=\"pt_BR\" \/>\n<meta property=\"og:type\" content=\"article\" \/>\n<meta property=\"og:title\" content=\"CAMISA OFICIAL 2026\/1 LISTRADA MASCULINA - Loja do Juventude\" \/>\n<meta property=\"og:description\" content=\"Diante da maior trag\u00e9dia ambiental no nosso Estado, nossos n\u00fameros v\u00e3o carregar as cores do Rio Grande do Sul, chamando a aten\u00e7\u00e3o para que as colabora\u00e7\u00f5es continuem e as fam\u00edlias atingidas sigam recebendo o suporte para que retomem suas vidas o mais r\u00e1pido poss\u00edvel.\" \/>\n<meta property=\"og:url\" content=\"https:\/\/moderniza.me\/juventude\/product\/camisa-oficial-2026-1-listrada-masculina\/\" \/>\n<meta property=\"og:site_name\" content=\"Loja do Juventude\" \/>\n<meta property=\"article:modified_time\" content=\"2026-04-15T11:22:01+00:00\" \/>\n<meta property=\"og:image\" content=\"https:\/\/moderniza.me\/juventude\/wp-content\/uploads\/sites\/45\/2025\/11\/2026-01-masculino-frente-scaled.jpg\" \/>\n\t<meta property=\"og:image:width\" content=\"2048\" \/>\n\t<meta property=\"og:image:height\" content=\"2560\" \/>\n<meta name=\"twitter:card\" content=\"summary_large_image\" \/>\n<meta name=\"twitter:label1\" content=\"Est. reading time\">\n\t<meta name=\"twitter:data1\" content=\"1 minuto\">\n<script type=\"application\/ld+json\" class=\"yoast-schema-graph\">{\"@context\":\"https:\/\/schema.org\",\"@graph\":[{\"@type\":\"WebSite\",\"@id\":\"https:\/\/moderniza.me\/juventude\/#website\",\"url\":\"https:\/\/moderniza.me\/juventude\/\",\"name\":\"Loja do Juventude\",\"description\":\"\",\"potentialAction\":[{\"@type\":\"SearchAction\",\"target\":\"https:\/\/moderniza.me\/juventude\/?s={search_term_string}\",\"query-input\":\"required name=search_term_string\"}],\"inLanguage\":\"pt-BR\"},{\"@type\":\"ImageObject\",\"@id\":\"https:\/\/moderniza.me\/juventude\/product\/camisa-oficial-2026-1-listrada-masculina\/#primaryimage\",\"inLanguage\":\"pt-BR\",\"url\":\"https:\/\/moderniza.me\/juventude\/wp-content\/uploads\/sites\/45\/2025\/11\/2026-01-masculino-frente-scaled.jpg\",\"width\":2048,\"height\":2560},{\"@type\":\"WebPage\",\"@id\":\"https:\/\/moderniza.me\/juventude\/product\/camisa-oficial-2026-1-listrada-masculina\/#webpage\",\"url\":\"https:\/\/moderniza.me\/juventude\/product\/camisa-oficial-2026-1-listrada-masculina\/\",\"name\":\"CAMISA OFICIAL 2026\/1 LISTRADA MASCULINA - Loja do Juventude\",\"isPartOf\":{\"@id\":\"https:\/\/moderniza.me\/juventude\/#website\"},\"primaryImageOfPage\":{\"@id\":\"https:\/\/moderniza.me\/juventude\/product\/camisa-oficial-2026-1-listrada-masculina\/#primaryimage\"},\"datePublished\":\"2025-11-13T12:00:24+00:00\",\"dateModified\":\"2026-04-15T11:22:01+00:00\",\"description\":\"Diante da maior trag\\u00e9dia ambiental no nosso Estado, nossos n\\u00fameros v\\u00e3o carregar as cores do Rio Grande do Sul, chamando a aten\\u00e7\\u00e3o para que as colabora\\u00e7\\u00f5es continuem e as fam\\u00edlias atingidas sigam recebendo o suporte para que retomem suas vidas o mais r\\u00e1pido poss\\u00edvel.\",\"inLanguage\":\"pt-BR\",\"potentialAction\":[{\"@type\":\"ReadAction\",\"target\":[\"https:\/\/moderniza.me\/juventude\/product\/camisa-oficial-2026-1-listrada-masculina\/\"]}]}]}<\/script>\n<!-- \/ Yoast SEO plugin. -->","_links":{"self":[{"href":"https:\/\/moderniza.me\/juventude\/wp-json\/wp\/v2\/product\/8506"}],"collection":[{"href":"https:\/\/moderniza.me\/juventude\/wp-json\/wp\/v2\/product"}],"about":[{"href":"https:\/\/moderniza.me\/juventude\/wp-json\/wp\/v2\/types\/product"}],"wp:featuredmedia":[{"embeddable":true,"href":"https:\/\/moderniza.me\/juventude\/wp-json\/wp\/v2\/media\/8495"}],"wp:attachment":[{"href":"https:\/\/moderniza.me\/juventude\/wp-json\/wp\/v2\/media?parent=8506"}],"curies":[{"name":"wp","href":"https:\/\/api.w.org\/{rel}","templated":true}]}}