
{"id":7605,"date":"2024-11-12T19:08:27","date_gmt":"2024-11-12T22:08:27","guid":{"rendered":"https:\/\/moderniza.me\/juventude\/?post_type=product&#038;p=7605"},"modified":"2025-11-19T18:01:20","modified_gmt":"2025-11-19T21:01:20","slug":"camisa-oficial-2025-2-branca-feminina","status":"publish","type":"product","link":"https:\/\/moderniza.me\/juventude\/product\/camisa-oficial-2025-2-branca-feminina\/","title":{"rendered":"CAMISA OFICIAL 2025\/2 BRANCA FEMININA"},"content":{"rendered":"<p>Apresentamos a nova camisa branca do Juventude 2025\/2, uma homenagem \u00e0 ic\u00f4nica cole\u00e7\u00e3o de 1994, combinando tradi\u00e7\u00e3o com modernidade.<\/p>\n<p>Acompanhe cada jogo com estilo e vista o manto com orgulho!<\/p>\n<p>Camisa Oficial Branca TEMPORADA 2025\u00a0 \u2013 Baby Look Manga Curta<\/p>\n<p><em><strong>Item sem personaliza\u00e7\u00e3o<\/strong><\/em><\/p>\n<p>Medidas Aproximadas FEMININO (Comprimento x Peito x Ombros x Manga)<br \/>\nPP \u2013 58 cm x 44 cm x 36 cm x 15 cm<br \/>\nP \u2013 60 cm x 46 cm x 37,5 cm x 16 cm<br \/>\nM \u2013 62 cm x 48 cm x 39 cm x 17 cm<br \/>\nG \u2013 64 cm x 50 cm x 40,5 cm x 18 cm<br \/>\nGG \u2013 66 cm x 52 cm x 42 cm x 19 cm<br \/>\nXGG \u2013 68 cm x 54 cm x 43,5 cm x 20 cm<\/p>\n","protected":false},"excerpt":{"rendered":"<p>Nova camisa feminina 2025\/2 branca do Juventude<\/p>\n<p>&nbsp;<\/p>\n","protected":false},"featured_media":7612,"template":"","meta":{"spay_email":""},"yoast_head":"<!-- This site is optimized with the Yoast SEO plugin v15.7 - https:\/\/yoast.com\/wordpress\/plugins\/seo\/ -->\n<title>CAMISA OFICIAL 2025\/2 BRANCA FEMININA - Loja do Juventude<\/title>\n<meta name=\"robots\" content=\"index, follow, max-snippet:-1, max-image-preview:large, max-video-preview:-1\" \/>\n<link rel=\"canonical\" href=\"https:\/\/moderniza.me\/juventude\/product\/camisa-oficial-2025-2-branca-feminina\/\" \/>\n<meta property=\"og:locale\" content=\"pt_BR\" \/>\n<meta property=\"og:type\" content=\"article\" \/>\n<meta property=\"og:title\" content=\"CAMISA OFICIAL 2025\/2 BRANCA FEMININA - Loja do Juventude\" \/>\n<meta property=\"og:description\" content=\"Nova camisa feminina 2025\/2 branca do Juventude  &nbsp;\" \/>\n<meta property=\"og:url\" content=\"https:\/\/moderniza.me\/juventude\/product\/camisa-oficial-2025-2-branca-feminina\/\" \/>\n<meta property=\"og:site_name\" content=\"Loja do Juventude\" \/>\n<meta property=\"article:modified_time\" content=\"2025-11-19T21:01:20+00:00\" \/>\n<meta property=\"og:image\" content=\"https:\/\/moderniza.me\/juventude\/wp-content\/uploads\/sites\/45\/2024\/11\/arquivo-jpg.jpg\" \/>\n\t<meta property=\"og:image:width\" content=\"1311\" \/>\n\t<meta property=\"og:image:height\" content=\"896\" \/>\n<meta name=\"twitter:card\" content=\"summary_large_image\" \/>\n<meta name=\"twitter:label1\" content=\"Est. reading time\">\n\t<meta name=\"twitter:data1\" content=\"1 minuto\">\n<script type=\"application\/ld+json\" class=\"yoast-schema-graph\">{\"@context\":\"https:\/\/schema.org\",\"@graph\":[{\"@type\":\"WebSite\",\"@id\":\"https:\/\/moderniza.me\/juventude\/#website\",\"url\":\"https:\/\/moderniza.me\/juventude\/\",\"name\":\"Loja do Juventude\",\"description\":\"\",\"potentialAction\":[{\"@type\":\"SearchAction\",\"target\":\"https:\/\/moderniza.me\/juventude\/?s={search_term_string}\",\"query-input\":\"required name=search_term_string\"}],\"inLanguage\":\"pt-BR\"},{\"@type\":\"ImageObject\",\"@id\":\"https:\/\/moderniza.me\/juventude\/product\/camisa-oficial-2025-2-branca-feminina\/#primaryimage\",\"inLanguage\":\"pt-BR\",\"url\":\"https:\/\/moderniza.me\/juventude\/wp-content\/uploads\/sites\/45\/2024\/11\/arquivo-jpg.jpg\",\"width\":1311,\"height\":896},{\"@type\":\"WebPage\",\"@id\":\"https:\/\/moderniza.me\/juventude\/product\/camisa-oficial-2025-2-branca-feminina\/#webpage\",\"url\":\"https:\/\/moderniza.me\/juventude\/product\/camisa-oficial-2025-2-branca-feminina\/\",\"name\":\"CAMISA OFICIAL 2025\/2 BRANCA FEMININA - Loja do Juventude\",\"isPartOf\":{\"@id\":\"https:\/\/moderniza.me\/juventude\/#website\"},\"primaryImageOfPage\":{\"@id\":\"https:\/\/moderniza.me\/juventude\/product\/camisa-oficial-2025-2-branca-feminina\/#primaryimage\"},\"datePublished\":\"2024-11-12T22:08:27+00:00\",\"dateModified\":\"2025-11-19T21:01:20+00:00\",\"inLanguage\":\"pt-BR\",\"potentialAction\":[{\"@type\":\"ReadAction\",\"target\":[\"https:\/\/moderniza.me\/juventude\/product\/camisa-oficial-2025-2-branca-feminina\/\"]}]}]}<\/script>\n<!-- \/ Yoast SEO plugin. -->","_links":{"self":[{"href":"https:\/\/moderniza.me\/juventude\/wp-json\/wp\/v2\/product\/7605"}],"collection":[{"href":"https:\/\/moderniza.me\/juventude\/wp-json\/wp\/v2\/product"}],"about":[{"href":"https:\/\/moderniza.me\/juventude\/wp-json\/wp\/v2\/types\/product"}],"wp:featuredmedia":[{"embeddable":true,"href":"https:\/\/moderniza.me\/juventude\/wp-json\/wp\/v2\/media\/7612"}],"wp:attachment":[{"href":"https:\/\/moderniza.me\/juventude\/wp-json\/wp\/v2\/media?parent=7605"}],"curies":[{"name":"wp","href":"https:\/\/api.w.org\/{rel}","templated":true}]}}