
{"id":6275,"date":"2023-08-10T20:00:32","date_gmt":"2023-08-10T23:00:32","guid":{"rendered":"https:\/\/moderniza.me\/juventude\/?post_type=product&#038;p=6275"},"modified":"2025-11-19T18:08:00","modified_gmt":"2025-11-19T21:08:00","slug":"camisa-oficial-2023-camisa-1-listrada-baby-look-manga-curta","status":"publish","type":"product","link":"https:\/\/moderniza.me\/juventude\/product\/camisa-oficial-2023-camisa-1-listrada-baby-look-manga-curta\/","title":{"rendered":"CAMISA OFICIAL 2023\/01 &#8211; BABY LOOK MANGA CURTA SEM PERSONALIZA\u00c7\u00c3O"},"content":{"rendered":"<p>Camisa Oficial Listrada TEMPORADA 2023\u00a0 \u2013 Baby Look Manga Curta<\/p>\n<p>INFORMA\u00c7\u00d5ES DO PRODUTO:<br \/>\nNome: Camisa Oficial Listrada TEMPORADA 2023\u00a0 \u2013 Baby Look Manga Curta<br \/>\nMarca: 19Treze<br \/>\nG\u00eanero: Baby Look Feminina<br \/>\nComposi\u00e7\u00e3o: Poli\u00e9ster 100%<br \/>\nGarantia: Contra defeito de fabrica\u00e7\u00e3o<br \/>\n<strong>Obs.: N\u00e3o aceitamos troca, cancelamento e \/ ou devolu\u00e7\u00e3o de camisas personalizadas. Salvo v\u00edcio de qualidade.<\/strong><\/p>\n<p><strong>As medidas podem variar cerca de 5%<\/strong><\/p>\n<p>Medidas Aproximadas FEMININO (Comprimento x Peito x Ombros x Manga)<br \/>\nPP \u2013 58 cm x 44 cm x 36 cm x 15 cm<br \/>\nP \u2013 60 cm x 46 cm x 37,5 cm x 16 cm<br \/>\nM \u2013 62 cm x 48 cm x 39 cm x 17 cm<br \/>\nG \u2013 64 cm x 50 cm x 40,5 cm x 18 cm<br \/>\nGG \u2013 66 cm x 52 cm x 42 cm x 19 cm<br \/>\nXGG \u2013 68 cm x 54 cm x 43,5 cm x 20 cm<\/p>\n","protected":false},"excerpt":{"rendered":"<p><strong>NOVO MANTO DO JUZ\u00c3O PARA A TEMPORADA 2023 GARANTA J\u00c1 O SEU!!<\/strong><\/p>\n<p><strong>ENTREGAS EM CAXIAS DO SUL TEM O PRAZO DE 1 AT\u00c9 3 DIAS \u00daTEIS PARA ENTREGA.\u00a0<\/strong><\/p>\n<p><strong>ENTRE EM CONTATO PARA MAIS INFORMA\u00c7\u00d5ES (54) 99311-1241<\/strong><\/p>\n<p>&nbsp;<\/p>\n","protected":false},"featured_media":6305,"template":"","meta":{"spay_email":""},"yoast_head":"<!-- This site is optimized with the Yoast SEO plugin v15.7 - https:\/\/yoast.com\/wordpress\/plugins\/seo\/ -->\n<title>CAMISA OFICIAL 2023\/01 - BABY LOOK MANGA CURTA SEM PERSONALIZA\u00c7\u00c3O - Loja do Juventude<\/title>\n<meta name=\"robots\" content=\"index, follow, max-snippet:-1, max-image-preview:large, max-video-preview:-1\" \/>\n<link rel=\"canonical\" href=\"https:\/\/moderniza.me\/juventude\/product\/camisa-oficial-2023-camisa-1-listrada-baby-look-manga-curta\/\" \/>\n<meta property=\"og:locale\" content=\"pt_BR\" \/>\n<meta property=\"og:type\" content=\"article\" \/>\n<meta property=\"og:title\" content=\"CAMISA OFICIAL 2023\/01 - BABY LOOK MANGA CURTA SEM PERSONALIZA\u00c7\u00c3O - Loja do Juventude\" \/>\n<meta property=\"og:description\" content=\"NOVO MANTO DO JUZ\u00c3O PARA A TEMPORADA 2023 GARANTA J\u00c1 O SEU!!  ENTREGAS EM CAXIAS DO SUL TEM O PRAZO DE 1 AT\u00c9 3 DIAS \u00daTEIS PARA ENTREGA.\u00a0  ENTRE EM CONTATO PARA MAIS INFORMA\u00c7\u00d5ES (54) 99311-1241  &nbsp;\" \/>\n<meta property=\"og:url\" content=\"https:\/\/moderniza.me\/juventude\/product\/camisa-oficial-2023-camisa-1-listrada-baby-look-manga-curta\/\" \/>\n<meta property=\"og:site_name\" content=\"Loja do Juventude\" \/>\n<meta property=\"article:modified_time\" content=\"2025-11-19T21:08:00+00:00\" \/>\n<meta property=\"og:image\" content=\"https:\/\/moderniza.me\/juventude\/wp-content\/uploads\/sites\/45\/2023\/08\/ECJ-217-1-scaled.jpg\" \/>\n\t<meta property=\"og:image:width\" content=\"1785\" \/>\n\t<meta property=\"og:image:height\" content=\"2560\" \/>\n<meta name=\"twitter:card\" content=\"summary_large_image\" \/>\n<meta name=\"twitter:label1\" content=\"Est. reading time\">\n\t<meta name=\"twitter:data1\" content=\"1 minuto\">\n<script type=\"application\/ld+json\" class=\"yoast-schema-graph\">{\"@context\":\"https:\/\/schema.org\",\"@graph\":[{\"@type\":\"WebSite\",\"@id\":\"https:\/\/moderniza.me\/juventude\/#website\",\"url\":\"https:\/\/moderniza.me\/juventude\/\",\"name\":\"Loja do Juventude\",\"description\":\"\",\"potentialAction\":[{\"@type\":\"SearchAction\",\"target\":\"https:\/\/moderniza.me\/juventude\/?s={search_term_string}\",\"query-input\":\"required name=search_term_string\"}],\"inLanguage\":\"pt-BR\"},{\"@type\":\"ImageObject\",\"@id\":\"https:\/\/moderniza.me\/juventude\/product\/camisa-oficial-2023-camisa-1-listrada-baby-look-manga-curta\/#primaryimage\",\"inLanguage\":\"pt-BR\",\"url\":\"https:\/\/moderniza.me\/juventude\/wp-content\/uploads\/sites\/45\/2023\/08\/ECJ-217-1-scaled.jpg\",\"width\":1785,\"height\":2560},{\"@type\":\"WebPage\",\"@id\":\"https:\/\/moderniza.me\/juventude\/product\/camisa-oficial-2023-camisa-1-listrada-baby-look-manga-curta\/#webpage\",\"url\":\"https:\/\/moderniza.me\/juventude\/product\/camisa-oficial-2023-camisa-1-listrada-baby-look-manga-curta\/\",\"name\":\"CAMISA OFICIAL 2023\/01 - BABY LOOK MANGA CURTA SEM PERSONALIZA\\u00c7\\u00c3O - Loja do Juventude\",\"isPartOf\":{\"@id\":\"https:\/\/moderniza.me\/juventude\/#website\"},\"primaryImageOfPage\":{\"@id\":\"https:\/\/moderniza.me\/juventude\/product\/camisa-oficial-2023-camisa-1-listrada-baby-look-manga-curta\/#primaryimage\"},\"datePublished\":\"2023-08-10T23:00:32+00:00\",\"dateModified\":\"2025-11-19T21:08:00+00:00\",\"inLanguage\":\"pt-BR\",\"potentialAction\":[{\"@type\":\"ReadAction\",\"target\":[\"https:\/\/moderniza.me\/juventude\/product\/camisa-oficial-2023-camisa-1-listrada-baby-look-manga-curta\/\"]}]}]}<\/script>\n<!-- \/ Yoast SEO plugin. -->","_links":{"self":[{"href":"https:\/\/moderniza.me\/juventude\/wp-json\/wp\/v2\/product\/6275"}],"collection":[{"href":"https:\/\/moderniza.me\/juventude\/wp-json\/wp\/v2\/product"}],"about":[{"href":"https:\/\/moderniza.me\/juventude\/wp-json\/wp\/v2\/types\/product"}],"wp:featuredmedia":[{"embeddable":true,"href":"https:\/\/moderniza.me\/juventude\/wp-json\/wp\/v2\/media\/6305"}],"wp:attachment":[{"href":"https:\/\/moderniza.me\/juventude\/wp-json\/wp\/v2\/media?parent=6275"}],"curies":[{"name":"wp","href":"https:\/\/api.w.org\/{rel}","templated":true}]}}