
{"id":6266,"date":"2023-08-10T20:00:08","date_gmt":"2023-08-10T23:00:08","guid":{"rendered":"https:\/\/moderniza.me\/juventude\/?post_type=product&#038;p=6266"},"modified":"2026-01-29T16:49:18","modified_gmt":"2026-01-29T19:49:18","slug":"camisa-oficial-2023-camisa-2-branca-masculina-manga-curta-sem-personalizacao","status":"publish","type":"product","link":"https:\/\/moderniza.me\/juventude\/product\/camisa-oficial-2023-camisa-2-branca-masculina-manga-curta-sem-personalizacao\/","title":{"rendered":"CAMISA OFICIAL 2023\/2 BRANCA &#8211; MASCULINA MANGA CURTA SEM PERSONALIZA\u00c7\u00c3O"},"content":{"rendered":"<p>Camisa Branca Oficial\u00a0 TEMPORADA 2023 &#8211; Masculina Manga Curta<\/p>\n<p>INFORMA\u00c7\u00d5ES DO PRODUTO:<br \/>\nNome: Camisa\u00a0 Branca Oficial\u00a0 TEMPORADA 2023 &#8211; Masculina Manga Curta<br \/>\nMarca: 19Treze<br \/>\nG\u00eanero: Masculina<br \/>\nComposi\u00e7\u00e3o: Poli\u00e9ster 100%<br \/>\nGarantia: Contra defeito de fabrica\u00e7\u00e3o<\/p>\n<p><strong>Obs.: N\u00e3o aceitamos troca, cancelamento e \/ ou devolu\u00e7\u00e3o de camisas personalizadas. Salvo v\u00edcio de qualidade.<\/strong><\/p>\n<p><strong>As medidas podem variar cerca de 5%<\/strong><\/p>\n<p>Medidas Aproximadas MASCULINO (Comprimento x Peito x Ombros)<br \/>\nP \u2013 70 cm x 47,5 cm x 41 cm<br \/>\nM \u2013 72 cm x 49,5 cm x 42,5 cm<br \/>\nG \u2013 74 cm x 51,5 cm x 44 cm<br \/>\nGG \u2013 76 cm x 53,5 cm x 45,5 cm<br \/>\nXGG \u2013 78 cm x 56,5 cm x 47 cm<br \/>\n3XG \u2013 80 cm x 59,5 cm x 48,5 cm<br \/>\n4XG \u2013 82 cm x 62,5 cm x 50 cm<br \/>\n5XG \u2013 84 cm x 65,5 cm x 51,5 cm<\/p>\n","protected":false},"excerpt":{"rendered":"<p><strong>NOVO MANTO OFICIAL DO JUZ\u00c3O PARA A TEMPORADA 2023 GARANTA J\u00c1 O SEU!!<\/strong><\/p>\n<p><strong>PEDIDOS EM CAXIAS DO SUL TEM O PRAZO DE 1 At\u00e9 3 DIAS \u00daTEIS AP\u00d3S CONFIRMA\u00c7\u00c3O DE PAGAMENTO.<\/strong><\/p>\n","protected":false},"featured_media":6322,"template":"","meta":{"spay_email":""},"yoast_head":"<!-- This site is optimized with the Yoast SEO plugin v15.7 - https:\/\/yoast.com\/wordpress\/plugins\/seo\/ -->\n<title>CAMISA OFICIAL 2023\/2 BRANCA - MASCULINA MANGA CURTA SEM PERSONALIZA\u00c7\u00c3O - Loja do Juventude<\/title>\n<meta name=\"robots\" content=\"index, follow, max-snippet:-1, max-image-preview:large, max-video-preview:-1\" \/>\n<link rel=\"canonical\" href=\"https:\/\/moderniza.me\/juventude\/product\/camisa-oficial-2023-camisa-2-branca-masculina-manga-curta-sem-personalizacao\/\" \/>\n<meta property=\"og:locale\" content=\"pt_BR\" \/>\n<meta property=\"og:type\" content=\"article\" \/>\n<meta property=\"og:title\" content=\"CAMISA OFICIAL 2023\/2 BRANCA - MASCULINA MANGA CURTA SEM PERSONALIZA\u00c7\u00c3O - Loja do Juventude\" \/>\n<meta property=\"og:description\" content=\"NOVO MANTO OFICIAL DO JUZ\u00c3O PARA A TEMPORADA 2023 GARANTA J\u00c1 O SEU!!  PEDIDOS EM CAXIAS DO SUL TEM O PRAZO DE 1 At\u00e9 3 DIAS \u00daTEIS AP\u00d3S CONFIRMA\u00c7\u00c3O DE PAGAMENTO.\" \/>\n<meta property=\"og:url\" content=\"https:\/\/moderniza.me\/juventude\/product\/camisa-oficial-2023-camisa-2-branca-masculina-manga-curta-sem-personalizacao\/\" \/>\n<meta property=\"og:site_name\" content=\"Loja do Juventude\" \/>\n<meta property=\"article:modified_time\" content=\"2026-01-29T19:49:18+00:00\" \/>\n<meta property=\"og:image\" content=\"https:\/\/moderniza.me\/juventude\/wp-content\/uploads\/sites\/45\/2023\/08\/ECJ-161-1-scaled.jpg\" \/>\n\t<meta property=\"og:image:width\" content=\"2059\" \/>\n\t<meta property=\"og:image:height\" content=\"2560\" \/>\n<meta name=\"twitter:card\" content=\"summary_large_image\" \/>\n<meta name=\"twitter:label1\" content=\"Est. reading time\">\n\t<meta name=\"twitter:data1\" content=\"1 minuto\">\n<script type=\"application\/ld+json\" class=\"yoast-schema-graph\">{\"@context\":\"https:\/\/schema.org\",\"@graph\":[{\"@type\":\"WebSite\",\"@id\":\"https:\/\/moderniza.me\/juventude\/#website\",\"url\":\"https:\/\/moderniza.me\/juventude\/\",\"name\":\"Loja do Juventude\",\"description\":\"\",\"potentialAction\":[{\"@type\":\"SearchAction\",\"target\":\"https:\/\/moderniza.me\/juventude\/?s={search_term_string}\",\"query-input\":\"required name=search_term_string\"}],\"inLanguage\":\"pt-BR\"},{\"@type\":\"ImageObject\",\"@id\":\"https:\/\/moderniza.me\/juventude\/product\/camisa-oficial-2023-camisa-2-branca-masculina-manga-curta-sem-personalizacao\/#primaryimage\",\"inLanguage\":\"pt-BR\",\"url\":\"https:\/\/moderniza.me\/juventude\/wp-content\/uploads\/sites\/45\/2023\/08\/ECJ-161-1-scaled.jpg\",\"width\":2059,\"height\":2560},{\"@type\":\"WebPage\",\"@id\":\"https:\/\/moderniza.me\/juventude\/product\/camisa-oficial-2023-camisa-2-branca-masculina-manga-curta-sem-personalizacao\/#webpage\",\"url\":\"https:\/\/moderniza.me\/juventude\/product\/camisa-oficial-2023-camisa-2-branca-masculina-manga-curta-sem-personalizacao\/\",\"name\":\"CAMISA OFICIAL 2023\/2 BRANCA - MASCULINA MANGA CURTA SEM PERSONALIZA\\u00c7\\u00c3O - Loja do Juventude\",\"isPartOf\":{\"@id\":\"https:\/\/moderniza.me\/juventude\/#website\"},\"primaryImageOfPage\":{\"@id\":\"https:\/\/moderniza.me\/juventude\/product\/camisa-oficial-2023-camisa-2-branca-masculina-manga-curta-sem-personalizacao\/#primaryimage\"},\"datePublished\":\"2023-08-10T23:00:08+00:00\",\"dateModified\":\"2026-01-29T19:49:18+00:00\",\"inLanguage\":\"pt-BR\",\"potentialAction\":[{\"@type\":\"ReadAction\",\"target\":[\"https:\/\/moderniza.me\/juventude\/product\/camisa-oficial-2023-camisa-2-branca-masculina-manga-curta-sem-personalizacao\/\"]}]}]}<\/script>\n<!-- \/ Yoast SEO plugin. -->","_links":{"self":[{"href":"https:\/\/moderniza.me\/juventude\/wp-json\/wp\/v2\/product\/6266"}],"collection":[{"href":"https:\/\/moderniza.me\/juventude\/wp-json\/wp\/v2\/product"}],"about":[{"href":"https:\/\/moderniza.me\/juventude\/wp-json\/wp\/v2\/types\/product"}],"wp:featuredmedia":[{"embeddable":true,"href":"https:\/\/moderniza.me\/juventude\/wp-json\/wp\/v2\/media\/6322"}],"wp:attachment":[{"href":"https:\/\/moderniza.me\/juventude\/wp-json\/wp\/v2\/media?parent=6266"}],"curies":[{"name":"wp","href":"https:\/\/api.w.org\/{rel}","templated":true}]}}