
{"id":6177,"date":"2022-09-05T15:53:19","date_gmt":"2022-09-05T18:53:19","guid":{"rendered":"https:\/\/moderniza.me\/dinizsemijoias\/product\/pulseira-folheada-a-ouro-com-coracoes\/"},"modified":"2023-10-02T17:32:32","modified_gmt":"2023-10-02T20:32:32","slug":"pulseira-folheada-a-ouro-com-coracoes","status":"publish","type":"product","link":"https:\/\/moderniza.me\/dinizsemijoias\/product\/pulseira-folheada-a-ouro-com-coracoes\/","title":{"rendered":"PULSEIRA FOLHEADA A OURO COM CORA\u00c7\u00d5ES"},"content":{"rendered":"<p>Marca: ROMMANEL<br \/>\nPulseira formada por cora\u00e7\u00f5es vazados ( med. 0,9 x 0,5 cada cora\u00e7\u00e3o). med 19 cm<\/p>\n","protected":false},"excerpt":{"rendered":"<p>PULSEIRA FOLHEADA A OURO COM CORA\u00c7\u00d5ES<\/p>\n","protected":false},"featured_media":6172,"comment_status":"open","ping_status":"closed","template":"","meta":[],"yoast_head":"<!-- This site is optimized with the Yoast SEO plugin v15.7 - https:\/\/yoast.com\/wordpress\/plugins\/seo\/ -->\n<title>PULSEIRA FOLHEADA A OURO COM CORA\u00c7\u00d5ES - Lilian SemiJoias<\/title>\n<meta name=\"robots\" content=\"index, follow, max-snippet:-1, max-image-preview:large, max-video-preview:-1\" \/>\n<link rel=\"canonical\" href=\"https:\/\/moderniza.me\/dinizsemijoias\/product\/pulseira-folheada-a-ouro-com-coracoes\/\" \/>\n<meta property=\"og:locale\" content=\"pt_BR\" \/>\n<meta property=\"og:type\" content=\"article\" \/>\n<meta property=\"og:title\" content=\"PULSEIRA FOLHEADA A OURO COM CORA\u00c7\u00d5ES - Lilian SemiJoias\" \/>\n<meta property=\"og:description\" content=\"PULSEIRA FOLHEADA A OURO COM CORA\u00c7\u00d5ES\" \/>\n<meta property=\"og:url\" content=\"https:\/\/moderniza.me\/dinizsemijoias\/product\/pulseira-folheada-a-ouro-com-coracoes\/\" \/>\n<meta property=\"og:site_name\" content=\"Lilian SemiJoias\" \/>\n<meta property=\"article:modified_time\" content=\"2023-10-02T20:32:32+00:00\" \/>\n<meta name=\"twitter:card\" content=\"summary_large_image\" \/>\n<script type=\"application\/ld+json\" class=\"yoast-schema-graph\">{\"@context\":\"https:\/\/schema.org\",\"@graph\":[{\"@type\":\"WebSite\",\"@id\":\"https:\/\/moderniza.me\/dinizsemijoias\/#website\",\"url\":\"https:\/\/moderniza.me\/dinizsemijoias\/\",\"name\":\"Lilian SemiJoias\",\"description\":\"sua loja preferida agora on-line\",\"potentialAction\":[{\"@type\":\"SearchAction\",\"target\":\"https:\/\/moderniza.me\/dinizsemijoias\/?s={search_term_string}\",\"query-input\":\"required name=search_term_string\"}],\"inLanguage\":\"pt-BR\"},{\"@type\":\"ImageObject\",\"@id\":\"https:\/\/moderniza.me\/dinizsemijoias\/product\/pulseira-folheada-a-ouro-com-coracoes\/#primaryimage\",\"inLanguage\":\"pt-BR\",\"url\":\"https:\/\/moderniza.me\/dinizsemijoias\/wp-content\/uploads\/sites\/95\/2022\/09\/3237_0.png\",\"width\":1000,\"height\":1000},{\"@type\":\"WebPage\",\"@id\":\"https:\/\/moderniza.me\/dinizsemijoias\/product\/pulseira-folheada-a-ouro-com-coracoes\/#webpage\",\"url\":\"https:\/\/moderniza.me\/dinizsemijoias\/product\/pulseira-folheada-a-ouro-com-coracoes\/\",\"name\":\"PULSEIRA FOLHEADA A OURO COM CORA\\u00c7\\u00d5ES - Lilian SemiJoias\",\"isPartOf\":{\"@id\":\"https:\/\/moderniza.me\/dinizsemijoias\/#website\"},\"primaryImageOfPage\":{\"@id\":\"https:\/\/moderniza.me\/dinizsemijoias\/product\/pulseira-folheada-a-ouro-com-coracoes\/#primaryimage\"},\"datePublished\":\"2022-09-05T18:53:19+00:00\",\"dateModified\":\"2023-10-02T20:32:32+00:00\",\"inLanguage\":\"pt-BR\",\"potentialAction\":[{\"@type\":\"ReadAction\",\"target\":[\"https:\/\/moderniza.me\/dinizsemijoias\/product\/pulseira-folheada-a-ouro-com-coracoes\/\"]}]}]}<\/script>\n<!-- \/ Yoast SEO plugin. -->","_links":{"self":[{"href":"https:\/\/moderniza.me\/dinizsemijoias\/wp-json\/wp\/v2\/product\/6177"}],"collection":[{"href":"https:\/\/moderniza.me\/dinizsemijoias\/wp-json\/wp\/v2\/product"}],"about":[{"href":"https:\/\/moderniza.me\/dinizsemijoias\/wp-json\/wp\/v2\/types\/product"}],"replies":[{"embeddable":true,"href":"https:\/\/moderniza.me\/dinizsemijoias\/wp-json\/wp\/v2\/comments?post=6177"}],"wp:featuredmedia":[{"embeddable":true,"href":"https:\/\/moderniza.me\/dinizsemijoias\/wp-json\/wp\/v2\/media\/6172"}],"wp:attachment":[{"href":"https:\/\/moderniza.me\/dinizsemijoias\/wp-json\/wp\/v2\/media?parent=6177"}],"curies":[{"name":"wp","href":"https:\/\/api.w.org\/{rel}","templated":true}]}}