
{"id":5934,"date":"2022-09-02T16:46:47","date_gmt":"2022-09-02T19:46:47","guid":{"rendered":"https:\/\/moderniza.me\/dinizsemijoias\/product\/anel-skinny-ring-infinito-folheado-a-platina\/"},"modified":"2023-10-02T17:30:30","modified_gmt":"2023-10-02T20:30:30","slug":"anel-skinny-ring-infinito-folheado-a-platina","status":"publish","type":"product","link":"https:\/\/moderniza.me\/dinizsemijoias\/product\/anel-skinny-ring-infinito-folheado-a-platina\/","title":{"rendered":"ANEL SKINNY RING INFINITO FOLHEADO A PLATINA"},"content":{"rendered":"<p>Marca: ROMMANEL<br \/>\nAnel skinny ring infinito, formado por quatro s\u00edmbolos do infinito intercalados com cora\u00e7\u00f5es.<\/p>\n","protected":false},"excerpt":{"rendered":"<p>ANEL SKINNY RING INFINITO FOLHEADO A PLATINA <\/p>\n","protected":false},"featured_media":5929,"comment_status":"open","ping_status":"closed","template":"","meta":[],"yoast_head":"<!-- This site is optimized with the Yoast SEO plugin v15.7 - https:\/\/yoast.com\/wordpress\/plugins\/seo\/ -->\n<title>ANEL SKINNY RING INFINITO FOLHEADO A PLATINA - Lilian SemiJoias<\/title>\n<meta name=\"robots\" content=\"index, follow, max-snippet:-1, max-image-preview:large, max-video-preview:-1\" \/>\n<link rel=\"canonical\" href=\"https:\/\/moderniza.me\/dinizsemijoias\/product\/anel-skinny-ring-infinito-folheado-a-platina\/\" \/>\n<meta property=\"og:locale\" content=\"pt_BR\" \/>\n<meta property=\"og:type\" content=\"article\" \/>\n<meta property=\"og:title\" content=\"ANEL SKINNY RING INFINITO FOLHEADO A PLATINA - Lilian SemiJoias\" \/>\n<meta property=\"og:description\" content=\"ANEL SKINNY RING INFINITO FOLHEADO A PLATINA\" \/>\n<meta property=\"og:url\" content=\"https:\/\/moderniza.me\/dinizsemijoias\/product\/anel-skinny-ring-infinito-folheado-a-platina\/\" \/>\n<meta property=\"og:site_name\" content=\"Lilian SemiJoias\" \/>\n<meta property=\"article:modified_time\" content=\"2023-10-02T20:30:30+00:00\" \/>\n<meta name=\"twitter:card\" content=\"summary_large_image\" \/>\n<script type=\"application\/ld+json\" class=\"yoast-schema-graph\">{\"@context\":\"https:\/\/schema.org\",\"@graph\":[{\"@type\":\"WebSite\",\"@id\":\"https:\/\/moderniza.me\/dinizsemijoias\/#website\",\"url\":\"https:\/\/moderniza.me\/dinizsemijoias\/\",\"name\":\"Lilian SemiJoias\",\"description\":\"sua loja preferida agora on-line\",\"potentialAction\":[{\"@type\":\"SearchAction\",\"target\":\"https:\/\/moderniza.me\/dinizsemijoias\/?s={search_term_string}\",\"query-input\":\"required name=search_term_string\"}],\"inLanguage\":\"pt-BR\"},{\"@type\":\"ImageObject\",\"@id\":\"https:\/\/moderniza.me\/dinizsemijoias\/product\/anel-skinny-ring-infinito-folheado-a-platina\/#primaryimage\",\"inLanguage\":\"pt-BR\",\"url\":\"https:\/\/moderniza.me\/dinizsemijoias\/wp-content\/uploads\/sites\/95\/2022\/09\/4307_0.png\",\"width\":1000,\"height\":1000},{\"@type\":\"WebPage\",\"@id\":\"https:\/\/moderniza.me\/dinizsemijoias\/product\/anel-skinny-ring-infinito-folheado-a-platina\/#webpage\",\"url\":\"https:\/\/moderniza.me\/dinizsemijoias\/product\/anel-skinny-ring-infinito-folheado-a-platina\/\",\"name\":\"ANEL SKINNY RING INFINITO FOLHEADO A PLATINA - Lilian SemiJoias\",\"isPartOf\":{\"@id\":\"https:\/\/moderniza.me\/dinizsemijoias\/#website\"},\"primaryImageOfPage\":{\"@id\":\"https:\/\/moderniza.me\/dinizsemijoias\/product\/anel-skinny-ring-infinito-folheado-a-platina\/#primaryimage\"},\"datePublished\":\"2022-09-02T19:46:47+00:00\",\"dateModified\":\"2023-10-02T20:30:30+00:00\",\"inLanguage\":\"pt-BR\",\"potentialAction\":[{\"@type\":\"ReadAction\",\"target\":[\"https:\/\/moderniza.me\/dinizsemijoias\/product\/anel-skinny-ring-infinito-folheado-a-platina\/\"]}]}]}<\/script>\n<!-- \/ Yoast SEO plugin. -->","_links":{"self":[{"href":"https:\/\/moderniza.me\/dinizsemijoias\/wp-json\/wp\/v2\/product\/5934"}],"collection":[{"href":"https:\/\/moderniza.me\/dinizsemijoias\/wp-json\/wp\/v2\/product"}],"about":[{"href":"https:\/\/moderniza.me\/dinizsemijoias\/wp-json\/wp\/v2\/types\/product"}],"replies":[{"embeddable":true,"href":"https:\/\/moderniza.me\/dinizsemijoias\/wp-json\/wp\/v2\/comments?post=5934"}],"wp:featuredmedia":[{"embeddable":true,"href":"https:\/\/moderniza.me\/dinizsemijoias\/wp-json\/wp\/v2\/media\/5929"}],"wp:attachment":[{"href":"https:\/\/moderniza.me\/dinizsemijoias\/wp-json\/wp\/v2\/media?parent=5934"}],"curies":[{"name":"wp","href":"https:\/\/api.w.org\/{rel}","templated":true}]}}