
{"id":5880,"date":"2022-09-02T15:45:00","date_gmt":"2022-09-02T18:45:00","guid":{"rendered":"https:\/\/moderniza.me\/dinizsemijoias\/product\/anel-skinny-ring-folheado-a-rhodium-com-coracao-branco\/"},"modified":"2023-02-24T11:32:56","modified_gmt":"2023-02-24T14:32:56","slug":"anel-skinny-ring-folheado-a-rhodium-com-coracao-branco","status":"publish","type":"product","link":"https:\/\/moderniza.me\/dinizsemijoias\/product\/anel-skinny-ring-folheado-a-rhodium-com-coracao-branco\/","title":{"rendered":"ANEL SKINNY RING FOLHEADO A RHODIUM COM CORA\u00c7\u00c3O BRANCO"},"content":{"rendered":"<p>Marca: ROMMANEL<br \/>\nAnel skinny ring composto por cora\u00e7\u00e3o cravejado por 1 zirc\u00f4nia de 1,25 mm ao centro.<\/p>\n","protected":false},"excerpt":{"rendered":"<p>ANEL SKINNY RING FOLHEADO A RHODIUM COM CORA\u00c7\u00c3O BRANCO <\/p>\n","protected":false},"featured_media":5875,"comment_status":"open","ping_status":"closed","template":"","meta":[],"yoast_head":"<!-- This site is optimized with the Yoast SEO plugin v15.7 - https:\/\/yoast.com\/wordpress\/plugins\/seo\/ -->\n<title>ANEL SKINNY RING FOLHEADO A RHODIUM COM CORA\u00c7\u00c3O BRANCO - Lilian SemiJoias<\/title>\n<meta name=\"robots\" content=\"index, follow, max-snippet:-1, max-image-preview:large, max-video-preview:-1\" \/>\n<link rel=\"canonical\" href=\"https:\/\/moderniza.me\/dinizsemijoias\/product\/anel-skinny-ring-folheado-a-rhodium-com-coracao-branco\/\" \/>\n<meta property=\"og:locale\" content=\"pt_BR\" \/>\n<meta property=\"og:type\" content=\"article\" \/>\n<meta property=\"og:title\" content=\"ANEL SKINNY RING FOLHEADO A RHODIUM COM CORA\u00c7\u00c3O BRANCO - Lilian SemiJoias\" \/>\n<meta property=\"og:description\" content=\"ANEL SKINNY RING FOLHEADO A RHODIUM COM CORA\u00c7\u00c3O BRANCO\" \/>\n<meta property=\"og:url\" content=\"https:\/\/moderniza.me\/dinizsemijoias\/product\/anel-skinny-ring-folheado-a-rhodium-com-coracao-branco\/\" \/>\n<meta property=\"og:site_name\" content=\"Lilian SemiJoias\" \/>\n<meta property=\"article:modified_time\" content=\"2023-02-24T14:32:56+00:00\" \/>\n<meta name=\"twitter:card\" content=\"summary_large_image\" \/>\n<script type=\"application\/ld+json\" class=\"yoast-schema-graph\">{\"@context\":\"https:\/\/schema.org\",\"@graph\":[{\"@type\":\"WebSite\",\"@id\":\"https:\/\/moderniza.me\/dinizsemijoias\/#website\",\"url\":\"https:\/\/moderniza.me\/dinizsemijoias\/\",\"name\":\"Lilian SemiJoias\",\"description\":\"sua loja preferida agora on-line\",\"potentialAction\":[{\"@type\":\"SearchAction\",\"target\":\"https:\/\/moderniza.me\/dinizsemijoias\/?s={search_term_string}\",\"query-input\":\"required name=search_term_string\"}],\"inLanguage\":\"pt-BR\"},{\"@type\":\"ImageObject\",\"@id\":\"https:\/\/moderniza.me\/dinizsemijoias\/product\/anel-skinny-ring-folheado-a-rhodium-com-coracao-branco\/#primaryimage\",\"inLanguage\":\"pt-BR\",\"url\":\"https:\/\/moderniza.me\/dinizsemijoias\/wp-content\/uploads\/sites\/95\/2022\/09\/4670_0.png\",\"width\":1000,\"height\":1000},{\"@type\":\"WebPage\",\"@id\":\"https:\/\/moderniza.me\/dinizsemijoias\/product\/anel-skinny-ring-folheado-a-rhodium-com-coracao-branco\/#webpage\",\"url\":\"https:\/\/moderniza.me\/dinizsemijoias\/product\/anel-skinny-ring-folheado-a-rhodium-com-coracao-branco\/\",\"name\":\"ANEL SKINNY RING FOLHEADO A RHODIUM COM CORA\\u00c7\\u00c3O BRANCO - Lilian SemiJoias\",\"isPartOf\":{\"@id\":\"https:\/\/moderniza.me\/dinizsemijoias\/#website\"},\"primaryImageOfPage\":{\"@id\":\"https:\/\/moderniza.me\/dinizsemijoias\/product\/anel-skinny-ring-folheado-a-rhodium-com-coracao-branco\/#primaryimage\"},\"datePublished\":\"2022-09-02T18:45:00+00:00\",\"dateModified\":\"2023-02-24T14:32:56+00:00\",\"inLanguage\":\"pt-BR\",\"potentialAction\":[{\"@type\":\"ReadAction\",\"target\":[\"https:\/\/moderniza.me\/dinizsemijoias\/product\/anel-skinny-ring-folheado-a-rhodium-com-coracao-branco\/\"]}]}]}<\/script>\n<!-- \/ Yoast SEO plugin. -->","_links":{"self":[{"href":"https:\/\/moderniza.me\/dinizsemijoias\/wp-json\/wp\/v2\/product\/5880"}],"collection":[{"href":"https:\/\/moderniza.me\/dinizsemijoias\/wp-json\/wp\/v2\/product"}],"about":[{"href":"https:\/\/moderniza.me\/dinizsemijoias\/wp-json\/wp\/v2\/types\/product"}],"replies":[{"embeddable":true,"href":"https:\/\/moderniza.me\/dinizsemijoias\/wp-json\/wp\/v2\/comments?post=5880"}],"wp:featuredmedia":[{"embeddable":true,"href":"https:\/\/moderniza.me\/dinizsemijoias\/wp-json\/wp\/v2\/media\/5875"}],"wp:attachment":[{"href":"https:\/\/moderniza.me\/dinizsemijoias\/wp-json\/wp\/v2\/media?parent=5880"}],"curies":[{"name":"wp","href":"https:\/\/api.w.org\/{rel}","templated":true}]}}