
{"id":5688,"date":"2022-09-01T15:15:53","date_gmt":"2022-09-01T18:15:53","guid":{"rendered":"https:\/\/moderniza.me\/dinizsemijoias\/product\/anel-folheado-a-rhodium-com-perola\/"},"modified":"2023-10-02T17:30:18","modified_gmt":"2023-10-02T20:30:18","slug":"anel-folheado-a-rhodium-com-perola","status":"publish","type":"product","link":"https:\/\/moderniza.me\/dinizsemijoias\/product\/anel-folheado-a-rhodium-com-perola\/","title":{"rendered":"ANEL FOLHEADO A RHODIUM COM P\u00c9ROLA"},"content":{"rendered":"<p>Marca: ROMMANEL<br \/>\nAnel solit\u00e1rio com p\u00e9rola sint\u00e9tica de 6mm.<\/p>\n","protected":false},"excerpt":{"rendered":"<p>ANEL FOLHEADO A RHODIUM COM P\u00c9ROLA <\/p>\n","protected":false},"featured_media":5686,"comment_status":"open","ping_status":"closed","template":"","meta":[],"yoast_head":"<!-- This site is optimized with the Yoast SEO plugin v15.7 - https:\/\/yoast.com\/wordpress\/plugins\/seo\/ -->\n<title>ANEL FOLHEADO A RHODIUM COM P\u00c9ROLA - Lilian SemiJoias<\/title>\n<meta name=\"robots\" content=\"index, follow, max-snippet:-1, max-image-preview:large, max-video-preview:-1\" \/>\n<link rel=\"canonical\" href=\"https:\/\/moderniza.me\/dinizsemijoias\/product\/anel-folheado-a-rhodium-com-perola\/\" \/>\n<meta property=\"og:locale\" content=\"pt_BR\" \/>\n<meta property=\"og:type\" content=\"article\" \/>\n<meta property=\"og:title\" content=\"ANEL FOLHEADO A RHODIUM COM P\u00c9ROLA - Lilian SemiJoias\" \/>\n<meta property=\"og:description\" content=\"ANEL FOLHEADO A RHODIUM COM P\u00c9ROLA\" \/>\n<meta property=\"og:url\" content=\"https:\/\/moderniza.me\/dinizsemijoias\/product\/anel-folheado-a-rhodium-com-perola\/\" \/>\n<meta property=\"og:site_name\" content=\"Lilian SemiJoias\" \/>\n<meta property=\"article:modified_time\" content=\"2023-10-02T20:30:18+00:00\" \/>\n<meta property=\"og:image\" content=\"https:\/\/moderniza.me\/dinizsemijoias\/wp-content\/uploads\/sites\/95\/2022\/09\/4624_0.png\" \/>\n\t<meta property=\"og:image:width\" content=\"1000\" \/>\n\t<meta property=\"og:image:height\" content=\"1000\" \/>\n<meta name=\"twitter:card\" content=\"summary_large_image\" \/>\n<script type=\"application\/ld+json\" class=\"yoast-schema-graph\">{\"@context\":\"https:\/\/schema.org\",\"@graph\":[{\"@type\":\"WebSite\",\"@id\":\"https:\/\/moderniza.me\/dinizsemijoias\/#website\",\"url\":\"https:\/\/moderniza.me\/dinizsemijoias\/\",\"name\":\"Lilian SemiJoias\",\"description\":\"sua loja preferida agora on-line\",\"potentialAction\":[{\"@type\":\"SearchAction\",\"target\":\"https:\/\/moderniza.me\/dinizsemijoias\/?s={search_term_string}\",\"query-input\":\"required name=search_term_string\"}],\"inLanguage\":\"pt-BR\"},{\"@type\":\"ImageObject\",\"@id\":\"https:\/\/moderniza.me\/dinizsemijoias\/product\/anel-folheado-a-rhodium-com-perola\/#primaryimage\",\"inLanguage\":\"pt-BR\",\"url\":\"https:\/\/moderniza.me\/dinizsemijoias\/wp-content\/uploads\/sites\/95\/2022\/09\/4624_0.png\",\"width\":1000,\"height\":1000},{\"@type\":\"WebPage\",\"@id\":\"https:\/\/moderniza.me\/dinizsemijoias\/product\/anel-folheado-a-rhodium-com-perola\/#webpage\",\"url\":\"https:\/\/moderniza.me\/dinizsemijoias\/product\/anel-folheado-a-rhodium-com-perola\/\",\"name\":\"ANEL FOLHEADO A RHODIUM COM P\\u00c9ROLA - Lilian SemiJoias\",\"isPartOf\":{\"@id\":\"https:\/\/moderniza.me\/dinizsemijoias\/#website\"},\"primaryImageOfPage\":{\"@id\":\"https:\/\/moderniza.me\/dinizsemijoias\/product\/anel-folheado-a-rhodium-com-perola\/#primaryimage\"},\"datePublished\":\"2022-09-01T18:15:53+00:00\",\"dateModified\":\"2023-10-02T20:30:18+00:00\",\"inLanguage\":\"pt-BR\",\"potentialAction\":[{\"@type\":\"ReadAction\",\"target\":[\"https:\/\/moderniza.me\/dinizsemijoias\/product\/anel-folheado-a-rhodium-com-perola\/\"]}]}]}<\/script>\n<!-- \/ Yoast SEO plugin. -->","_links":{"self":[{"href":"https:\/\/moderniza.me\/dinizsemijoias\/wp-json\/wp\/v2\/product\/5688"}],"collection":[{"href":"https:\/\/moderniza.me\/dinizsemijoias\/wp-json\/wp\/v2\/product"}],"about":[{"href":"https:\/\/moderniza.me\/dinizsemijoias\/wp-json\/wp\/v2\/types\/product"}],"replies":[{"embeddable":true,"href":"https:\/\/moderniza.me\/dinizsemijoias\/wp-json\/wp\/v2\/comments?post=5688"}],"wp:featuredmedia":[{"embeddable":true,"href":"https:\/\/moderniza.me\/dinizsemijoias\/wp-json\/wp\/v2\/media\/5686"}],"wp:attachment":[{"href":"https:\/\/moderniza.me\/dinizsemijoias\/wp-json\/wp\/v2\/media?parent=5688"}],"curies":[{"name":"wp","href":"https:\/\/api.w.org\/{rel}","templated":true}]}}