
{"id":3553,"date":"2022-03-17T10:46:18","date_gmt":"2022-03-17T13:46:18","guid":{"rendered":"https:\/\/moderniza.me\/dinizsemijoias\/product\/anel-skinny-ring-folheado-a-ouro-com-coracao-e-zirconias\/"},"modified":"2025-01-14T16:16:20","modified_gmt":"2025-01-14T19:16:20","slug":"anel-skinny-ring-folheado-a-ouro-com-coracao-e-zirconias","status":"publish","type":"product","link":"https:\/\/moderniza.me\/dinizsemijoias\/product\/anel-skinny-ring-folheado-a-ouro-com-coracao-e-zirconias\/","title":{"rendered":"Anel skinny ring folheado a ouro com cora\u00e7\u00e3o e zirc\u00f4nias"},"content":{"rendered":"<p>Marca: ROMMANEL<br \/>\nAnel skinny ring com detalhe de &#8220;cora\u00e7\u00e3o&#8221; cravejado por 13 zirc\u00f4nias de 1,25mm.<\/p>\n","protected":false},"excerpt":{"rendered":"<p>Anel skinny ring folheado a ouro com cora\u00e7\u00e3o e zirc\u00f4nias<\/p>\n","protected":false},"featured_media":3542,"comment_status":"open","ping_status":"closed","template":"","meta":[],"yoast_head":"<!-- This site is optimized with the Yoast SEO plugin v15.7 - https:\/\/yoast.com\/wordpress\/plugins\/seo\/ -->\n<title>Anel skinny ring folheado a ouro com cora\u00e7\u00e3o e zirc\u00f4nias - Lilian SemiJoias<\/title>\n<meta name=\"robots\" content=\"index, follow, max-snippet:-1, max-image-preview:large, max-video-preview:-1\" \/>\n<link rel=\"canonical\" href=\"https:\/\/moderniza.me\/dinizsemijoias\/product\/anel-skinny-ring-folheado-a-ouro-com-coracao-e-zirconias\/\" \/>\n<meta property=\"og:locale\" content=\"pt_BR\" \/>\n<meta property=\"og:type\" content=\"article\" \/>\n<meta property=\"og:title\" content=\"Anel skinny ring folheado a ouro com cora\u00e7\u00e3o e zirc\u00f4nias - Lilian SemiJoias\" \/>\n<meta property=\"og:description\" content=\"Anel skinny ring folheado a ouro com cora\u00e7\u00e3o e zirc\u00f4nias\" \/>\n<meta property=\"og:url\" content=\"https:\/\/moderniza.me\/dinizsemijoias\/product\/anel-skinny-ring-folheado-a-ouro-com-coracao-e-zirconias\/\" \/>\n<meta property=\"og:site_name\" content=\"Lilian SemiJoias\" \/>\n<meta property=\"article:modified_time\" content=\"2025-01-14T19:16:20+00:00\" \/>\n<meta property=\"og:image\" content=\"https:\/\/moderniza.me\/dinizsemijoias\/wp-content\/uploads\/sites\/95\/2022\/03\/3161_0.jpg\" \/>\n\t<meta property=\"og:image:width\" content=\"1000\" \/>\n\t<meta property=\"og:image:height\" content=\"1000\" \/>\n<meta name=\"twitter:card\" content=\"summary_large_image\" \/>\n<script type=\"application\/ld+json\" class=\"yoast-schema-graph\">{\"@context\":\"https:\/\/schema.org\",\"@graph\":[{\"@type\":\"WebSite\",\"@id\":\"https:\/\/moderniza.me\/dinizsemijoias\/#website\",\"url\":\"https:\/\/moderniza.me\/dinizsemijoias\/\",\"name\":\"Lilian SemiJoias\",\"description\":\"sua loja preferida agora on-line\",\"potentialAction\":[{\"@type\":\"SearchAction\",\"target\":\"https:\/\/moderniza.me\/dinizsemijoias\/?s={search_term_string}\",\"query-input\":\"required name=search_term_string\"}],\"inLanguage\":\"pt-BR\"},{\"@type\":\"ImageObject\",\"@id\":\"https:\/\/moderniza.me\/dinizsemijoias\/product\/anel-skinny-ring-folheado-a-ouro-com-coracao-e-zirconias\/#primaryimage\",\"inLanguage\":\"pt-BR\",\"url\":\"https:\/\/moderniza.me\/dinizsemijoias\/wp-content\/uploads\/sites\/95\/2022\/03\/3161_0.jpg\",\"width\":1000,\"height\":1000},{\"@type\":\"WebPage\",\"@id\":\"https:\/\/moderniza.me\/dinizsemijoias\/product\/anel-skinny-ring-folheado-a-ouro-com-coracao-e-zirconias\/#webpage\",\"url\":\"https:\/\/moderniza.me\/dinizsemijoias\/product\/anel-skinny-ring-folheado-a-ouro-com-coracao-e-zirconias\/\",\"name\":\"Anel skinny ring folheado a ouro com cora\\u00e7\\u00e3o e zirc\\u00f4nias - Lilian SemiJoias\",\"isPartOf\":{\"@id\":\"https:\/\/moderniza.me\/dinizsemijoias\/#website\"},\"primaryImageOfPage\":{\"@id\":\"https:\/\/moderniza.me\/dinizsemijoias\/product\/anel-skinny-ring-folheado-a-ouro-com-coracao-e-zirconias\/#primaryimage\"},\"datePublished\":\"2022-03-17T13:46:18+00:00\",\"dateModified\":\"2025-01-14T19:16:20+00:00\",\"inLanguage\":\"pt-BR\",\"potentialAction\":[{\"@type\":\"ReadAction\",\"target\":[\"https:\/\/moderniza.me\/dinizsemijoias\/product\/anel-skinny-ring-folheado-a-ouro-com-coracao-e-zirconias\/\"]}]}]}<\/script>\n<!-- \/ Yoast SEO plugin. -->","_links":{"self":[{"href":"https:\/\/moderniza.me\/dinizsemijoias\/wp-json\/wp\/v2\/product\/3553"}],"collection":[{"href":"https:\/\/moderniza.me\/dinizsemijoias\/wp-json\/wp\/v2\/product"}],"about":[{"href":"https:\/\/moderniza.me\/dinizsemijoias\/wp-json\/wp\/v2\/types\/product"}],"replies":[{"embeddable":true,"href":"https:\/\/moderniza.me\/dinizsemijoias\/wp-json\/wp\/v2\/comments?post=3553"}],"wp:featuredmedia":[{"embeddable":true,"href":"https:\/\/moderniza.me\/dinizsemijoias\/wp-json\/wp\/v2\/media\/3542"}],"wp:attachment":[{"href":"https:\/\/moderniza.me\/dinizsemijoias\/wp-json\/wp\/v2\/media?parent=3553"}],"curies":[{"name":"wp","href":"https:\/\/api.w.org\/{rel}","templated":true}]}}