
{"id":3061,"date":"2022-03-14T07:58:53","date_gmt":"2022-03-14T10:58:53","guid":{"rendered":"https:\/\/moderniza.me\/dinizsemijoias\/product\/anel-folheado-a-ouro-formado-por-folhas\/"},"modified":"2025-03-24T14:59:15","modified_gmt":"2025-03-24T17:59:15","slug":"anel-folheado-a-ouro-formado-por-folhas","status":"publish","type":"product","link":"https:\/\/moderniza.me\/dinizsemijoias\/product\/anel-folheado-a-ouro-formado-por-folhas\/","title":{"rendered":"Anel folheado a ouro formado por folhas"},"content":{"rendered":"<p>Marca: ROMMANEL<br \/>\nA cole\u00e7\u00e3o permanente rommanel traz joias tradicionais, que independem da moda para serem atuais! os tr\u00eas banhos de ouro garantem \u00e0s joias rommanel satisfa\u00e7\u00e3o e acabamento similar ao ouro maci\u00e7o. esse diferencial faz com que as alian\u00e7as, an\u00e9is e outros modelos tenham lugar garantido.<\/p>\n","protected":false},"excerpt":{"rendered":"<p>Anel folheado a ouro formado por folhas<\/p>\n","protected":false},"featured_media":3117,"comment_status":"open","ping_status":"closed","template":"","meta":[],"yoast_head":"<!-- This site is optimized with the Yoast SEO plugin v15.7 - https:\/\/yoast.com\/wordpress\/plugins\/seo\/ -->\n<title>Anel folheado a ouro formado por folhas - Lilian SemiJoias<\/title>\n<meta name=\"robots\" content=\"index, follow, max-snippet:-1, max-image-preview:large, max-video-preview:-1\" \/>\n<link rel=\"canonical\" href=\"https:\/\/moderniza.me\/dinizsemijoias\/product\/anel-folheado-a-ouro-formado-por-folhas\/\" \/>\n<meta property=\"og:locale\" content=\"pt_BR\" \/>\n<meta property=\"og:type\" content=\"article\" \/>\n<meta property=\"og:title\" content=\"Anel folheado a ouro formado por folhas - Lilian SemiJoias\" \/>\n<meta property=\"og:description\" content=\"Anel folheado a ouro formado por folhas\" \/>\n<meta property=\"og:url\" content=\"https:\/\/moderniza.me\/dinizsemijoias\/product\/anel-folheado-a-ouro-formado-por-folhas\/\" \/>\n<meta property=\"og:site_name\" content=\"Lilian SemiJoias\" \/>\n<meta property=\"article:modified_time\" content=\"2025-03-24T17:59:15+00:00\" \/>\n<meta name=\"twitter:card\" content=\"summary_large_image\" \/>\n<script type=\"application\/ld+json\" class=\"yoast-schema-graph\">{\"@context\":\"https:\/\/schema.org\",\"@graph\":[{\"@type\":\"WebSite\",\"@id\":\"https:\/\/moderniza.me\/dinizsemijoias\/#website\",\"url\":\"https:\/\/moderniza.me\/dinizsemijoias\/\",\"name\":\"Lilian SemiJoias\",\"description\":\"sua loja preferida agora on-line\",\"potentialAction\":[{\"@type\":\"SearchAction\",\"target\":\"https:\/\/moderniza.me\/dinizsemijoias\/?s={search_term_string}\",\"query-input\":\"required name=search_term_string\"}],\"inLanguage\":\"pt-BR\"},{\"@type\":\"ImageObject\",\"@id\":\"https:\/\/moderniza.me\/dinizsemijoias\/product\/anel-folheado-a-ouro-formado-por-folhas\/#primaryimage\",\"inLanguage\":\"pt-BR\",\"url\":\"https:\/\/moderniza.me\/dinizsemijoias\/wp-content\/uploads\/sites\/95\/2022\/03\/3146_0.jpg\",\"width\":1000,\"height\":1000},{\"@type\":\"WebPage\",\"@id\":\"https:\/\/moderniza.me\/dinizsemijoias\/product\/anel-folheado-a-ouro-formado-por-folhas\/#webpage\",\"url\":\"https:\/\/moderniza.me\/dinizsemijoias\/product\/anel-folheado-a-ouro-formado-por-folhas\/\",\"name\":\"Anel folheado a ouro formado por folhas - Lilian SemiJoias\",\"isPartOf\":{\"@id\":\"https:\/\/moderniza.me\/dinizsemijoias\/#website\"},\"primaryImageOfPage\":{\"@id\":\"https:\/\/moderniza.me\/dinizsemijoias\/product\/anel-folheado-a-ouro-formado-por-folhas\/#primaryimage\"},\"datePublished\":\"2022-03-14T10:58:53+00:00\",\"dateModified\":\"2025-03-24T17:59:15+00:00\",\"inLanguage\":\"pt-BR\",\"potentialAction\":[{\"@type\":\"ReadAction\",\"target\":[\"https:\/\/moderniza.me\/dinizsemijoias\/product\/anel-folheado-a-ouro-formado-por-folhas\/\"]}]}]}<\/script>\n<!-- \/ Yoast SEO plugin. -->","_links":{"self":[{"href":"https:\/\/moderniza.me\/dinizsemijoias\/wp-json\/wp\/v2\/product\/3061"}],"collection":[{"href":"https:\/\/moderniza.me\/dinizsemijoias\/wp-json\/wp\/v2\/product"}],"about":[{"href":"https:\/\/moderniza.me\/dinizsemijoias\/wp-json\/wp\/v2\/types\/product"}],"replies":[{"embeddable":true,"href":"https:\/\/moderniza.me\/dinizsemijoias\/wp-json\/wp\/v2\/comments?post=3061"}],"wp:featuredmedia":[{"embeddable":true,"href":"https:\/\/moderniza.me\/dinizsemijoias\/wp-json\/wp\/v2\/media\/3117"}],"wp:attachment":[{"href":"https:\/\/moderniza.me\/dinizsemijoias\/wp-json\/wp\/v2\/media?parent=3061"}],"curies":[{"name":"wp","href":"https:\/\/api.w.org\/{rel}","templated":true}]}}